{"id":4168,"date":"2025-10-14T11:48:32","date_gmt":"2025-10-14T09:48:32","guid":{"rendered":"https:\/\/www.markuspassion.org\/2027-bachfest-leipzig\/"},"modified":"2026-03-19T13:31:33","modified_gmt":"2026-03-19T11:31:33","slug":"2027-bachfest-leipzig","status":"publish","type":"page","link":"https:\/\/markuspassion.org\/it\/2027-bachfest-leipzig\/","title":{"rendered":"2027 \u2013 Bachfest Leipzig"},"content":{"rendered":"<div class=\"fusion-fullwidth fullwidth-box fusion-builder-row-1 fusion-flex-container has-pattern-background has-mask-background nonhundred-percent-fullwidth non-hundred-percent-height-scrolling\" style=\"--awb-border-radius-top-left:0px;--awb-border-radius-top-right:0px;--awb-border-radius-bottom-right:0px;--awb-border-radius-bottom-left:0px;--awb-padding-top:10%;--awb-padding-right:30%;--awb-padding-left:30%;--awb-padding-top-medium:20%;--awb-padding-right-medium:7%;--awb-padding-left-medium:7%;--awb-padding-top-small:22%;--awb-padding-right-small:7%;--awb-padding-left-small:7%;--awb-flex-wrap:wrap;\" ><div class=\"fusion-builder-row fusion-row fusion-flex-align-items-flex-start fusion-flex-content-wrap\" style=\"max-width:1248px;margin-left: calc(-4% \/ 2 );margin-right: calc(-4% \/ 2 );\"><div class=\"fusion-layout-column fusion_builder_column fusion-builder-column-0 fusion_builder_column_1_1 1_1 fusion-flex-column\" style=\"--awb-bg-blend:overlay;--awb-bg-size:cover;--awb-width-large:100%;--awb-margin-top-large:0px;--awb-spacing-right-large:1.92%;--awb-margin-bottom-large:0px;--awb-spacing-left-large:1.92%;--awb-width-medium:100%;--awb-spacing-right-medium:1.92%;--awb-spacing-left-medium:1.92%;--awb-width-small:100%;--awb-spacing-right-small:1.92%;--awb-spacing-left-small:1.92%;\"><div class=\"fusion-column-wrapper fusion-flex-justify-content-flex-start fusion-content-layout-column\"><div class=\"fusion-text fusion-text-1\"><h1><span style=\"font-size: 32px;\">INVITO AL BACHFEST DI LIPSIA 2027<\/span><\/h1>\n<p><strong><img decoding=\"async\" class=\"alignnone wp-image-3128\" src=\"https:\/\/www.markuspassion.org\/wp-content\/uploads\/2025\/01\/01_Visual-Markuspassions-Bachfest-rgb_MIT_AM-1-300x223.jpg\" alt=\"\" width=\"531\" height=\"395\" srcset=\"https:\/\/markuspassion.org\/wp-content\/uploads\/2025\/01\/01_Visual-Markuspassions-Bachfest-rgb_MIT_AM-1-200x149.jpg 200w, https:\/\/markuspassion.org\/wp-content\/uploads\/2025\/01\/01_Visual-Markuspassions-Bachfest-rgb_MIT_AM-1-300x223.jpg 300w, https:\/\/markuspassion.org\/wp-content\/uploads\/2025\/01\/01_Visual-Markuspassions-Bachfest-rgb_MIT_AM-1-400x298.jpg 400w, https:\/\/markuspassion.org\/wp-content\/uploads\/2025\/01\/01_Visual-Markuspassions-Bachfest-rgb_MIT_AM-1-600x447.jpg 600w, https:\/\/markuspassion.org\/wp-content\/uploads\/2025\/01\/01_Visual-Markuspassions-Bachfest-rgb_MIT_AM-1-768x572.jpg 768w, https:\/\/markuspassion.org\/wp-content\/uploads\/2025\/01\/01_Visual-Markuspassions-Bachfest-rgb_MIT_AM-1-800x596.jpg 800w, https:\/\/markuspassion.org\/wp-content\/uploads\/2025\/01\/01_Visual-Markuspassions-Bachfest-rgb_MIT_AM-1.jpg 822w\" sizes=\"(max-width: 531px) 100vw, 531px\" \/><\/strong><\/p>\n<p><strong>\u00abAll&#8217;inizio ho pensato: questo Matthes \u00e8 un megalomane! Mettere in piedi e ricomporre semplicemente l&#8217;opera che pi\u00f9 ci manca di Bach, battuta per battuta, parola per parola, quel testo di Picander che Bach mise in musica nel 1731 e la cui partitura purtroppo \u00e8 andata perduta &#8211; ci vuole una buona dose di sfrontatezza.<\/strong><\/p>\n<p><strong>MA: sono felice che Nikolaus abbia avuto questo coraggio. Per ben due ore di musica che ci trasportano in un mondo sonoro mozzafiato a met\u00e0 strada tra il XVIII secolo e i giorni nostri. Con tanta passione, grandi emozioni e un linguaggio musicale che \u00e8 barocco e allo stesso tempo moderno; non una semplice copia stilistica, ma una risposta del tutto originale e estremamente emozionante alla domanda che tutti si pongono su Bach: come avr\u00e0 potuto essere questa Passione secondo San Marco.<\/strong><\/p>\n<p><strong>In questo senso, per me non c&#8217;era alcun dubbio: al Bachfest di Lipsia del 2027, che avr\u00e0 come tema centrale la PASSIONE e attirer\u00e0 visitatori da tutto il mondo, questo brano DEVE essere eseguito. Perch\u00e9 sono sicuro che susciter\u00e0 emozioni e entusiasmo allo stesso tempo!\u00bb.<\/strong><\/p>\n<p><em><strong>Prof. Dr. Michael Maul<br \/>\nDirettore artistico del Bachfest di Lipsia<\/strong><\/em><\/p>\n<p>.-.-.-.-.-.-.-.-.-.-.-.-.-.-.-.-.<\/p>\n<p><span lang=\"en-US\">Poter rappresentare la Passione secondo S. Marco a Lipsia \u00e8 un grande onore per noi, e vorremmo esprimere i nostri pi\u00f9 sentiti ringraziamenti all&#8217;organizzazione per il loro invito. <\/span>A tempo debito comunicheremo qui delle informazioni pi\u00f9 precise sulla data e sul luogo del concerto e sulla vendita dei biglietti, che saranno disponibili a partire da novembre 2026.<\/p>\n<p>Saremmo lieti di annoverarvi tra i nostri spettatori a Lipsia!<\/p>\n<p><span style=\"font-size: 24px;\">SOLISTI<\/span><\/p>\n<p><strong>Evangelisti<\/strong>\u00a0\u00a0<strong><a href=\"https:\/\/www.danieljohannsen.com\/\" target=\"_blank\" rel=\"noopener\">Daniel Johannsen<\/a><\/strong> e <strong><a href=\"https:\/\/georgpoplutz.de\/\" target=\"_blank\" rel=\"noopener\">Georg Poplutz<\/a><\/strong><br \/>\n<strong>Ges\u00f9<\/strong>\u00a0\u00a0<a href=\"http:\/\/danielperez.ch\/\" target=\"_blank\" rel=\"noopener\"><strong>Daniel P\u00e9rez<\/strong><\/a><\/p>\n<p><strong>Soprano<\/strong>\u00a0\u00a0<a href=\"https:\/\/marieluisewerneburg.de\/\" target=\"_blank\" rel=\"noopener\"><strong>Marie Luise Werneburg<\/strong><\/a><br \/>\n<strong>Alto<\/strong>\u00a0\u00a0<a href=\"https:\/\/www.annekathrin-laabs.de\/\" target=\"_blank\" rel=\"noopener\"><strong>Annekathrin Laabs<\/strong><\/a><br \/>\n<strong>Tenore<\/strong>\u00a0\u00a0<strong><a href=\"https:\/\/www.danieljohannsen.com\/\" target=\"_blank\" rel=\"noopener\">Daniel Johannsen<\/a><\/strong>,\u00a0<a href=\"https:\/\/georgpoplutz.de\/\" target=\"_blank\" rel=\"noopener\"><strong>Georg Poplutz<\/strong><\/a><br \/>\n<strong>Baritono<\/strong>\u00a0<strong>\u00a0<a href=\"https:\/\/www.matthias-helm.com\/index.htm\" target=\"_blank\" rel=\"noopener\">Matthias Helm<\/a><\/strong><\/p>\n<p><span style=\"font-size: 24px;\">ORCHESTRA<\/span><\/p>\n<p><strong>I Flauto traverso\u00a0 <a href=\"https:\/\/www.johannabartz.com\/\" target=\"_blank\" rel=\"noopener\">Johanna Bartz<\/a><\/strong><br \/>\n<strong>II Flauto traverso<\/strong>\u00a0\u00a0<strong><a href=\"https:\/\/www.laguirlande.com\/\" target=\"_blank\" rel=\"noopener\">Luis Mart\u00ednez Pueyo<\/a><\/strong><br \/>\n<strong>I Flauto dolce<\/strong>\u00a0<strong>\u00a0<a href=\"http:\/\/www.ensemblematis.com\/mira-gloor.html\" target=\"_blank\" rel=\"noopener\">Mira Gloor<\/a><\/strong><br \/>\n<strong>II Flauto dolce<\/strong>\u00a0\u00a0<strong><a href=\"http:\/\/www.ensemblematis.com\/hyeonho-jeon.html\" target=\"_blank\" rel=\"noopener\">HyeonHo Jeon<\/a><\/strong><br \/>\n<strong>I Oboe<\/strong>\u00a0\u00a0<strong><a href=\"https:\/\/muk.ac.at\/studienangebot\/lehrende\/details\/andreas-helm.html\" target=\"_blank\" rel=\"noopener\">Andreas Helm<\/a><\/strong><br \/>\n<strong>II Oboe\u00a0 <a href=\"https:\/\/clockbeatsorchestra.com\/musician\/ana-ines-feola\/\" target=\"_blank\" rel=\"noopener\">Ana In\u00e9s Feola<\/a><\/strong><br \/>\n<strong>III Oboe<\/strong>\u00a0\u00a0<a href=\"https:\/\/www.pinchgutopera.com.au\/amy-power\" target=\"_blank\" rel=\"noopener\"><strong>Amy Power<\/strong><\/a><br \/>\n<strong>IV Oboe <\/strong>\u00a0<strong><a href=\"https:\/\/orquestabarrocadesevilla.com\/orquesta\/artistas-colaboradores\/solistas\/solistas-instrumentales\/emiliano-rodolfi-oboe\/\" target=\"_blank\" rel=\"noopener\">Emiliano Rodolfi<\/a><\/strong><br \/>\n<b>Fagotto<\/b>\u00a0\u00a0<a href=\"http:\/\/www.fagotteria.ch\/\" target=\"_blank\" rel=\"noopener\"><strong>Susann Landert<\/strong><\/a><br \/>\n<strong>Controfagotto\u00a0 <\/strong><strong><a href=\"https:\/\/akamus.de\/de\/musiker\/eckhard-lenzing\" target=\"_blank\" rel=\"noopener\">Eckhard Lenzing<\/a><\/strong><br \/>\n<strong>Corno\u00a0 <\/strong><a href=\"https:\/\/alexandrezanetta.com\/\" target=\"_blank\" rel=\"noopener\"><strong>Alexandre Zanetta<\/strong><\/a><\/p>\n<p><strong>I Violini\u00a0 <a href=\"https:\/\/www.dermusikalischegarten.com\/de\/\" target=\"_blank\" rel=\"noopener\">Germ\u00e1n Echeverri Chamorro<\/a><\/strong> (spalla), <a href=\"https:\/\/www.kammerorchesterbasel.ch\/de\/das-kammerorchester\/das-orchester.html\" target=\"_blank\" rel=\"noopener\"><strong>Matthias M\u00fcller<\/strong><\/a>, <a href=\"https:\/\/lenaruisz.studio\/\" target=\"_blank\" rel=\"noopener\"><strong>L\u00e9na Ruisz<\/strong><\/a>, <a href=\"https:\/\/goettinger-barockorchester.de\/\" target=\"_blank\" rel=\"noopener\"><strong>Hans-Henning Vater<\/strong><\/a>,\u00a0<a href=\"https:\/\/www.cantatacollective.org\/about#lisa-weiss\" target=\"_blank\" rel=\"noopener\"><strong>Lisa Weiss<\/strong><\/a>, <a href=\"https:\/\/www.fam-forumaltemusik.com\/rahel-wittlingausgeblendet\" target=\"_blank\" rel=\"noopener\"><strong>Rahel Wittling<\/strong><\/a><br \/>\n<strong>II Violini<\/strong> \u00a0<a href=\"https:\/\/www.dermusikalischegarten.com\/de\/\" target=\"_blank\" rel=\"noopener\"><strong>Karoline Echeverri Klemm<\/strong><\/a> (spalla dei secondi), <a href=\"https:\/\/www.eskeniangeli.com\/biographies\" target=\"_blank\" rel=\"noopener\"><strong>Shant Eskenian<\/strong><\/a>, <a href=\"https:\/\/www.lespassions.ch\/de\/orchester\/musikerinnen\/jonas-krebs\/\" target=\"_blank\" rel=\"noopener\"><strong>Jonas Krebs<\/strong><\/a>, <a href=\"https:\/\/andresmurilloviolinist.com\/\" target=\"_blank\" rel=\"noopener\"><strong>Andr\u00e9s Murillo<\/strong><\/a>, <a href=\"https:\/\/www.instagram.com\/magdalenaschenkbader?utm_source=qr\" target=\"_blank\" rel=\"noopener\"><strong>Magdealena Schenk-Bader<\/strong><\/a><br \/>\n<strong>Viola<\/strong>\u00a0\u00a0<a href=\"https:\/\/www.lespassions.ch\/de\/orchester\/musikerinnen\/matthias-jaeggi\/\" target=\"_blank\" rel=\"noopener\"><strong>Matthias J\u00e4ggi<\/strong><\/a> (spalla delle viole), <a href=\"https:\/\/chicagopresents.uchicago.edu\/people\/jesus-merino-ruiz-violin\" target=\"_blank\" rel=\"noopener\"><strong>Jes\u00fas Merino Ruiz<\/strong><\/a>, <a href=\"https:\/\/lacetra.ch\/mitglieder\/joanna-michalak\/\" target=\"_blank\" rel=\"noopener\"><strong>Joanna Michalak<\/strong><\/a>, <a href=\"https:\/\/www1.wdr.de\/orchester-und-chor\/funkhausorchester\/orchester\/musikerinnen\/violen\/nobile-100.html\" target=\"_blank\" rel=\"noopener\"><strong>Gianmaria Nobile<\/strong><\/a><br \/>\n<strong>Viola d&#8217;amore\u00a0 <a href=\"https:\/\/www.dermusikalischegarten.com\/de\/\" target=\"_blank\" rel=\"noopener\">Germ\u00e1n Echeverri Chamorro<\/a><\/strong>,\u00a0<strong><a href=\"https:\/\/www.dermusikalischegarten.com\/de\/\" target=\"_blank\" rel=\"noopener\">Karoline Echeverri Klemm<\/a><\/strong><br \/>\n<strong>Viola da gamba<\/strong> \u00a0<strong><a href=\"https:\/\/youtube.com\/user\/TreesOfThree\" target=\"_blank\" rel=\"noopener\">Giulio Tanasini<\/a><\/strong>, <a href=\"https:\/\/festivalcapuchos.com\/en\/artista\/bianca-cucini\/\" target=\"_blank\" rel=\"noopener\"><strong>Bianca Cucini<\/strong><\/a><\/p>\n<p><strong>Violoncello<\/strong>\u00a0 <a href=\"https:\/\/www.alexjellici.com\/\" target=\"_blank\" rel=\"noopener\">\u00a0<strong>Alex Jellici<\/strong><\/a>, <a href=\"https:\/\/www.giuliosanna.com\/\" target=\"_blank\" rel=\"noopener\"><strong>Giulio Sanna<\/strong><\/a><br \/>\n<strong>Violone<\/strong>\u00a0 <a href=\"https:\/\/www.fritzkraemer.de\/markus_bernhard.htm\" target=\"_blank\" rel=\"noopener\"><strong>Markus Bernhard<\/strong><\/a>,\u00a0<strong><a href=\"https:\/\/www.lestroarmonico.com\/wp\/biographien\/gaeste-und-ehemalige-mitglieder\/shuko-sugama-kontrabass\/\" target=\"_blank\" rel=\"noopener\">Shuko Sugama<\/a><\/strong><br \/>\n<strong>Clavicembalo<\/strong>\u00a0\u00a0<strong><a href=\"https:\/\/sebastianwienand.com\/\" target=\"_blank\" rel=\"noopener\">Sebastian Wienand<\/a><\/strong><br \/>\n<strong>Organo<\/strong>\u00a0<strong>\u00a0<a href=\"http:\/\/www.kellerjohannes.com\/\" target=\"_blank\" rel=\"noopener\">Johannes Keller<\/a><\/strong><br \/>\n<strong>Liuto e chitarra barocca<\/strong> <strong>\u00a0<a href=\"https:\/\/www.fhnw.ch\/de\/personen\/julian-behr\" target=\"_blank\" rel=\"noopener\">Julian Behr<\/a><\/strong><\/p>\n<p><span style=\"font-size: 24px;\">SOLILOQUENTI<\/span><\/p>\n<p><strong>Giuda<\/strong>\u00a0\u00a0<a href=\"https:\/\/www.bach-cantatas.com\/Bio\/Neiva-Luis.htm\" target=\"_blank\" rel=\"noopener\"><strong>Lu\u00eds Neiva<\/strong><\/a><br \/>\n<strong>Pietro<\/strong>\u00a0\u00a0<strong><a href=\"https:\/\/www.matthias-helm.com\/index.htm\" target=\"_blank\" rel=\"noopener\">Matthias Helm<\/a><\/strong><br \/>\n<strong>Sommo Sacerdote\u00a0 <\/strong><a href=\"https:\/\/www.bach-cantatas.com\/Bio\/Quindere-Breno.htm\" target=\"_blank\" rel=\"noopener\"><strong>Breno Quinder\u00e9<\/strong><\/a><br \/>\n<strong>Ancella<\/strong>\u00a0\u00a0<a href=\"https:\/\/www.stadt-zuerich.ch\/mkz-portal\/lehrperson\/409142\/Pujades_Segui_Maria\" target=\"_blank\" rel=\"noopener\"><strong>Maria Pujades Segu\u00ed<\/strong><\/a><br \/>\n<strong>Pilato<\/strong>\u00a0 <a href=\"https:\/\/www.muvac.com\/de\/profile\/damiano-capelli\" target=\"_blank\" rel=\"noopener\"><strong>Damiano Capelli<\/strong><\/a><br \/>\n<strong>Soldato<\/strong>\u00a0\u00a0<a href=\"https:\/\/www.michaelschwarze.ch\/\" target=\"_blank\" rel=\"noopener\"><strong>Michael Schwarze<\/strong><\/a><br \/>\n<strong>Centurione<\/strong>\u00a0\u00a0<a href=\"http:\/\/www.tiagoliveira.com\/\" target=\"_blank\" rel=\"noopener\"><strong>Tiago Oliveira<\/strong><\/a><\/p>\n<p><span style=\"font-size: 24px;\">CORO<\/span><\/p>\n<p><strong>Soprano<\/strong>\u00a0 <a href=\"https:\/\/www.xn--jeannemarielelivre-5vb.com\/\" target=\"_blank\" rel=\"noopener\"><strong>Jeanne-Marie Leli\u00e8vre<\/strong><\/a>, <a href=\"https:\/\/www.hofhaymer-society.at\/charlotte-nachtsheim\/\" target=\"_blank\" rel=\"noopener\"><strong>Charlotte Nachtsheim<\/strong><\/a>, <a href=\"https:\/\/www.stadt-zuerich.ch\/mkz-portal\/lehrperson\/409142\/Pujades_Segui_Maria\" target=\"_blank\" rel=\"noopener\"><strong>Maria Pujades Segu\u00ed<\/strong><\/a>,\u00a0<a href=\"https:\/\/www.mirjam-striegel.de\/\" target=\"_blank\" rel=\"noopener\"><strong>Mirjam Striegel<\/strong><\/a>,\u00a0<strong><a href=\"http:\/\/www.anastasiaterranova.com\/\" target=\"_blank\" rel=\"noopener\">Anastasia Terranova<\/a><\/strong><br \/>\n<strong>Alto<\/strong>\u00a0 <a href=\"https:\/\/www.bach-cantatas.com\/Bio\/Aadland-Ingeborg.htm\" target=\"_blank\" rel=\"noopener\"><strong>Ingeborg Aadland<\/strong><\/a>,\u00a0<a href=\"http:\/\/www.giovannabaviera.com\/\" target=\"_blank\" rel=\"noopener\"><strong>Giovanna Baviera<\/strong><\/a>,\u00a0<a href=\"https:\/\/www.renateberger.ch\/\" target=\"_blank\" rel=\"noopener\"><strong>Renate Berger<\/strong>,<\/a>\u00a0<strong><a href=\"https:\/\/www.bach-cantatas.com\/Bio\/Knaus-Tobias.htm\" target=\"_blank\" rel=\"noopener\">Tobias Knaus<\/a><\/strong><br \/>\n<strong>Tenore<\/strong>\u00a0\u00a0<a href=\"http:\/\/www.tiagoliveira.com\/\" target=\"_blank\" rel=\"noopener\"><strong>Tiago Oliveira<\/strong><\/a>, <strong><a href=\"https:\/\/www.bach-cantatas.com\/Bio\/Szanto-Csongor.htm\" target=\"_blank\" rel=\"noopener\">Csongor Sz\u00e1nt\u00f3<\/a><\/strong>, <a href=\"http:\/\/www.christopherwattam.com\/\" target=\"_blank\" rel=\"noopener\"><strong>Christopher Wattam<\/strong><\/a>, <strong><a href=\"https:\/\/www.resonando.de\/pages\/label-resonando\" target=\"_blank\" rel=\"noopener\">Johannes Wallbrecher<\/a><\/strong><br \/>\n<strong>Ba<\/strong><strong>sso<\/strong>\u00a0 <a href=\"https:\/\/www.muvac.com\/de\/profile\/damiano-capelli\" target=\"_blank\" rel=\"noopener\"><strong>Damiano Capelli<\/strong><\/a>, <a href=\"https:\/\/abendmusiken-basel.ch\/Musiker\/Mattmueller\/00.Mattmueller.html\" target=\"_blank\" rel=\"noopener\"><strong>Sebastian Mattm\u00fcller<\/strong><\/a>, <strong><a href=\"https:\/\/www.bach-cantatas.com\/Bio\/Neiva-Luis.htm\" target=\"_blank\" rel=\"noopener\">Lu\u00eds Neiva<\/a><\/strong>, <a href=\"https:\/\/www.bach-cantatas.com\/Bio\/Quindere-Breno.htm\" target=\"_blank\" rel=\"noopener\"><strong>Breno Quinder\u00e9<\/strong><\/a>, <a href=\"https:\/\/www.michaelschwarze.ch\/\" target=\"_blank\" rel=\"noopener\"><strong>Michael Schwarze<\/strong><\/a><\/p>\n<p><span style=\"font-size: 24px;\">DIREZIONE MUSICALE<\/span><\/p>\n<p><a href=\"http:\/\/www.nikolausmatthes.org\/it\" target=\"_blank\" rel=\"noopener\"><strong>Nikolaus Matthes<\/strong><\/a><\/p>\n<p><span style=\"font-size: 24px;\">SQUADRA DI PRODUZIONE<\/span><\/p>\n<p><strong>Produzione e gestione del progetto<\/strong> \u00a0<a href=\"http:\/\/www.nikolausmatthes.org\/it\" target=\"_blank\" rel=\"noopener\"><strong>Nikolaus Matthes<\/strong><\/a><br \/>\n<strong>Supporto alla produzione, trasporti, logistica, ristorazione\u00a0 <\/strong>Stefan Toth, Manuel Sutter<br \/>\n<strong>Grafica\u00a0 <\/strong><strong><a href=\"https:\/\/tsign.ch\/de\/\" target=\"_blank\" rel=\"noopener\">T&#8217;SIGN Werbeagentur<\/a><\/strong><br \/>\n<strong>Assistenza musicale\u00a0 <\/strong><strong><a href=\"http:\/\/www.kellerjohannes.com\/\" target=\"_blank\" rel=\"noopener\">Johannes Keller<\/a><\/strong><\/p>\n<\/div><\/div><\/div><\/div><\/div>\n","protected":false},"excerpt":{"rendered":"","protected":false},"author":1,"featured_media":0,"parent":0,"menu_order":0,"comment_status":"closed","ping_status":"closed","template":"100-width.php","meta":{"footnotes":""},"class_list":["post-4168","page","type-page","status-publish","hentry"],"_links":{"self":[{"href":"https:\/\/markuspassion.org\/it\/wp-json\/wp\/v2\/pages\/4168","targetHints":{"allow":["GET"]}}],"collection":[{"href":"https:\/\/markuspassion.org\/it\/wp-json\/wp\/v2\/pages"}],"about":[{"href":"https:\/\/markuspassion.org\/it\/wp-json\/wp\/v2\/types\/page"}],"author":[{"embeddable":true,"href":"https:\/\/markuspassion.org\/it\/wp-json\/wp\/v2\/users\/1"}],"replies":[{"embeddable":true,"href":"https:\/\/markuspassion.org\/it\/wp-json\/wp\/v2\/comments?post=4168"}],"version-history":[{"count":11,"href":"https:\/\/markuspassion.org\/it\/wp-json\/wp\/v2\/pages\/4168\/revisions"}],"predecessor-version":[{"id":5078,"href":"https:\/\/markuspassion.org\/it\/wp-json\/wp\/v2\/pages\/4168\/revisions\/5078"}],"wp:attachment":[{"href":"https:\/\/markuspassion.org\/it\/wp-json\/wp\/v2\/media?parent=4168"}],"curies":[{"name":"wp","href":"https:\/\/api.w.org\/{rel}","templated":true}]}}