{"id":3190,"date":"2025-01-07T19:02:28","date_gmt":"2025-01-07T17:02:28","guid":{"rendered":"https:\/\/www.markuspassion.org\/komponist-und-textdichter\/"},"modified":"2026-03-21T15:28:11","modified_gmt":"2026-03-21T13:28:11","slug":"compositore_e_librettista","status":"publish","type":"page","link":"https:\/\/markuspassion.org\/it\/compositore_e_librettista\/","title":{"rendered":"Compositore e librettista"},"content":{"rendered":"<div class=\"fusion-fullwidth fullwidth-box fusion-builder-row-1 fusion-flex-container has-pattern-background has-mask-background nonhundred-percent-fullwidth non-hundred-percent-height-scrolling\" style=\"--awb-border-radius-top-left:0px;--awb-border-radius-top-right:0px;--awb-border-radius-bottom-right:0px;--awb-border-radius-bottom-left:0px;--awb-padding-top:10%;--awb-padding-right:30%;--awb-padding-left:30%;--awb-padding-top-medium:20%;--awb-padding-right-medium:7%;--awb-padding-left-medium:7%;--awb-padding-top-small:22%;--awb-padding-right-small:7%;--awb-padding-left-small:7%;--awb-flex-wrap:wrap;\" ><div class=\"fusion-builder-row fusion-row fusion-flex-align-items-flex-start fusion-flex-content-wrap\" style=\"max-width:1248px;margin-left: calc(-4% \/ 2 );margin-right: calc(-4% \/ 2 );\"><div class=\"fusion-layout-column fusion_builder_column fusion-builder-column-0 fusion_builder_column_1_1 1_1 fusion-flex-column\" style=\"--awb-bg-blend:overlay;--awb-bg-size:cover;--awb-width-large:100%;--awb-margin-top-large:0px;--awb-spacing-right-large:1.92%;--awb-margin-bottom-large:0px;--awb-spacing-left-large:1.92%;--awb-width-medium:100%;--awb-spacing-right-medium:1.92%;--awb-spacing-left-medium:1.92%;--awb-width-small:100%;--awb-spacing-right-small:1.92%;--awb-spacing-left-small:1.92%;\"><div class=\"fusion-column-wrapper fusion-flex-justify-content-flex-start fusion-content-layout-column\"><div class=\"fusion-text fusion-text-1\"><h1><span style=\"font-family: BellMTPro; font-size: 32px;\">COMPOSITORE E LIBRETTISTA<\/span><\/h1>\n<p><span style=\"font-family: BellMTPro; font-size: 32px;\"><span style=\"font-size: 24px;\">NIKOLAUS MATTHES<\/span><\/span><\/p>\n<p><a href=\"https:\/\/www.markuspassion.org\/wp-content\/uploads\/2024\/06\/untouched_64847702a63ac.jpg\" target=\"_blank\" rel=\"noopener\"><img decoding=\"async\" class=\"alignnone wp-image-1833 size-medium\" src=\"https:\/\/www.markuspassion.org\/wp-content\/uploads\/2024\/06\/untouched_64847702a63ac-200x300.jpg\" alt=\"\" width=\"200\" height=\"300\" srcset=\"https:\/\/markuspassion.org\/wp-content\/uploads\/2024\/06\/untouched_64847702a63ac-66x99.jpg 66w, https:\/\/markuspassion.org\/wp-content\/uploads\/2024\/06\/untouched_64847702a63ac-177x266.jpg 177w, https:\/\/markuspassion.org\/wp-content\/uploads\/2024\/06\/untouched_64847702a63ac-200x301.jpg 200w, https:\/\/markuspassion.org\/wp-content\/uploads\/2024\/06\/untouched_64847702a63ac-300x451.jpg 300w, https:\/\/markuspassion.org\/wp-content\/uploads\/2024\/06\/untouched_64847702a63ac-320x481.jpg 320w, https:\/\/markuspassion.org\/wp-content\/uploads\/2024\/06\/untouched_64847702a63ac-400x601.jpg 400w, https:\/\/markuspassion.org\/wp-content\/uploads\/2024\/06\/untouched_64847702a63ac-460x692.jpg 460w, https:\/\/markuspassion.org\/wp-content\/uploads\/2024\/06\/untouched_64847702a63ac-540x812.jpg 540w, https:\/\/markuspassion.org\/wp-content\/uploads\/2024\/06\/untouched_64847702a63ac-600x902.jpg 600w, https:\/\/markuspassion.org\/wp-content\/uploads\/2024\/06\/untouched_64847702a63ac-669x1006.jpg 669w, https:\/\/markuspassion.org\/wp-content\/uploads\/2024\/06\/untouched_64847702a63ac-681x1024.jpg 681w, https:\/\/markuspassion.org\/wp-content\/uploads\/2024\/06\/untouched_64847702a63ac-700x1052.jpg 700w, https:\/\/markuspassion.org\/wp-content\/uploads\/2024\/06\/untouched_64847702a63ac-768x1155.jpg 768w, https:\/\/markuspassion.org\/wp-content\/uploads\/2024\/06\/untouched_64847702a63ac-800x1203.jpg 800w, https:\/\/markuspassion.org\/wp-content\/uploads\/2024\/06\/untouched_64847702a63ac-940x1413.jpg 940w, https:\/\/markuspassion.org\/wp-content\/uploads\/2024\/06\/untouched_64847702a63ac-1022x1536.jpg 1022w, https:\/\/markuspassion.org\/wp-content\/uploads\/2024\/06\/untouched_64847702a63ac-1200x1804.jpg 1200w, https:\/\/markuspassion.org\/wp-content\/uploads\/2024\/06\/untouched_64847702a63ac-1362x2048.jpg 1362w, https:\/\/markuspassion.org\/wp-content\/uploads\/2024\/06\/untouched_64847702a63ac.jpg 1663w\" sizes=\"(max-width: 200px) 100vw, 200px\" \/><\/a>\u00a0 \u00a0 <a href=\"https:\/\/www.markuspassion.org\/wp-content\/uploads\/2024\/06\/untouched_6484772f67e62.jpg\" target=\"_blank\" rel=\"noopener\"><img decoding=\"async\" class=\"alignnone wp-image-1794 size-medium\" src=\"https:\/\/www.markuspassion.org\/wp-content\/uploads\/2024\/06\/untouched_6484772f67e62-200x300.jpg\" alt=\"\" width=\"200\" height=\"300\" srcset=\"https:\/\/markuspassion.org\/wp-content\/uploads\/2024\/06\/untouched_6484772f67e62-66x99.jpg 66w, https:\/\/markuspassion.org\/wp-content\/uploads\/2024\/06\/untouched_6484772f67e62-177x266.jpg 177w, https:\/\/markuspassion.org\/wp-content\/uploads\/2024\/06\/untouched_6484772f67e62-200x301.jpg 200w, https:\/\/markuspassion.org\/wp-content\/uploads\/2024\/06\/untouched_6484772f67e62-300x451.jpg 300w, https:\/\/markuspassion.org\/wp-content\/uploads\/2024\/06\/untouched_6484772f67e62-320x481.jpg 320w, https:\/\/markuspassion.org\/wp-content\/uploads\/2024\/06\/untouched_6484772f67e62-400x601.jpg 400w, https:\/\/markuspassion.org\/wp-content\/uploads\/2024\/06\/untouched_6484772f67e62-460x692.jpg 460w, https:\/\/markuspassion.org\/wp-content\/uploads\/2024\/06\/untouched_6484772f67e62-540x812.jpg 540w, https:\/\/markuspassion.org\/wp-content\/uploads\/2024\/06\/untouched_6484772f67e62-600x902.jpg 600w, https:\/\/markuspassion.org\/wp-content\/uploads\/2024\/06\/untouched_6484772f67e62-669x1006.jpg 669w, https:\/\/markuspassion.org\/wp-content\/uploads\/2024\/06\/untouched_6484772f67e62-681x1024.jpg 681w, https:\/\/markuspassion.org\/wp-content\/uploads\/2024\/06\/untouched_6484772f67e62-700x1052.jpg 700w, https:\/\/markuspassion.org\/wp-content\/uploads\/2024\/06\/untouched_6484772f67e62-768x1155.jpg 768w, https:\/\/markuspassion.org\/wp-content\/uploads\/2024\/06\/untouched_6484772f67e62-800x1203.jpg 800w, https:\/\/markuspassion.org\/wp-content\/uploads\/2024\/06\/untouched_6484772f67e62-940x1413.jpg 940w, https:\/\/markuspassion.org\/wp-content\/uploads\/2024\/06\/untouched_6484772f67e62-1022x1536.jpg 1022w, https:\/\/markuspassion.org\/wp-content\/uploads\/2024\/06\/untouched_6484772f67e62-1200x1804.jpg 1200w, https:\/\/markuspassion.org\/wp-content\/uploads\/2024\/06\/untouched_6484772f67e62-1362x2048.jpg 1362w, https:\/\/markuspassion.org\/wp-content\/uploads\/2024\/06\/untouched_6484772f67e62.jpg 1663w\" sizes=\"(max-width: 200px) 100vw, 200px\" \/><\/a>\u00a0 \u00a0 <a href=\"https:\/\/www.markuspassion.org\/wp-content\/uploads\/2024\/06\/untouched_648477946fdd5.jpg\" target=\"_blank\" rel=\"noopener\"><img decoding=\"async\" class=\"alignnone wp-image-1869 size-medium\" src=\"https:\/\/www.markuspassion.org\/wp-content\/uploads\/2024\/06\/untouched_648477946fdd5-200x300.jpg\" alt=\"\" width=\"200\" height=\"300\" srcset=\"https:\/\/markuspassion.org\/wp-content\/uploads\/2024\/06\/untouched_648477946fdd5-66x99.jpg 66w, https:\/\/markuspassion.org\/wp-content\/uploads\/2024\/06\/untouched_648477946fdd5-177x266.jpg 177w, https:\/\/markuspassion.org\/wp-content\/uploads\/2024\/06\/untouched_648477946fdd5-200x301.jpg 200w, https:\/\/markuspassion.org\/wp-content\/uploads\/2024\/06\/untouched_648477946fdd5-300x451.jpg 300w, https:\/\/markuspassion.org\/wp-content\/uploads\/2024\/06\/untouched_648477946fdd5-320x481.jpg 320w, https:\/\/markuspassion.org\/wp-content\/uploads\/2024\/06\/untouched_648477946fdd5-400x601.jpg 400w, https:\/\/markuspassion.org\/wp-content\/uploads\/2024\/06\/untouched_648477946fdd5-460x692.jpg 460w, https:\/\/markuspassion.org\/wp-content\/uploads\/2024\/06\/untouched_648477946fdd5-540x812.jpg 540w, https:\/\/markuspassion.org\/wp-content\/uploads\/2024\/06\/untouched_648477946fdd5-600x902.jpg 600w, https:\/\/markuspassion.org\/wp-content\/uploads\/2024\/06\/untouched_648477946fdd5-669x1006.jpg 669w, https:\/\/markuspassion.org\/wp-content\/uploads\/2024\/06\/untouched_648477946fdd5-681x1024.jpg 681w, https:\/\/markuspassion.org\/wp-content\/uploads\/2024\/06\/untouched_648477946fdd5-700x1052.jpg 700w, https:\/\/markuspassion.org\/wp-content\/uploads\/2024\/06\/untouched_648477946fdd5-768x1155.jpg 768w, https:\/\/markuspassion.org\/wp-content\/uploads\/2024\/06\/untouched_648477946fdd5-800x1203.jpg 800w, https:\/\/markuspassion.org\/wp-content\/uploads\/2024\/06\/untouched_648477946fdd5-940x1413.jpg 940w, https:\/\/markuspassion.org\/wp-content\/uploads\/2024\/06\/untouched_648477946fdd5-1022x1536.jpg 1022w, https:\/\/markuspassion.org\/wp-content\/uploads\/2024\/06\/untouched_648477946fdd5-1200x1804.jpg 1200w, https:\/\/markuspassion.org\/wp-content\/uploads\/2024\/06\/untouched_648477946fdd5-1362x2048.jpg 1362w, https:\/\/markuspassion.org\/wp-content\/uploads\/2024\/06\/untouched_648477946fdd5.jpg 1663w\" sizes=\"(max-width: 200px) 100vw, 200px\" \/><\/a><\/p>\n<p>Nato nel 1981 a Berlino e cresciuto a Luneburgo e Basilea, dove ha conseguito la Maturit\u00e0, Nikolaus Matthes si \u00e8 dapprima dedicato alla pedagogia e, in particolare, al lavoro di teatro con i giovani. Tra il 2001 ed il 2016 ha allestito numerosi pezzi teatrali classici e moderni.<\/p>\n<p>Ha studiato realizzazione cinematografica a Londra dal 2004 al 2007 (Film Making Diploma), nonch\u00e9, dal 2013 al 2018, composizione con Michel Roth e teoria della musica con Johannes Menke alla Musik-Akademie der Stadt Basel (MA of Arts).<\/p>\n<p>Dal 2016 fino al 2019 ha lavorato come assistente dell\u2019ingegnere del suono Stefan Ritzenthaler presso Gallus Media S. p. a.<\/p>\n<p>Il confronto pratico con la musica di Johann Sebastian Bach e l\u2019approfondimento a livello di composizione contemporanea della musica dell\u2019epoca di Bach formano per Nikolaus Matthes, gi\u00e0 da molti anni, l\u2019epicentro della sua attivit\u00e0 musicale.<\/p>\n<p><a href=\"http:\/\/www.nikolausmatthes.org\/it\" target=\"_blank\" rel=\"noopener\"><strong>www.nikolausmatthes.org<\/strong><\/a><\/p>\n<p><span style=\"font-size: 24px;\"><br \/>\nCHRISTIAN FRIEDRICH HENRICI, <\/span><span style=\"font-size: 24px;\">detto PICANDER<\/span><\/p>\n<p><a href=\"https:\/\/www.markuspassion.org\/wp-content\/uploads\/2025\/01\/Picander-Leipzig-scaled.jpg\" target=\"_blank\" rel=\"noopener\"><img decoding=\"async\" class=\"alignnone wp-image-3291 size-medium\" src=\"https:\/\/www.markuspassion.org\/wp-content\/uploads\/2025\/01\/Picander-Leipzig-225x300.jpg\" alt=\"\" width=\"225\" height=\"300\" srcset=\"https:\/\/markuspassion.org\/wp-content\/uploads\/2025\/01\/Picander-Leipzig-200x267.jpg 200w, https:\/\/markuspassion.org\/wp-content\/uploads\/2025\/01\/Picander-Leipzig-225x300.jpg 225w, https:\/\/markuspassion.org\/wp-content\/uploads\/2025\/01\/Picander-Leipzig-400x533.jpg 400w, https:\/\/markuspassion.org\/wp-content\/uploads\/2025\/01\/Picander-Leipzig-600x800.jpg 600w, https:\/\/markuspassion.org\/wp-content\/uploads\/2025\/01\/Picander-Leipzig-768x1024.jpg 768w, https:\/\/markuspassion.org\/wp-content\/uploads\/2025\/01\/Picander-Leipzig-800x1067.jpg 800w, https:\/\/markuspassion.org\/wp-content\/uploads\/2025\/01\/Picander-Leipzig-1152x1536.jpg 1152w, https:\/\/markuspassion.org\/wp-content\/uploads\/2025\/01\/Picander-Leipzig-1200x1600.jpg 1200w, https:\/\/markuspassion.org\/wp-content\/uploads\/2025\/01\/Picander-Leipzig-1536x2048.jpg 1536w, https:\/\/markuspassion.org\/wp-content\/uploads\/2025\/01\/Picander-Leipzig-scaled.jpg 1920w\" sizes=\"(max-width: 225px) 100vw, 225px\" \/><\/a><\/p>\n<p>Christian Friedrich Henrici, nato il 14 gennaio 1700 a Stolpen presso Dresda, studi\u00f2 diritto dal 1719, prima a Wittenberg, poi a Lipsia. A partire dal 1721 \u00e8 poeta a Lipsia. Deve aver fatto la conoscenza di Bach negli anni a seguire. Nel 1727 indirizz\u00f2 una richiesta di lavoro redatta in versi al principe elettore di Sassonia e re di Polonia Augusto II, detto il Forte, ed ottenne in seguito il posto di Commissario Superiore delle Poste. Avanz\u00f2 poi a esattore fiscale per le imposte del distretto e le imposte comunali sulle bevande dell\u2019Ispettorato del Vino di Lipsia. A Lipsia visse fino alla sua morte nel 1764, per ultimo in una casa nei pressi del castello di Plei\u00dfenburg, dimora che oggi non esiste pi\u00f9.<\/p>\n<p class=\"western\" lang=\"en-US\">In arte, Christian Friedrich Henrici scelse il nome \u00abPicander\u00bb, perch\u00e9 avrebbe mirato, durante una caccia nel 1722, a una gazza (pica in latino), colpendo, per\u00f2, un contadino. Scrisse, per Bach, testi per la Passione secondo San Matteo nonch\u00e9 le parole per varie cantate. I due divennero amici e collaborarono ripetutamente fino alla morte del compositore.<\/p>\n<\/div><\/div><\/div><\/div><\/div>\n","protected":false},"excerpt":{"rendered":"","protected":false},"author":1,"featured_media":0,"parent":0,"menu_order":0,"comment_status":"closed","ping_status":"closed","template":"100-width.php","meta":{"footnotes":""},"class_list":["post-3190","page","type-page","status-publish","hentry"],"_links":{"self":[{"href":"https:\/\/markuspassion.org\/it\/wp-json\/wp\/v2\/pages\/3190","targetHints":{"allow":["GET"]}}],"collection":[{"href":"https:\/\/markuspassion.org\/it\/wp-json\/wp\/v2\/pages"}],"about":[{"href":"https:\/\/markuspassion.org\/it\/wp-json\/wp\/v2\/types\/page"}],"author":[{"embeddable":true,"href":"https:\/\/markuspassion.org\/it\/wp-json\/wp\/v2\/users\/1"}],"replies":[{"embeddable":true,"href":"https:\/\/markuspassion.org\/it\/wp-json\/wp\/v2\/comments?post=3190"}],"version-history":[{"count":10,"href":"https:\/\/markuspassion.org\/it\/wp-json\/wp\/v2\/pages\/3190\/revisions"}],"predecessor-version":[{"id":5082,"href":"https:\/\/markuspassion.org\/it\/wp-json\/wp\/v2\/pages\/3190\/revisions\/5082"}],"wp:attachment":[{"href":"https:\/\/markuspassion.org\/it\/wp-json\/wp\/v2\/media?parent=3190"}],"curies":[{"name":"wp","href":"https:\/\/api.w.org\/{rel}","templated":true}]}}