{"id":4379,"date":"2025-11-03T14:53:46","date_gmt":"2025-11-03T12:53:46","guid":{"rendered":"https:\/\/www.markuspassion.org\/2027-usa\/"},"modified":"2026-02-09T15:16:49","modified_gmt":"2026-02-09T13:16:49","slug":"2026-usa","status":"publish","type":"page","link":"https:\/\/markuspassion.org\/fr\/2026-usa\/","title":{"rendered":"2026 \u2013 USA"},"content":{"rendered":"<div class=\"fusion-fullwidth fullwidth-box fusion-builder-row-1 fusion-flex-container has-pattern-background has-mask-background nonhundred-percent-fullwidth non-hundred-percent-height-scrolling\" style=\"--awb-border-radius-top-left:0px;--awb-border-radius-top-right:0px;--awb-border-radius-bottom-right:0px;--awb-border-radius-bottom-left:0px;--awb-padding-top:10%;--awb-padding-right:30%;--awb-padding-left:30%;--awb-padding-top-medium:20%;--awb-padding-right-medium:7%;--awb-padding-left-medium:7%;--awb-padding-top-small:22%;--awb-padding-right-small:7%;--awb-padding-left-small:7%;--awb-flex-wrap:wrap;\" ><div class=\"fusion-builder-row fusion-row fusion-flex-align-items-flex-start fusion-flex-content-wrap\" style=\"max-width:1248px;margin-left: calc(-4% \/ 2 );margin-right: calc(-4% \/ 2 );\"><div class=\"fusion-layout-column fusion_builder_column fusion-builder-column-0 fusion_builder_column_1_1 1_1 fusion-flex-column\" style=\"--awb-bg-blend:overlay;--awb-bg-size:cover;--awb-width-large:100%;--awb-margin-top-large:0px;--awb-spacing-right-large:1.92%;--awb-margin-bottom-large:0px;--awb-spacing-left-large:1.92%;--awb-width-medium:100%;--awb-spacing-right-medium:1.92%;--awb-spacing-left-medium:1.92%;--awb-width-small:100%;--awb-spacing-right-small:1.92%;--awb-spacing-left-small:1.92%;\"><div class=\"fusion-column-wrapper fusion-flex-justify-content-flex-start fusion-content-layout-column\"><div class=\"fusion-text fusion-text-1\"><h1><span style=\"font-size: 32px;\">PREMI\u00c8RE REPR\u00c9SENTATION EN AM\u00c9RIQUE DU NORD &#8211; ANNUL\u00c9<\/span><\/h1>\n<p><img decoding=\"async\" class=\"alignnone wp-image-4434\" src=\"https:\/\/www.markuspassion.org\/wp-content\/uploads\/2025\/11\/Visual-Markuspassions-USA-Prem_rgb-Kopie-300x223.jpg\" alt=\"\" width=\"531\" height=\"395\" srcset=\"https:\/\/markuspassion.org\/wp-content\/uploads\/2025\/11\/Visual-Markuspassions-USA-Prem_rgb-Kopie-200x149.jpg 200w, https:\/\/markuspassion.org\/wp-content\/uploads\/2025\/11\/Visual-Markuspassions-USA-Prem_rgb-Kopie-300x223.jpg 300w, https:\/\/markuspassion.org\/wp-content\/uploads\/2025\/11\/Visual-Markuspassions-USA-Prem_rgb-Kopie-400x298.jpg 400w, https:\/\/markuspassion.org\/wp-content\/uploads\/2025\/11\/Visual-Markuspassions-USA-Prem_rgb-Kopie-600x447.jpg 600w, https:\/\/markuspassion.org\/wp-content\/uploads\/2025\/11\/Visual-Markuspassions-USA-Prem_rgb-Kopie-768x572.jpg 768w, https:\/\/markuspassion.org\/wp-content\/uploads\/2025\/11\/Visual-Markuspassions-USA-Prem_rgb-Kopie-800x596.jpg 800w, https:\/\/markuspassion.org\/wp-content\/uploads\/2025\/11\/Visual-Markuspassions-USA-Prem_rgb-Kopie-1024x762.jpg 1024w, https:\/\/markuspassion.org\/wp-content\/uploads\/2025\/11\/Visual-Markuspassions-USA-Prem_rgb-Kopie-1200x893.jpg 1200w, https:\/\/markuspassion.org\/wp-content\/uploads\/2025\/11\/Visual-Markuspassions-USA-Prem_rgb-Kopie-1536x1143.jpg 1536w, https:\/\/markuspassion.org\/wp-content\/uploads\/2025\/11\/Visual-Markuspassions-USA-Prem_rgb-Kopie.jpg 2500w\" sizes=\"(max-width: 531px) 100vw, 531px\" \/><\/p>\n<div dir=\"ltr\">\n<p>Suite aux r\u00e9cents \u00e9v\u00e9nements politiques et sociaux aux \u00c9tats-Unis et \u00e0 l&rsquo;impact de la politique am\u00e9ricaine dans le monde entier, apr\u00e8s l&rsquo;apparition du pr\u00e9sident des \u00c9tats-Unis au Forum \u00e9conomique mondial de Davos et ses commentaires sur le pays h\u00f4te, la Suisse, et le gouvernement suisse, et enfin apr\u00e8s avoir appris le processus humiliant qu&rsquo;un musicien doit subir s&rsquo;il souhaite obtenir un visa de travail pour les \u00c9tats-Unis, j&rsquo;ai d\u00e9cid\u00e9 de <a href=\"https:\/\/www.markuspassion.org\/wp-content\/uploads\/2026\/02\/2026-02_BORCHERT_Dann_gibt_es_nur_eins.pdf\" target=\"_blank\" rel=\"noopener\"><strong>me retirer<\/strong><\/a> de mon engagement en tant que chef d&rsquo;orchestre de la Passion selon Saint-Marc au Festival de Berkeley 2026.<\/p>\n<p>Cette d\u00e9cision n&rsquo;a pas \u00e9t\u00e9 facile \u00e0 prendre pour moi. Je suis conscient qu&rsquo;elle remet en question le travail de toutes les personnes qui ont particip\u00e9 au projet jusqu&rsquo;\u00e0 pr\u00e9sent, qu&rsquo;elle d\u00e9\u00e7oit les efforts de nombreuses personnes et qu&rsquo;elle emp\u00eache ce qui aurait tr\u00e8s probablement \u00e9t\u00e9 une collaboration musicale unique. Cependant, apr\u00e8s m\u00fbre r\u00e9flexion et d\u00e9lib\u00e9ration, je ne vois pas d&rsquo;autre option \u00e0 ce stade.<\/p>\n<p>Je tiens \u00e0 exprimer ma sinc\u00e8re gratitude \u00e0 toutes les personnes qui ont particip\u00e9 \u00e0 ce projet, en particulier et avant tout \u00e0 Lisa Weiss ( premier violon ) , qui a travaill\u00e9 sans rel\u00e2che pour organiser et mettre en \u0153uvre ce projet. Je tiens \u00e9galement \u00e0 pr\u00e9senter mes excuses \u00e0 toutes les personnes concern\u00e9es pour les d\u00e9sagr\u00e9ments caus\u00e9s par ma d\u00e9cision.<\/p>\n<p><em>2 f\u00e9vrier 2026 \u00a0\u00b7\u00a0 Nikolaus Matthes<\/em><\/p>\n<\/div>\n<\/div><\/div><\/div><\/div><\/div>\n","protected":false},"excerpt":{"rendered":"","protected":false},"author":1,"featured_media":0,"parent":0,"menu_order":0,"comment_status":"closed","ping_status":"closed","template":"100-width.php","meta":{"footnotes":""},"class_list":["post-4379","page","type-page","status-publish","hentry"],"_links":{"self":[{"href":"https:\/\/markuspassion.org\/fr\/wp-json\/wp\/v2\/pages\/4379","targetHints":{"allow":["GET"]}}],"collection":[{"href":"https:\/\/markuspassion.org\/fr\/wp-json\/wp\/v2\/pages"}],"about":[{"href":"https:\/\/markuspassion.org\/fr\/wp-json\/wp\/v2\/types\/page"}],"author":[{"embeddable":true,"href":"https:\/\/markuspassion.org\/fr\/wp-json\/wp\/v2\/users\/1"}],"replies":[{"embeddable":true,"href":"https:\/\/markuspassion.org\/fr\/wp-json\/wp\/v2\/comments?post=4379"}],"version-history":[{"count":27,"href":"https:\/\/markuspassion.org\/fr\/wp-json\/wp\/v2\/pages\/4379\/revisions"}],"predecessor-version":[{"id":4680,"href":"https:\/\/markuspassion.org\/fr\/wp-json\/wp\/v2\/pages\/4379\/revisions\/4680"}],"wp:attachment":[{"href":"https:\/\/markuspassion.org\/fr\/wp-json\/wp\/v2\/media?parent=4379"}],"curies":[{"name":"wp","href":"https:\/\/api.w.org\/{rel}","templated":true}]}}