{"id":4167,"date":"2025-10-14T11:48:32","date_gmt":"2025-10-14T09:48:32","guid":{"rendered":"https:\/\/www.markuspassion.org\/2027-bachfest-leipzig\/"},"modified":"2026-03-19T13:31:11","modified_gmt":"2026-03-19T11:31:11","slug":"2027-bachfest-leipzig","status":"publish","type":"page","link":"https:\/\/markuspassion.org\/fr\/2027-bachfest-leipzig\/","title":{"rendered":"2027 \u2013 Bachfest Leipzig"},"content":{"rendered":"<div class=\"fusion-fullwidth fullwidth-box fusion-builder-row-1 fusion-flex-container has-pattern-background has-mask-background nonhundred-percent-fullwidth non-hundred-percent-height-scrolling\" style=\"--awb-border-radius-top-left:0px;--awb-border-radius-top-right:0px;--awb-border-radius-bottom-right:0px;--awb-border-radius-bottom-left:0px;--awb-padding-top:10%;--awb-padding-right:30%;--awb-padding-left:30%;--awb-padding-top-medium:20%;--awb-padding-right-medium:7%;--awb-padding-left-medium:7%;--awb-padding-top-small:22%;--awb-padding-right-small:7%;--awb-padding-left-small:7%;--awb-flex-wrap:wrap;\" ><div class=\"fusion-builder-row fusion-row fusion-flex-align-items-flex-start fusion-flex-content-wrap\" style=\"max-width:1248px;margin-left: calc(-4% \/ 2 );margin-right: calc(-4% \/ 2 );\"><div class=\"fusion-layout-column fusion_builder_column fusion-builder-column-0 fusion_builder_column_1_1 1_1 fusion-flex-column\" style=\"--awb-bg-blend:overlay;--awb-bg-size:cover;--awb-width-large:100%;--awb-margin-top-large:0px;--awb-spacing-right-large:1.92%;--awb-margin-bottom-large:0px;--awb-spacing-left-large:1.92%;--awb-width-medium:100%;--awb-spacing-right-medium:1.92%;--awb-spacing-left-medium:1.92%;--awb-width-small:100%;--awb-spacing-right-small:1.92%;--awb-spacing-left-small:1.92%;\"><div class=\"fusion-column-wrapper fusion-flex-justify-content-flex-start fusion-content-layout-column\"><div class=\"fusion-text fusion-text-1\"><h1><span lang=\"fr-CH\" style=\"font-size: 32px;\">INVITATION AU BACHFEST DE LEIPZIG 2027<\/span><\/h1>\n<p><img decoding=\"async\" class=\"alignnone wp-image-3128\" src=\"https:\/\/www.markuspassion.org\/wp-content\/uploads\/2025\/01\/01_Visual-Markuspassions-Bachfest-rgb_MIT_AM-1-300x223.jpg\" alt=\"\" width=\"531\" height=\"395\" srcset=\"https:\/\/markuspassion.org\/wp-content\/uploads\/2025\/01\/01_Visual-Markuspassions-Bachfest-rgb_MIT_AM-1-200x149.jpg 200w, https:\/\/markuspassion.org\/wp-content\/uploads\/2025\/01\/01_Visual-Markuspassions-Bachfest-rgb_MIT_AM-1-300x223.jpg 300w, https:\/\/markuspassion.org\/wp-content\/uploads\/2025\/01\/01_Visual-Markuspassions-Bachfest-rgb_MIT_AM-1-400x298.jpg 400w, https:\/\/markuspassion.org\/wp-content\/uploads\/2025\/01\/01_Visual-Markuspassions-Bachfest-rgb_MIT_AM-1-600x447.jpg 600w, https:\/\/markuspassion.org\/wp-content\/uploads\/2025\/01\/01_Visual-Markuspassions-Bachfest-rgb_MIT_AM-1-768x572.jpg 768w, https:\/\/markuspassion.org\/wp-content\/uploads\/2025\/01\/01_Visual-Markuspassions-Bachfest-rgb_MIT_AM-1-800x596.jpg 800w, https:\/\/markuspassion.org\/wp-content\/uploads\/2025\/01\/01_Visual-Markuspassions-Bachfest-rgb_MIT_AM-1.jpg 822w\" sizes=\"(max-width: 531px) 100vw, 531px\" \/><\/p>\n<p><strong>\u00ab Au premier abord, je me suis dit : ce Matthes est m\u00e9galomane ! Se permettre de recomposer, mesure apr\u00e8s mesure, mot apr\u00e8s mot, l&rsquo;\u0153uvre de Bach qui nous manque le plus, ce texte de Picander que Bach a mis en musique en 1731 et dont la partition a malheureusement \u00e9t\u00e9 perdue, cela demande une bonne dose d&rsquo;audace.<\/strong><\/p>\n<p><strong>MAIS : je suis heureux que Nikolaus ait fait preuve de ce courage. Pour deux bonnes heures de musique qui nous transportent dans un univers sonore \u00e9poustouflant, quelque part entre le XVIIIe si\u00e8cle et aujourd&rsquo;hui. Avec beaucoup de passion, de grandes \u00e9motions et un langage musical \u00e0 la fois baroque et moderne ; ce n&rsquo;est pas une simple copie de style, mais une r\u00e9ponse tout \u00e0 fait originale et passionnante \u00e0 la question que tout le monde se pose \u00e0 propos de Bach : Quel effet cette Passion selon St-Marc a-t-elle pu avoir ?<\/strong><\/p>\n<p><strong>\u00c0 cet \u00e9gard, il n&rsquo;y avait aucun doute pour moi : lors du Festival Bach de Leipzig 2027, qui aura pour th\u00e8me PASSION et attirera des visiteurs du monde entier, cette \u0153uvre DOIT \u00eatre jou\u00e9e. Car je suis certain qu&rsquo;elle bouleversera et enthousiasmera \u00e0 la fois ! \u00bb<\/strong><\/p>\n<p><em><strong>Prof. Dr Michael Maul<br \/>\nD<\/strong><strong>irecteur artistique du Bachfest de Leipzig<\/strong><\/em><\/p>\n<p>.-.-.-.-.-.-.-.-.-.-.-.-.-.-.-.-.<\/p>\n<p>L&rsquo;invitation \u00e0 Leipzig est un grand honneur pour nous, et nous tenons \u00e0 remercier sinc\u00e8rement le festival. <span lang=\"fr-CH\">Nous communiquerons ici prochainement des informations plus pr\u00e9cises sur la date et le lieu du concert ainsi que sur la vente des billets. Les billets seront disponibles \u00e0 partir de novembre 2026.<\/span><\/p>\n<p><span lang=\"fr-CH\">Nous serions tr\u00e8s heureux de pouvoir vous compter parmi nos spectateurs \u00e0 Leipzig !<\/span><\/p>\n<p><span style=\"font-size: 24px;\">SOLISTES<\/span><\/p>\n<p><strong>\u00c9vang\u00e9listes<\/strong>\u00a0\u00a0<strong><a href=\"https:\/\/www.danieljohannsen.com\/\" target=\"_blank\" rel=\"noopener\">Daniel Johannsen<\/a><\/strong> et <strong><a href=\"https:\/\/georgpoplutz.de\/\" target=\"_blank\" rel=\"noopener\">Georg Poplutz<\/a><\/strong><br \/>\n<strong>J\u00e9sus<\/strong>\u00a0\u00a0<a href=\"http:\/\/danielperez.ch\/\" target=\"_blank\" rel=\"noopener\"><strong>Daniel P\u00e9rez<\/strong><\/a><\/p>\n<p><strong>Soprano<\/strong>\u00a0\u00a0<a href=\"https:\/\/marieluisewerneburg.de\/\" target=\"_blank\" rel=\"noopener\"><strong>Marie Luise Werneburg<\/strong><\/a><br \/>\n<strong>Alto<\/strong>\u00a0\u00a0<a href=\"https:\/\/www.annekathrin-laabs.de\/\" target=\"_blank\" rel=\"noopener\"><strong>Annekathrin Laabs<\/strong><\/a><br \/>\n<strong>T\u00e9nor<\/strong>\u00a0\u00a0<strong><a href=\"https:\/\/www.danieljohannsen.com\/\" target=\"_blank\" rel=\"noopener\">Daniel Johannsen<\/a><\/strong>,\u00a0<a href=\"https:\/\/georgpoplutz.de\/\" target=\"_blank\" rel=\"noopener\"><strong>Georg Poplutz<\/strong><\/a><br \/>\n<strong>Baryton<\/strong>\u00a0<strong>\u00a0<a href=\"https:\/\/www.matthias-helm.com\/index.htm\" target=\"_blank\" rel=\"noopener\">Matthias Helm<\/a><\/strong><\/p>\n<p><span style=\"font-size: 24px;\">ORCHESTRE<\/span><\/p>\n<p><strong>1<sup>re <\/sup>Traverso\u00a0 <a href=\"https:\/\/www.johannabartz.com\/\" target=\"_blank\" rel=\"noopener\">Johanna Bartz<\/a><\/strong><br \/>\n<strong>2<sup>e <\/sup>Traverso<\/strong>\u00a0\u00a0<strong><a href=\"https:\/\/www.laguirlande.com\/\" target=\"_blank\" rel=\"noopener\">Luis Mart\u00ednez Pueyo<\/a><\/strong><br \/>\n<strong>1<sup>re <\/sup>Fl\u00fbte \u00e0 bec<\/strong> <strong>\u00a0<a href=\"http:\/\/www.ensemblematis.com\/mira-gloor.html\" target=\"_blank\" rel=\"noopener\">Mira Gloor<\/a><\/strong><br \/>\n<strong>2<sup>e <\/sup>Fl\u00fbte \u00e0 bec<\/strong>\u00a0\u00a0<strong><a href=\"http:\/\/www.ensemblematis.com\/hyeonho-jeon.html\" target=\"_blank\" rel=\"noopener\">HyeonHo Jeon<\/a><\/strong><br \/>\n<strong>1<sup>er <\/sup>Hautbois<\/strong>\u00a0\u00a0<strong><a href=\"https:\/\/muk.ac.at\/studienangebot\/lehrende\/details\/andreas-helm.html\" target=\"_blank\" rel=\"noopener\">Andreas Helm<\/a><\/strong><br \/>\n<strong>2<sup>e <\/sup>Hautbois\u00a0 <a href=\"https:\/\/clockbeatsorchestra.com\/musician\/ana-ines-feola\/\" target=\"_blank\" rel=\"noopener\">Ana In\u00e9s Feola<\/a><\/strong><br \/>\n<strong>3<sup>e <\/sup>Hautbois<\/strong>\u00a0\u00a0<a href=\"https:\/\/www.pinchgutopera.com.au\/amy-power\" target=\"_blank\" rel=\"noopener\"><strong>Amy Power<\/strong><\/a><br \/>\n<strong>4<sup>e <\/sup>Hautbois<\/strong> \u00a0<strong><a href=\"https:\/\/orquestabarrocadesevilla.com\/orquesta\/artistas-colaboradores\/solistas\/solistas-instrumentales\/emiliano-rodolfi-oboe\/\" target=\"_blank\" rel=\"noopener\">Emiliano Rodolfi<\/a><\/strong><br \/>\n<b>Basson<\/b>\u00a0 <a href=\"http:\/\/www.fagotteria.ch\/\" target=\"_blank\" rel=\"noopener\"><strong>Susann Landert<\/strong><\/a><br \/>\n<strong>Contrebasson\u00a0 <\/strong><strong><a href=\"https:\/\/akamus.de\/de\/musiker\/eckhard-lenzing\" target=\"_blank\" rel=\"noopener\">Eckhard Lenzing<\/a><\/strong><br \/>\n<strong>Cor\u00a0 <\/strong><a href=\"https:\/\/alexandrezanetta.com\/\" target=\"_blank\" rel=\"noopener\"><strong>Alexandre Zanetta<\/strong><\/a><\/p>\n<p><strong>1<sup>er<\/sup> Violons\u00a0 <a href=\"https:\/\/www.dermusikalischegarten.com\/de\/\" target=\"_blank\" rel=\"noopener\">Germ\u00e1n Echeverri Chamorro<\/a><\/strong> (premier violon), <a href=\"https:\/\/www.kammerorchesterbasel.ch\/de\/das-kammerorchester\/das-orchester.html\" target=\"_blank\" rel=\"noopener\"><strong>Matthias M\u00fcller<\/strong><\/a>, <a href=\"https:\/\/lenaruisz.studio\/\" target=\"_blank\" rel=\"noopener\"><strong>L\u00e9na Ruisz<\/strong><\/a>, <a href=\"https:\/\/goettinger-barockorchester.de\/\" target=\"_blank\" rel=\"noopener\"><strong>Hans-Henning Vater<\/strong><\/a>,\u00a0<a href=\"https:\/\/www.cantatacollective.org\/about#lisa-weiss\" target=\"_blank\" rel=\"noopener\"><strong>Lisa Weiss<\/strong><\/a>, <a href=\"https:\/\/www.fam-forumaltemusik.com\/rahel-wittlingausgeblendet\" target=\"_blank\" rel=\"noopener\"><strong>Rahel Wittling<\/strong><\/a><br \/>\n<strong>2<sup>e<\/sup> Violons<\/strong> \u00a0<a href=\"https:\/\/www.dermusikalischegarten.com\/de\/\" target=\"_blank\" rel=\"noopener\"><strong>Karoline Echeverri Klemm<\/strong><\/a> (deuxi\u00e8me violon), <a href=\"https:\/\/www.eskeniangeli.com\/biographies\" target=\"_blank\" rel=\"noopener\"><strong>Shant Eskenian<\/strong><\/a>, <a href=\"https:\/\/www.lespassions.ch\/de\/orchester\/musikerinnen\/jonas-krebs\/\" target=\"_blank\" rel=\"noopener\"><strong>Jonas Krebs<\/strong><\/a>, <a href=\"https:\/\/andresmurilloviolinist.com\/\" target=\"_blank\" rel=\"noopener\"><strong>Andr\u00e9s Murillo<\/strong><\/a>, <a href=\"https:\/\/www.instagram.com\/magdalenaschenkbader?utm_source=qr\" target=\"_blank\" rel=\"noopener\"><strong>Magdealena Schenk-Bader<\/strong><\/a><br \/>\n<strong>Alto<\/strong>\u00a0 <a href=\"https:\/\/www.lespassions.ch\/de\/orchester\/musikerinnen\/matthias-jaeggi\/\" target=\"_blank\" rel=\"noopener\"><strong>Matthias J\u00e4ggi<\/strong><\/a> (premier soliste), <a href=\"https:\/\/chicagopresents.uchicago.edu\/people\/jesus-merino-ruiz-violin\" target=\"_blank\" rel=\"noopener\"><strong>Jes\u00fas Merino Ruiz<\/strong><\/a>, <a href=\"https:\/\/lacetra.ch\/mitglieder\/joanna-michalak\/\" target=\"_blank\" rel=\"noopener\"><strong>Joanna Michalak<\/strong><\/a>, <a href=\"https:\/\/www1.wdr.de\/orchester-und-chor\/funkhausorchester\/orchester\/musikerinnen\/violen\/nobile-100.html\" target=\"_blank\" rel=\"noopener\"><strong>Gianmaria Nobile<\/strong><\/a><br \/>\n<strong>Viole d&rsquo;amour\u00a0 <a href=\"https:\/\/www.dermusikalischegarten.com\/de\/\" target=\"_blank\" rel=\"noopener\">Germ\u00e1n Echeverri Chamorro<\/a><\/strong>,\u00a0<strong><a href=\"https:\/\/www.dermusikalischegarten.com\/de\/\" target=\"_blank\" rel=\"noopener\">Karoline Echeverri Klemm<\/a><\/strong><br \/>\n<strong>Viole de gambe<\/strong> \u00a0<strong><a href=\"https:\/\/youtube.com\/user\/TreesOfThree\" target=\"_blank\" rel=\"noopener\">Giulio Tanasini<\/a><\/strong>, <a href=\"https:\/\/festivalcapuchos.com\/en\/artista\/bianca-cucini\/\" target=\"_blank\" rel=\"noopener\"><strong>Bianca Cucini<\/strong><\/a><\/p>\n<p><strong>Violoncelle<\/strong>\u00a0 <a href=\"https:\/\/www.alexjellici.com\/\" target=\"_blank\" rel=\"noopener\">\u00a0<strong>Alex Jellici<\/strong><\/a>, <a href=\"https:\/\/www.giuliosanna.com\/\" target=\"_blank\" rel=\"noopener\"><strong>Giulio Sanna<\/strong><\/a><br \/>\n<strong>Violone<\/strong>\u00a0 <a href=\"https:\/\/www.fritzkraemer.de\/markus_bernhard.htm\" target=\"_blank\" rel=\"noopener\"><strong>Markus Bernhard<\/strong><\/a>,\u00a0<strong><a href=\"https:\/\/www.lestroarmonico.com\/wp\/biographien\/gaeste-und-ehemalige-mitglieder\/shuko-sugama-kontrabass\/\" target=\"_blank\" rel=\"noopener\">Shuko Sugama<\/a><\/strong><br \/>\n<strong>Clavecin<\/strong>\u00a0\u00a0<strong><a href=\"https:\/\/sebastianwienand.com\/\" target=\"_blank\" rel=\"noopener\">Sebastian Wienand<\/a><\/strong><br \/>\n<strong>Orgue<\/strong>\u00a0<strong>\u00a0<a href=\"http:\/\/www.kellerjohannes.com\/\" target=\"_blank\" rel=\"noopener\">Johannes Keller<\/a><\/strong><br \/>\n<strong>Luth et guitare baroque<\/strong> <strong>\u00a0<a href=\"https:\/\/www.fhnw.ch\/de\/personen\/julian-behr\" target=\"_blank\" rel=\"noopener\">Julian Behr<\/a><\/strong><\/p>\n<p><span style=\"font-size: 24px;\">R\u00c9CITANTS<\/span><\/p>\n<p><strong>Judas<\/strong>\u00a0\u00a0<a href=\"https:\/\/www.bach-cantatas.com\/Bio\/Neiva-Luis.htm\" target=\"_blank\" rel=\"noopener\"><strong>Lu\u00eds Neiva<\/strong><\/a><br \/>\n<strong>Pierre<\/strong>\u00a0\u00a0<strong><a href=\"https:\/\/www.matthias-helm.com\/index.htm\" target=\"_blank\" rel=\"noopener\">Matthias Helm<\/a><\/strong><br \/>\n<strong>Grand pr\u00eatre\u00a0 <\/strong><a href=\"https:\/\/www.bach-cantatas.com\/Bio\/Quindere-Breno.htm\" target=\"_blank\" rel=\"noopener\"><strong>Breno Quinder\u00e9<\/strong><\/a><br \/>\n<strong>Servante<\/strong>\u00a0\u00a0<a href=\"https:\/\/www.stadt-zuerich.ch\/mkz-portal\/lehrperson\/409142\/Pujades_Segui_Maria\" target=\"_blank\" rel=\"noopener\"><strong>Maria Pujades Segu\u00ed<\/strong><\/a><br \/>\n<strong>Ponce Pilate<\/strong>\u00a0 <a href=\"https:\/\/www.muvac.com\/de\/profile\/damiano-capelli\" target=\"_blank\" rel=\"noopener\"><strong>Damiano Capelli<\/strong><\/a><br \/>\n<strong>Soldat<\/strong>\u00a0\u00a0<a href=\"https:\/\/www.michaelschwarze.ch\/\" target=\"_blank\" rel=\"noopener\"><strong>Michael Schwarze<\/strong><\/a><br \/>\n<strong>Centurion<\/strong>\u00a0\u00a0<a href=\"http:\/\/www.tiagoliveira.com\/\" target=\"_blank\" rel=\"noopener\"><strong>Tiago Oliveira<\/strong><\/a><\/p>\n<p><span style=\"font-size: 24px;\">CH\u0152UR<\/span><\/p>\n<p><strong>Soprano<\/strong>\u00a0 <a href=\"https:\/\/www.xn--jeannemarielelivre-5vb.com\/\" target=\"_blank\" rel=\"noopener\"><strong>Jeanne-Marie Leli\u00e8vre<\/strong><\/a>, <a href=\"https:\/\/www.hofhaymer-society.at\/charlotte-nachtsheim\/\" target=\"_blank\" rel=\"noopener\"><strong>Charlotte Nachtsheim<\/strong><\/a>, <a href=\"https:\/\/www.stadt-zuerich.ch\/mkz-portal\/lehrperson\/409142\/Pujades_Segui_Maria\" target=\"_blank\" rel=\"noopener\"><strong>Maria Pujades Segu\u00ed<\/strong><\/a>,\u00a0<a href=\"https:\/\/www.mirjam-striegel.de\/\" target=\"_blank\" rel=\"noopener\"><strong>Mirjam Striegel<\/strong><\/a>,\u00a0<strong><a href=\"http:\/\/www.anastasiaterranova.com\/\" target=\"_blank\" rel=\"noopener\">Anastasia Terranova<\/a><\/strong><br \/>\n<strong>Alto<\/strong>\u00a0 <a href=\"https:\/\/www.bach-cantatas.com\/Bio\/Aadland-Ingeborg.htm\" target=\"_blank\" rel=\"noopener\"><strong>Ingeborg Aadland<\/strong><\/a>,\u00a0<a href=\"http:\/\/www.giovannabaviera.com\/\" target=\"_blank\" rel=\"noopener\"><strong>Giovanna Baviera<\/strong><\/a>,\u00a0<a href=\"https:\/\/www.renateberger.ch\/\" target=\"_blank\" rel=\"noopener\"><strong>Renate Berger<\/strong>,<\/a>\u00a0<strong><a href=\"https:\/\/www.bach-cantatas.com\/Bio\/Knaus-Tobias.htm\" target=\"_blank\" rel=\"noopener\">Tobias Knaus<\/a><\/strong><br \/>\n<strong>T\u00e9nor<\/strong>\u00a0\u00a0<a href=\"http:\/\/www.tiagoliveira.com\/\" target=\"_blank\" rel=\"noopener\"><strong>Tiago Oliveira<\/strong><\/a>, <strong><a href=\"https:\/\/www.bach-cantatas.com\/Bio\/Szanto-Csongor.htm\" target=\"_blank\" rel=\"noopener\">Csongor Sz\u00e1nt\u00f3<\/a><\/strong>, <a href=\"http:\/\/www.christopherwattam.com\/\" target=\"_blank\" rel=\"noopener\"><strong>Christopher Wattam<\/strong><\/a>, <strong><a href=\"https:\/\/www.resonando.de\/pages\/label-resonando\" target=\"_blank\" rel=\"noopener\">Johannes Wallbrecher<\/a><\/strong><br \/>\n<strong>Ba<\/strong><strong>sse<\/strong>\u00a0 <a href=\"https:\/\/www.muvac.com\/de\/profile\/damiano-capelli\" target=\"_blank\" rel=\"noopener\"><strong>Damiano Capelli<\/strong><\/a>, <a href=\"https:\/\/abendmusiken-basel.ch\/Musiker\/Mattmueller\/00.Mattmueller.html\" target=\"_blank\" rel=\"noopener\"><strong>Sebastian Mattm\u00fcller<\/strong><\/a>, <strong><a href=\"https:\/\/www.bach-cantatas.com\/Bio\/Neiva-Luis.htm\" target=\"_blank\" rel=\"noopener\">Lu\u00eds Neiva<\/a><\/strong>, <a href=\"https:\/\/www.bach-cantatas.com\/Bio\/Quindere-Breno.htm\" target=\"_blank\" rel=\"noopener\"><strong>Breno Quinder\u00e9<\/strong><\/a>, <a href=\"https:\/\/www.michaelschwarze.ch\/\" target=\"_blank\" rel=\"noopener\"><strong>Michael Schwarze<\/strong><\/a><\/p>\n<p><span style=\"font-size: 24px;\">CHEF D&rsquo;ORCHESTRE<\/span><\/p>\n<p><a href=\"http:\/\/www.nikolausmatthes.org\/fr\" target=\"_blank\" rel=\"noopener\"><strong>Nikolaus Matthes<\/strong><\/a><\/p>\n<p><span style=\"font-size: 24px;\">\u00c9QUIPE DE PRODUCTION<\/span><\/p>\n<p><strong>Gestion du projet et de la production<\/strong> \u00a0<a href=\"http:\/\/www.nikolausmatthes.org\/fr\" target=\"_blank\" rel=\"noopener\"><strong>Nikolaus Matthes<\/strong><\/a><br \/>\n<strong>Soutien \u00e0 la production, transports, logistique, restauration\u00a0 <\/strong>Stefan Toth, Manuel Sutter<br \/>\n<strong>Graphique\u00a0 <\/strong><strong><a href=\"https:\/\/tsign.ch\/de\/\" target=\"_blank\" rel=\"noopener\">T&rsquo;SIGN Werbeagentur<\/a><\/strong><br \/>\n<strong>Assistance musicale\u00a0 <\/strong><strong><a href=\"http:\/\/www.kellerjohannes.com\/\" target=\"_blank\" rel=\"noopener\">Johannes Keller<\/a><\/strong><\/p>\n<\/div><\/div><\/div><\/div><\/div>\n","protected":false},"excerpt":{"rendered":"","protected":false},"author":1,"featured_media":0,"parent":0,"menu_order":0,"comment_status":"closed","ping_status":"closed","template":"100-width.php","meta":{"footnotes":""},"class_list":["post-4167","page","type-page","status-publish","hentry"],"_links":{"self":[{"href":"https:\/\/markuspassion.org\/fr\/wp-json\/wp\/v2\/pages\/4167","targetHints":{"allow":["GET"]}}],"collection":[{"href":"https:\/\/markuspassion.org\/fr\/wp-json\/wp\/v2\/pages"}],"about":[{"href":"https:\/\/markuspassion.org\/fr\/wp-json\/wp\/v2\/types\/page"}],"author":[{"embeddable":true,"href":"https:\/\/markuspassion.org\/fr\/wp-json\/wp\/v2\/users\/1"}],"replies":[{"embeddable":true,"href":"https:\/\/markuspassion.org\/fr\/wp-json\/wp\/v2\/comments?post=4167"}],"version-history":[{"count":14,"href":"https:\/\/markuspassion.org\/fr\/wp-json\/wp\/v2\/pages\/4167\/revisions"}],"predecessor-version":[{"id":5077,"href":"https:\/\/markuspassion.org\/fr\/wp-json\/wp\/v2\/pages\/4167\/revisions\/5077"}],"wp:attachment":[{"href":"https:\/\/markuspassion.org\/fr\/wp-json\/wp\/v2\/media?parent=4167"}],"curies":[{"name":"wp","href":"https:\/\/api.w.org\/{rel}","templated":true}]}}