{"id":4158,"date":"2025-10-14T11:47:01","date_gmt":"2025-10-14T09:47:01","guid":{"rendered":"https:\/\/www.markuspassion.org\/2026-goettingen\/"},"modified":"2026-04-02T12:24:50","modified_gmt":"2026-04-02T10:24:50","slug":"2026-goettingen","status":"publish","type":"page","link":"https:\/\/markuspassion.org\/fr\/2026-goettingen\/","title":{"rendered":"2026 \u2013 G\u00f6ttingen"},"content":{"rendered":"<div class=\"fusion-fullwidth fullwidth-box fusion-builder-row-1 fusion-flex-container has-pattern-background has-mask-background nonhundred-percent-fullwidth non-hundred-percent-height-scrolling\" style=\"--awb-border-radius-top-left:0px;--awb-border-radius-top-right:0px;--awb-border-radius-bottom-right:0px;--awb-border-radius-bottom-left:0px;--awb-padding-top:10%;--awb-padding-right:30%;--awb-padding-left:30%;--awb-padding-top-medium:20%;--awb-padding-right-medium:7%;--awb-padding-left-medium:7%;--awb-padding-top-small:22%;--awb-padding-right-small:7%;--awb-padding-left-small:7%;--awb-flex-wrap:wrap;\" ><div class=\"fusion-builder-row fusion-row fusion-flex-align-items-flex-start fusion-flex-content-wrap\" style=\"max-width:1248px;margin-left: calc(-4% \/ 2 );margin-right: calc(-4% \/ 2 );\"><div class=\"fusion-layout-column fusion_builder_column fusion-builder-column-0 fusion_builder_column_1_1 1_1 fusion-flex-column\" style=\"--awb-bg-blend:overlay;--awb-bg-size:cover;--awb-width-large:100%;--awb-margin-top-large:0px;--awb-spacing-right-large:1.92%;--awb-margin-bottom-large:0px;--awb-spacing-left-large:1.92%;--awb-width-medium:100%;--awb-spacing-right-medium:1.92%;--awb-spacing-left-medium:1.92%;--awb-width-small:100%;--awb-spacing-right-small:1.92%;--awb-spacing-left-small:1.92%;\"><div class=\"fusion-column-wrapper fusion-flex-justify-content-flex-start fusion-content-layout-column\"><div class=\"fusion-text fusion-text-1\"><h1><span style=\"font-size: 32px;\">PREMI\u00c8RE REPR\u00c9SENTATION<br \/>\nEN ALLEMAGNE<\/span><br \/>\n<span style=\"font-size: 32px;\">G\u00d6TTINGEN, MARS 2026<\/span><\/h1>\n<p><a href=\"https:\/\/jacobikantorei.de\/\" target=\"_blank\" rel=\"noopener\"><img decoding=\"async\" class=\"alignnone wp-image-3363 \" src=\"https:\/\/www.markuspassion.org\/wp-content\/uploads\/2025\/01\/Visual-Markuspassions-Goettingen-rgb_klein-300x223.jpg\" alt=\"\" width=\"531\" height=\"395\" srcset=\"https:\/\/markuspassion.org\/wp-content\/uploads\/2025\/01\/Visual-Markuspassions-Goettingen-rgb_klein-200x149.jpg 200w, https:\/\/markuspassion.org\/wp-content\/uploads\/2025\/01\/Visual-Markuspassions-Goettingen-rgb_klein-300x223.jpg 300w, https:\/\/markuspassion.org\/wp-content\/uploads\/2025\/01\/Visual-Markuspassions-Goettingen-rgb_klein-400x298.jpg 400w, https:\/\/markuspassion.org\/wp-content\/uploads\/2025\/01\/Visual-Markuspassions-Goettingen-rgb_klein-600x447.jpg 600w, https:\/\/markuspassion.org\/wp-content\/uploads\/2025\/01\/Visual-Markuspassions-Goettingen-rgb_klein-768x572.jpg 768w, https:\/\/markuspassion.org\/wp-content\/uploads\/2025\/01\/Visual-Markuspassions-Goettingen-rgb_klein-800x596.jpg 800w, https:\/\/markuspassion.org\/wp-content\/uploads\/2025\/01\/Visual-Markuspassions-Goettingen-rgb_klein.jpg 822w\" sizes=\"(max-width: 531px) 100vw, 531px\" \/><\/a><\/p>\n<p><span style=\"font-size: 22px;\">\u00ab Une ovation debout \u00e0 la fin d&rsquo;une repr\u00e9sentation d&rsquo;une Passion : cela arrive rarement. Mais la repr\u00e9sentation de la Passion selon St-Marc de Nikolaus Matthes samedi dernier \u00e0 l&rsquo;\u00e9glise de St. Jacobi a soulev\u00e9 le public de ses si\u00e8ges. \u00bb<\/span><br \/>\n<strong><a href=\"https:\/\/www.nikolausmatthes.org\/wp-content\/uploads\/2026\/03\/2026-03-09_MP_GOe_Rezension_Goettinger_Tageblatt-scaled.jpg\" target=\"_blank\" rel=\"noopener\">G\u00f6ttinger Tageblatt<\/a><\/strong><br \/>\n<em>Michael Sch\u00e4fer, 9 mars 2026<\/em><\/p>\n<p>.-.-.-.-.-.-.-.-.-.<\/p>\n<p>Les samedi et dimanche 7 et 8 mars 2026, la premi\u00e8re repr\u00e9sentation de la Passion selon St-Marc en Allemagne a eu lieu le week-end dernier \u00e0 G\u00f6ttingen. Lors de deux concerts donn\u00e9s \u00e0 la Jacobikirche de G\u00f6ttingen, la Jacobikantorei, le ch\u0153ur de chambre St. Jacobi, l&rsquo;orchestre baroque de G\u00f6ttingen et cinq solistes vocaux ont interpr\u00e9t\u00e9 la Passion selon St-Marc sous la direction du Cantor Stefan Kordes. Nous remercions chaleureusement Stefan Kordes et toutes les personnes impliqu\u00e9es pour leur engagement et leurs interpr\u00e9tations \u00e9mouvantes.<\/p>\n<p><a href=\"https:\/\/www.markuspassion.org\/wp-content\/uploads\/2026\/02\/2026_MP_GOe_Programmheft_Matthes-Markuspassion.pdf\" target=\"_blank\" rel=\"noopener\"><strong>Vous pouvez consulter ici le programme des concerts \u00e0 G\u00f6ttingen<\/strong><\/a>.<\/p>\n<p><strong><a href=\"https:\/\/www.markuspassion.org\/wp-content\/uploads\/2026\/02\/Matthes_Kordes-Foto-Wolfgang-Beisert-scaled.jpg\" target=\"_blank\" rel=\"noopener\"><img decoding=\"async\" class=\"alignnone wp-image-4775 size-medium\" src=\"https:\/\/www.markuspassion.org\/wp-content\/uploads\/2026\/02\/Matthes_Kordes-Foto-Wolfgang-Beisert-300x225.jpg\" alt=\"\" width=\"300\" height=\"225\" srcset=\"https:\/\/markuspassion.org\/wp-content\/uploads\/2026\/02\/Matthes_Kordes-Foto-Wolfgang-Beisert-200x150.jpg 200w, https:\/\/markuspassion.org\/wp-content\/uploads\/2026\/02\/Matthes_Kordes-Foto-Wolfgang-Beisert-300x225.jpg 300w, https:\/\/markuspassion.org\/wp-content\/uploads\/2026\/02\/Matthes_Kordes-Foto-Wolfgang-Beisert-400x300.jpg 400w, https:\/\/markuspassion.org\/wp-content\/uploads\/2026\/02\/Matthes_Kordes-Foto-Wolfgang-Beisert-600x450.jpg 600w, https:\/\/markuspassion.org\/wp-content\/uploads\/2026\/02\/Matthes_Kordes-Foto-Wolfgang-Beisert-768x576.jpg 768w, https:\/\/markuspassion.org\/wp-content\/uploads\/2026\/02\/Matthes_Kordes-Foto-Wolfgang-Beisert-800x600.jpg 800w, https:\/\/markuspassion.org\/wp-content\/uploads\/2026\/02\/Matthes_Kordes-Foto-Wolfgang-Beisert-1024x769.jpg 1024w, https:\/\/markuspassion.org\/wp-content\/uploads\/2026\/02\/Matthes_Kordes-Foto-Wolfgang-Beisert-1200x901.jpg 1200w, https:\/\/markuspassion.org\/wp-content\/uploads\/2026\/02\/Matthes_Kordes-Foto-Wolfgang-Beisert-1536x1153.jpg 1536w, https:\/\/markuspassion.org\/wp-content\/uploads\/2026\/02\/Matthes_Kordes-Foto-Wolfgang-Beisert-scaled.jpg 2560w\" sizes=\"(max-width: 300px) 100vw, 300px\" \/><\/a><br \/>\n<span style=\"font-size: 12px;\">Nikolaus Matthes et Stefan Kordes ; 16 f\u00e9vrier 2026<br \/>\nPhoto <\/span><\/strong><span style=\"font-size: 12px;\"><strong>\u00a9 Wolfgang Beisert 2026<\/strong><\/span><\/p>\n<p><strong><a href=\"https:\/\/www.markuspassion.org\/wp-content\/uploads\/2026\/03\/2026-03-06_Matthes-Markuspassion-Generalprobe-scaled.jpg\" target=\"_blank\" rel=\"noopener\"><img decoding=\"async\" class=\"alignnone wp-image-4958 size-medium\" src=\"https:\/\/www.markuspassion.org\/wp-content\/uploads\/2026\/03\/2026-03-06_Matthes-Markuspassion-Generalprobe-300x228.jpg\" alt=\"\" width=\"300\" height=\"228\" srcset=\"https:\/\/markuspassion.org\/wp-content\/uploads\/2026\/03\/2026-03-06_Matthes-Markuspassion-Generalprobe-200x152.jpg 200w, https:\/\/markuspassion.org\/wp-content\/uploads\/2026\/03\/2026-03-06_Matthes-Markuspassion-Generalprobe-300x228.jpg 300w, https:\/\/markuspassion.org\/wp-content\/uploads\/2026\/03\/2026-03-06_Matthes-Markuspassion-Generalprobe-400x304.jpg 400w, https:\/\/markuspassion.org\/wp-content\/uploads\/2026\/03\/2026-03-06_Matthes-Markuspassion-Generalprobe-600x456.jpg 600w, https:\/\/markuspassion.org\/wp-content\/uploads\/2026\/03\/2026-03-06_Matthes-Markuspassion-Generalprobe-768x584.jpg 768w, https:\/\/markuspassion.org\/wp-content\/uploads\/2026\/03\/2026-03-06_Matthes-Markuspassion-Generalprobe-800x608.jpg 800w, https:\/\/markuspassion.org\/wp-content\/uploads\/2026\/03\/2026-03-06_Matthes-Markuspassion-Generalprobe-1024x779.jpg 1024w, https:\/\/markuspassion.org\/wp-content\/uploads\/2026\/03\/2026-03-06_Matthes-Markuspassion-Generalprobe-1200x913.jpg 1200w, https:\/\/markuspassion.org\/wp-content\/uploads\/2026\/03\/2026-03-06_Matthes-Markuspassion-Generalprobe-1536x1168.jpg 1536w, https:\/\/markuspassion.org\/wp-content\/uploads\/2026\/03\/2026-03-06_Matthes-Markuspassion-Generalprobe-scaled.jpg 2560w\" sizes=\"(max-width: 300px) 100vw, 300px\" \/><\/a><br \/>\n<span style=\"font-size: 12px;\">R\u00e9p\u00e9tition g\u00e9nerale \u00e0 l&rsquo;\u00e9glise de St. Jacobi ; 6 mars 2026<\/span><br \/>\n<span style=\"font-size: 12px;\">Photo \u00a9 Katrin Benary 2026<\/span><\/strong><\/p>\n<p><strong><a href=\"https:\/\/www.markuspassion.org\/wp-content\/uploads\/2026\/03\/Markuspassion-Goettingen-Perez-Johannsen-scaled.jpg\" target=\"_blank\" rel=\"noopener\"><img decoding=\"async\" class=\"alignnone wp-image-5095 size-medium\" src=\"https:\/\/www.markuspassion.org\/wp-content\/uploads\/2026\/03\/Markuspassion-Goettingen-Perez-Johannsen-300x183.jpg\" alt=\"\" width=\"300\" height=\"183\" srcset=\"https:\/\/markuspassion.org\/wp-content\/uploads\/2026\/03\/Markuspassion-Goettingen-Perez-Johannsen-200x122.jpg 200w, https:\/\/markuspassion.org\/wp-content\/uploads\/2026\/03\/Markuspassion-Goettingen-Perez-Johannsen-300x183.jpg 300w, https:\/\/markuspassion.org\/wp-content\/uploads\/2026\/03\/Markuspassion-Goettingen-Perez-Johannsen-400x244.jpg 400w, https:\/\/markuspassion.org\/wp-content\/uploads\/2026\/03\/Markuspassion-Goettingen-Perez-Johannsen-600x366.jpg 600w, https:\/\/markuspassion.org\/wp-content\/uploads\/2026\/03\/Markuspassion-Goettingen-Perez-Johannsen-768x469.jpg 768w, https:\/\/markuspassion.org\/wp-content\/uploads\/2026\/03\/Markuspassion-Goettingen-Perez-Johannsen-800x488.jpg 800w, https:\/\/markuspassion.org\/wp-content\/uploads\/2026\/03\/Markuspassion-Goettingen-Perez-Johannsen-1024x625.jpg 1024w, https:\/\/markuspassion.org\/wp-content\/uploads\/2026\/03\/Markuspassion-Goettingen-Perez-Johannsen-1200x733.jpg 1200w, https:\/\/markuspassion.org\/wp-content\/uploads\/2026\/03\/Markuspassion-Goettingen-Perez-Johannsen-1536x938.jpg 1536w, https:\/\/markuspassion.org\/wp-content\/uploads\/2026\/03\/Markuspassion-Goettingen-Perez-Johannsen-scaled.jpg 2560w\" sizes=\"(max-width: 300px) 100vw, 300px\" \/><\/a><\/strong>\u00a0 \u00a0 <strong><a href=\"https:\/\/www.markuspassion.org\/wp-content\/uploads\/2026\/03\/Markuspassion-Goettingen-mit-Soli-scaled.jpg\" target=\"_blank\" rel=\"noopener\"><img decoding=\"async\" class=\"alignnone wp-image-5091 size-medium\" src=\"https:\/\/www.markuspassion.org\/wp-content\/uploads\/2026\/03\/Markuspassion-Goettingen-mit-Soli-300x187.jpg\" alt=\"\" width=\"300\" height=\"187\" srcset=\"https:\/\/markuspassion.org\/wp-content\/uploads\/2026\/03\/Markuspassion-Goettingen-mit-Soli-200x124.jpg 200w, https:\/\/markuspassion.org\/wp-content\/uploads\/2026\/03\/Markuspassion-Goettingen-mit-Soli-300x187.jpg 300w, https:\/\/markuspassion.org\/wp-content\/uploads\/2026\/03\/Markuspassion-Goettingen-mit-Soli-400x249.jpg 400w, https:\/\/markuspassion.org\/wp-content\/uploads\/2026\/03\/Markuspassion-Goettingen-mit-Soli-600x373.jpg 600w, https:\/\/markuspassion.org\/wp-content\/uploads\/2026\/03\/Markuspassion-Goettingen-mit-Soli-768x478.jpg 768w, https:\/\/markuspassion.org\/wp-content\/uploads\/2026\/03\/Markuspassion-Goettingen-mit-Soli-800x498.jpg 800w, https:\/\/markuspassion.org\/wp-content\/uploads\/2026\/03\/Markuspassion-Goettingen-mit-Soli-1024x637.jpg 1024w, https:\/\/markuspassion.org\/wp-content\/uploads\/2026\/03\/Markuspassion-Goettingen-mit-Soli-1200x746.jpg 1200w, https:\/\/markuspassion.org\/wp-content\/uploads\/2026\/03\/Markuspassion-Goettingen-mit-Soli-1536x955.jpg 1536w, https:\/\/markuspassion.org\/wp-content\/uploads\/2026\/03\/Markuspassion-Goettingen-mit-Soli-scaled.jpg 2560w\" sizes=\"(max-width: 300px) 100vw, 300px\" \/><\/a><\/strong><\/p>\n<p><strong><a href=\"https:\/\/www.markuspassion.org\/wp-content\/uploads\/2026\/03\/Markuspassion-Goettingen-mit-Soli-und-Nikolaus-Matthes-scaled.jpg\" target=\"_blank\" rel=\"noopener\"><img decoding=\"async\" class=\"alignnone wp-image-5087 size-medium\" src=\"https:\/\/www.markuspassion.org\/wp-content\/uploads\/2026\/03\/Markuspassion-Goettingen-mit-Soli-und-Nikolaus-Matthes-300x203.jpg\" alt=\"\" width=\"300\" height=\"203\" srcset=\"https:\/\/markuspassion.org\/wp-content\/uploads\/2026\/03\/Markuspassion-Goettingen-mit-Soli-und-Nikolaus-Matthes-200x135.jpg 200w, https:\/\/markuspassion.org\/wp-content\/uploads\/2026\/03\/Markuspassion-Goettingen-mit-Soli-und-Nikolaus-Matthes-300x203.jpg 300w, https:\/\/markuspassion.org\/wp-content\/uploads\/2026\/03\/Markuspassion-Goettingen-mit-Soli-und-Nikolaus-Matthes-400x270.jpg 400w, https:\/\/markuspassion.org\/wp-content\/uploads\/2026\/03\/Markuspassion-Goettingen-mit-Soli-und-Nikolaus-Matthes-600x405.jpg 600w, https:\/\/markuspassion.org\/wp-content\/uploads\/2026\/03\/Markuspassion-Goettingen-mit-Soli-und-Nikolaus-Matthes-768x519.jpg 768w, https:\/\/markuspassion.org\/wp-content\/uploads\/2026\/03\/Markuspassion-Goettingen-mit-Soli-und-Nikolaus-Matthes-800x540.jpg 800w, https:\/\/markuspassion.org\/wp-content\/uploads\/2026\/03\/Markuspassion-Goettingen-mit-Soli-und-Nikolaus-Matthes-1024x691.jpg 1024w, https:\/\/markuspassion.org\/wp-content\/uploads\/2026\/03\/Markuspassion-Goettingen-mit-Soli-und-Nikolaus-Matthes-1200x810.jpg 1200w, https:\/\/markuspassion.org\/wp-content\/uploads\/2026\/03\/Markuspassion-Goettingen-mit-Soli-und-Nikolaus-Matthes-1536x1037.jpg 1536w, https:\/\/markuspassion.org\/wp-content\/uploads\/2026\/03\/Markuspassion-Goettingen-mit-Soli-und-Nikolaus-Matthes-scaled.jpg 2560w\" sizes=\"(max-width: 300px) 100vw, 300px\" \/><\/a><\/strong>\u00a0 \u00a0 <strong><a href=\"https:\/\/www.markuspassion.org\/wp-content\/uploads\/2026\/03\/Markuspassion-Goettingen-mit-Soli-und-Komponist-scaled.jpg\" target=\"_blank\" rel=\"noopener\"><img decoding=\"async\" class=\"alignnone wp-image-5083 size-medium\" src=\"https:\/\/www.markuspassion.org\/wp-content\/uploads\/2026\/03\/Markuspassion-Goettingen-mit-Soli-und-Komponist-300x200.jpg\" alt=\"\" width=\"300\" height=\"200\" srcset=\"https:\/\/markuspassion.org\/wp-content\/uploads\/2026\/03\/Markuspassion-Goettingen-mit-Soli-und-Komponist-200x133.jpg 200w, https:\/\/markuspassion.org\/wp-content\/uploads\/2026\/03\/Markuspassion-Goettingen-mit-Soli-und-Komponist-300x200.jpg 300w, https:\/\/markuspassion.org\/wp-content\/uploads\/2026\/03\/Markuspassion-Goettingen-mit-Soli-und-Komponist-400x267.jpg 400w, https:\/\/markuspassion.org\/wp-content\/uploads\/2026\/03\/Markuspassion-Goettingen-mit-Soli-und-Komponist-600x400.jpg 600w, https:\/\/markuspassion.org\/wp-content\/uploads\/2026\/03\/Markuspassion-Goettingen-mit-Soli-und-Komponist-768x512.jpg 768w, https:\/\/markuspassion.org\/wp-content\/uploads\/2026\/03\/Markuspassion-Goettingen-mit-Soli-und-Komponist-800x533.jpg 800w, https:\/\/markuspassion.org\/wp-content\/uploads\/2026\/03\/Markuspassion-Goettingen-mit-Soli-und-Komponist-1024x683.jpg 1024w, https:\/\/markuspassion.org\/wp-content\/uploads\/2026\/03\/Markuspassion-Goettingen-mit-Soli-und-Komponist-1200x800.jpg 1200w, https:\/\/markuspassion.org\/wp-content\/uploads\/2026\/03\/Markuspassion-Goettingen-mit-Soli-und-Komponist-1536x1024.jpg 1536w, https:\/\/markuspassion.org\/wp-content\/uploads\/2026\/03\/Markuspassion-Goettingen-mit-Soli-und-Komponist-scaled.jpg 2560w\" sizes=\"(max-width: 300px) 100vw, 300px\" \/><\/a><\/strong><\/p>\n<p><span style=\"font-size: 12px;\"><strong>Concert du 7 mars 2026; \u00c9glise de St. Jacobi, G\u00f6ttingen<br \/>\nPhotos \u00a9 Katrin Benary 2026<\/strong><\/span><\/p>\n<p>.-.-.-.-.-.-.-.-.-.<\/p>\n<p><span style=\"font-size: 24px;\">COMMUNIQU\u00c9S DE PRESSE &#8211; ANNONCES PR\u00c9ALABLES<\/span><\/p>\n<p><strong><a href=\"https:\/\/kulturbuero-goettingen.de\/artikel?view=article&amp;id=1443:neue-markuspassion-nach-bach-vortragsreihe-und-deutsche-erstauffuehrung&amp;catid=1183:terminankuendigung\" target=\"_blank\" rel=\"noopener\">Kulturb\u00fcro G\u00f6ttingen<\/a><\/strong><br \/>\nNeue Markuspassion nach Bach: Vortragsreihe und Deutsche Erstauff\u00fchrung<br \/>\n( Nouvelle Passion selon St-Marc d&rsquo;apr\u00e8s Bach : s\u00e9rie de conf\u00e9rences et premi\u00e8re repr\u00e9sentation en Allemagne )<br \/>\n<em><strong>Jens Wortmann; 15 janvier 2026<\/strong><\/em><\/p>\n<p><strong><a href=\"http:\/\/www.klassik-heute.com\/4daction\/www_aktuelles_meldung?id=31263\" target=\"_blank\" rel=\"noopener\">Klassik heute<\/a><\/strong><br \/>\nDeutsche Erstauff\u00fchrung von Nikolaus Matthes&rsquo; \u00bbMarkuspassion\u00ab<br \/>\n( Premi\u00e8re repr\u00e9sentation en Allemagne de la \u00abPassion selon St-Marc\u00bb de Nikolaus Matthes )<br \/>\n<em><strong>12 f\u00e9vrier 2026<\/strong><\/em><\/p>\n<p><a href=\"https:\/\/www.markuspassion.org\/wp-content\/uploads\/2026\/02\/Novelletten-299.pdf\" target=\"_blank\" rel=\"noopener\"><strong>G\u00f6ttinger Kammermusikgesellschaft e. V.<\/strong><\/a><br \/>\nMarkuspassion von Nikolaus Matthes am 7. und 8. M\u00e4rz in St. Jacobi<br \/>\n(Passion selon St-Marc de Nikolaus Matthes, le 7 et 8 mars \u00e0 l&rsquo;\u00e9glise de St. Jacobi)<br \/>\nNovellette n\u00b0 299 de Michael Sch\u00e4fer &#8211; Article aux pages 1 et 6<br \/>\n<em><strong>18 f\u00e9vrier 2026<\/strong><\/em><\/p>\n<p><a href=\"https:\/\/www.markuspassion.org\/wp-content\/uploads\/2026\/02\/2026-02-20_Goettinger_Tageblatt_Interview_Matthes-Kordes.jpg\" target=\"_blank\" rel=\"noopener\"><strong>G\u00f6ttinger Tageblatt<\/strong><\/a><br \/>\n\u00bbEin wunderbarer Zufall\u00ab &#8211; Deutsche Erstauff\u00fchrung: Nikolaus Matthes&rsquo; Markuspassion nach Johann Sebastian Bach erklingt in St. Jacobi<br \/>\n( \u00ab Une co\u00efncidence merveilleuse \u00bb &#8211; Premi\u00e8re repr\u00e9sentation en Allemagne : la Passion selon St-Marc de Nikolaus Matthes d&rsquo;apr\u00e8s Jean-S\u00e9bastien Bach, en concert \u00e0 l&rsquo;\u00e9glise de Saint-Jacobi )<br \/>\n<em><strong>Interview: Udo Hinz ; 20 f\u00e9vrier 2026<\/strong><\/em><\/p>\n<p><strong><a href=\"https:\/\/www.markuspassion.org\/wp-content\/uploads\/2026\/03\/2026-02-22_kulturbuero-goettingen.pdf\" target=\"_blank\" rel=\"noopener\">Kulturb\u00fcro G\u00f6ttingen<\/a><\/strong><br \/>\nDie verlorene Passion<br \/>\n( La Passion perdue )<br \/>\n<em><strong>Jens Wortmann; 22 f\u00e9vrier 2026<\/strong><\/em><\/p>\n<p><span style=\"font-size: 22px;\">CRITIQUES<\/span><\/p>\n<p><strong><a href=\"https:\/\/www.markuspassion.org\/wp-content\/uploads\/2026\/03\/2026-03-08_kulturbuero-goettingen.pdf\" target=\"_blank\" rel=\"noopener\">Kulturb\u00fcro G\u00f6ttingen<\/a><\/strong><br \/>\n<a href=\"https:\/\/kulturbuero-goettingen.de\/artikel?view=article&amp;id=1522:eine-passion-zwischen-bach-und-gegenwart&amp;catid=980:rezensionen\" target=\"_blank\" rel=\"noopener\">Eine Passion zwischen Bach und Gegenwart<\/a><br \/>\n( Une Passion entre Bach et le pr\u00e9sent )<br \/>\n<em><strong>Jens Wortmann; 8 mars 2026<\/strong><\/em><\/p>\n<p><a href=\"https:\/\/www.markuspassion.org\/wp-content\/uploads\/2026\/04\/2026-03-00_o-ton.online.pdf\" target=\"_blank\" rel=\"noopener\"><strong>O-Ton online<\/strong><\/a><br \/>\n<a href=\"https:\/\/kulturbuero-goettingen.de\/artikel?view=article&amp;id=1522:eine-passion-zwischen-bach-und-gegenwart&amp;catid=980:rezensionen\" target=\"_blank\" rel=\"noopener\">Doch kein Gr\u00f6\u00dfenwahn<\/a><br \/>\n( Ce n&rsquo;est pas de la m\u00e9galomanie, apr\u00e8s tout ! )<br \/>\n<em><strong>Michael Ritter; 8 mars 2026<\/strong><\/em><\/p>\n<p><a href=\"https:\/\/www.markuspassion.org\/wp-content\/uploads\/2026\/03\/2026-03-09_MP_GOe_Rezension_Goettinger_Tageblatt-scaled.jpg\" target=\"_blank\" rel=\"noopener\"><strong>G\u00f6ttinger Tageblatt<\/strong><\/a><br \/>\n<a href=\"https:\/\/www.goettinger-tageblatt.de\/lokales\/goettingen-lk\/goettingen\/barocke-musik-komponiert-im-21-jahrhundert-markuspassion-feiert-deutsche-erstauffuehrung-in-745D4YULRVHEBHACAKEWGV6JOY.html?outputType=valid_amp\" target=\"_blank\" rel=\"noopener\">Barocke Musik, komponiert im 21. Jahrhundert<\/a><br \/>\n( Musique baroque, compos\u00e9 au XXIe si\u00e8cle )<br \/>\n<em><strong>Michael Sch\u00e4fer; 9 mars 2026<\/strong><\/em><\/p>\n<p><a href=\"https:\/\/www.markuspassion.org\/wp-content\/uploads\/2026\/03\/Novelletten-303.pdf\" target=\"_blank\" rel=\"noopener\"><strong>G\u00f6ttinger Kammermusikgesellschaft e. V.<\/strong><\/a><br \/>\nDeutsche Erstauff\u00fchrung der Markuspassion von Nikolaus Matthes<br \/>\n( Premi\u00e8re repr\u00e9sentation de la Passion selon St-Marc de Nikolaus Matthes en Allemagne )<br \/>\nNovellette n\u00b0 303 de Michael Sch\u00e4fer &#8211; Article aux pages 1 \u00e0 4<br \/>\n<em><strong>10 mars 2026<\/strong><\/em><\/p>\n<p>.-.-.-.-.-.-.-.-.-.<\/p>\n<p><span style=\"font-size: 24px;\"><a href=\"https:\/\/www.markuspassion.org\/wp-content\/uploads\/2026\/04\/2192-Karfreitag-2026.pdf\" target=\"_blank\" rel=\"noopener\">M\u00c9DITATION SUR L&rsquo;HEURE DE LA MORT DE J\u00c9SUS<\/a><\/span><br \/>\n<a href=\"https:\/\/www.markuspassion.org\/wp-content\/uploads\/2026\/04\/2192-Karfreitag-2026.pdf\" target=\"_blank\" rel=\"noopener\"><span style=\"font-size: 24px;\">Vendredi saint, 3 April 2026, 15 h &#8211; \u00c9glise de St. Jacobi<\/span><\/a><\/p>\n<p>Le r\u00e9cit de la Passion selon l&rsquo;\u00e9vang\u00e9liste Marc<br \/>\nAvec des chorals et des pi\u00e8ces pour ch\u0153ur tir\u00e9s de la Passion selon St-Marc de Nikolaus Matthes, apr\u00e8s J. S. Bach (2019\/2020)<br \/>\n<strong>Ch\u0153ur de chambre St. Jacobi<\/strong><br \/>\n<strong>Liturgie<\/strong>\u00a0 \u00a0 Pasteur \u00c1ron Bence<br \/>\n<strong>Direction musicale<\/strong>\u00a0 \u00a0 Stefan Kordes<\/p>\n<p>.-.-.-.-.-.-.-.-.-.<\/p>\n<p><span style=\"font-size: 24px;\">SOLISTES<\/span><\/p>\n<p><strong>Evang\u00e9liste\u00a0 <a href=\"http:\/\/www.danieljohannsen.com\" target=\"_blank\" rel=\"noopener\">Daniel Johannsen<\/a><\/strong><br \/>\n<strong>J\u00e9sus<\/strong>\u00a0 <a href=\"http:\/\/www.danielperez.ch\" target=\"_blank\" rel=\"noopener\"><strong>Daniel P\u00e9rez<\/strong><\/a><\/p>\n<p><strong>Soprano<\/strong>\u00a0 <a href=\"http:\/\/www.annanesyba.de\" target=\"_blank\" rel=\"noopener\"><strong>Anna Nesyba<\/strong><\/a><br \/>\n<strong>Alto<\/strong>\u00a0 <a href=\"https:\/\/www.annekathrin-laabs.de\/\" target=\"_blank\" rel=\"noopener\"><strong>Annekathrin Laabs<\/strong><\/a><br \/>\n<strong>T\u00e9nor\u00a0 <a href=\"http:\/\/www.danieljohannsen.com\" target=\"_blank\" rel=\"noopener\">Daniel Johannsen<\/a><br \/>\nBariton<\/strong> \u00a0<a href=\"https:\/\/thomas-laske.com\/\" target=\"_blank\" rel=\"noopener\"><strong>Thomas Laske<\/strong><\/a><\/p>\n<p><span style=\"font-size: 24px;\">CH\u0152UR<\/span><\/p>\n<p><a href=\"https:\/\/jacobikantorei.de\/index.php\" target=\"_blank\" rel=\"noopener\"><strong>Jacobikantorei G\u00f6ttingen<\/strong><\/a><br \/>\n<strong><a href=\"https:\/\/jacobikantorei.de\/index.php\" target=\"_blank\" rel=\"noopener\">Kammerchor St. Jacobi<\/a><\/strong><\/p>\n<p><a href=\"https:\/\/goettinger-barockorchester.de\/\" target=\"_blank\" rel=\"noopener\"><span style=\"font-size: 24px;\">ORCHESTRE BAROQUE DE G\u00d6TTINGEN<\/span><\/a><\/p>\n<p><strong>1<sup>re <\/sup>Traverso\u00a0 <\/strong>Dorothee Kunst<br \/>\n<strong>2<sup>e <\/sup>Traverso\u00a0 <\/strong>Sarah M\u00f6ller<br \/>\n<strong>1<sup>re <\/sup>Fl\u00fbte \u00e0 bec\u00a0 <\/strong>Tabea Wink<br \/>\n<strong>2<sup>e <\/sup>Fl\u00fbte \u00e0 bec<\/strong>\u00a0 Anouk Kr\u00fcger<br \/>\n<strong>1<sup>er <\/sup>Hautbois<\/strong>\u00a0 Georg Fritz<br \/>\n<strong>2<sup>e <\/sup>Hautbois<\/strong>\u00a0 Annette Berryman<br \/>\n<strong>3<sup>e <\/sup>Hautbois<\/strong>\u00a0 Andrea Vilz<br \/>\n<strong>4<sup>e <\/sup>Hautbois<\/strong>\u00a0 Katharina Arfken<br \/>\n<strong>Basson<\/strong>\u00a0 Markus Pauk<br \/>\n<strong>Contrebasson<\/strong>\u00a0 Alexander Golde<br \/>\n<strong>Cor<\/strong>\u00a0 Gregor Lentjes<\/p>\n<p><strong>1<sup>er<\/sup> Violons<\/strong>\u00a0 Henning Vater (premier violon), Julia Krikkay, Magdalena Schenk-Bader, Karla Enriquez<br \/>\n<strong>2<sup>e<\/sup> Violons<\/strong>\u00a0 Christiane Gagelmann, Helga Schmidtmayer, Berit Coenders<br \/>\n<strong>Alto<\/strong>\u00a0 Klaus Bundies, Alice Vaz<br \/>\n<strong>Viole d&rsquo;amour<\/strong>\u00a0 Henning Vater, Christiane Gagelmann<br \/>\n<strong>Viole de gambe<\/strong>\u00a0 Hermann Hickethier, Laura Frey<\/p>\n<p><strong>Violoncelle<\/strong>\u00a0 Angelika Miklin, Konstanze Waidosch<br \/>\n<strong>Violone<\/strong>\u00a0 Johannes Ragg<br \/>\n<strong>Clavecin<\/strong>\u00a0 Sabine Erdmann<br \/>\n<strong>Orgue<\/strong>\u00a0 Yo Hirano<br \/>\n<strong>Luth et guitare baroque<\/strong>\u00a0 Andreas D\u00fcker<\/p>\n<p><span style=\"font-size: 24px;\">CHEF D&rsquo;ORCHESTRE<\/span><\/p>\n<p><a href=\"https:\/\/www.jacobikantorei.de\/index.php\/kantor\/kantor-stefan-kordes\" target=\"_blank\" rel=\"noopener\"><strong>Stefan Kordes<\/strong><\/a><\/p>\n<\/div><\/div><\/div><\/div><\/div>\n","protected":false},"excerpt":{"rendered":"","protected":false},"author":1,"featured_media":0,"parent":0,"menu_order":0,"comment_status":"closed","ping_status":"closed","template":"100-width.php","meta":{"footnotes":""},"class_list":["post-4158","page","type-page","status-publish","hentry"],"_links":{"self":[{"href":"https:\/\/markuspassion.org\/fr\/wp-json\/wp\/v2\/pages\/4158","targetHints":{"allow":["GET"]}}],"collection":[{"href":"https:\/\/markuspassion.org\/fr\/wp-json\/wp\/v2\/pages"}],"about":[{"href":"https:\/\/markuspassion.org\/fr\/wp-json\/wp\/v2\/types\/page"}],"author":[{"embeddable":true,"href":"https:\/\/markuspassion.org\/fr\/wp-json\/wp\/v2\/users\/1"}],"replies":[{"embeddable":true,"href":"https:\/\/markuspassion.org\/fr\/wp-json\/wp\/v2\/comments?post=4158"}],"version-history":[{"count":43,"href":"https:\/\/markuspassion.org\/fr\/wp-json\/wp\/v2\/pages\/4158\/revisions"}],"predecessor-version":[{"id":5133,"href":"https:\/\/markuspassion.org\/fr\/wp-json\/wp\/v2\/pages\/4158\/revisions\/5133"}],"wp:attachment":[{"href":"https:\/\/markuspassion.org\/fr\/wp-json\/wp\/v2\/media?parent=4158"}],"curies":[{"name":"wp","href":"https:\/\/api.w.org\/{rel}","templated":true}]}}