{"id":3189,"date":"2025-01-07T19:02:28","date_gmt":"2025-01-07T17:02:28","guid":{"rendered":"https:\/\/www.markuspassion.org\/komponist-und-textdichter\/"},"modified":"2026-03-21T15:27:40","modified_gmt":"2026-03-21T13:27:40","slug":"compositeur_et_librettiste","status":"publish","type":"page","link":"https:\/\/markuspassion.org\/fr\/compositeur_et_librettiste\/","title":{"rendered":"Compositeur et librettiste"},"content":{"rendered":"<div class=\"fusion-fullwidth fullwidth-box fusion-builder-row-1 fusion-flex-container has-pattern-background has-mask-background nonhundred-percent-fullwidth non-hundred-percent-height-scrolling\" style=\"--awb-border-radius-top-left:0px;--awb-border-radius-top-right:0px;--awb-border-radius-bottom-right:0px;--awb-border-radius-bottom-left:0px;--awb-padding-top:10%;--awb-padding-right:30%;--awb-padding-left:30%;--awb-padding-top-medium:20%;--awb-padding-right-medium:7%;--awb-padding-left-medium:7%;--awb-padding-top-small:22%;--awb-padding-right-small:7%;--awb-padding-left-small:7%;--awb-flex-wrap:wrap;\" ><div class=\"fusion-builder-row fusion-row fusion-flex-align-items-flex-start fusion-flex-content-wrap\" style=\"max-width:1248px;margin-left: calc(-4% \/ 2 );margin-right: calc(-4% \/ 2 );\"><div class=\"fusion-layout-column fusion_builder_column fusion-builder-column-0 fusion_builder_column_1_1 1_1 fusion-flex-column\" style=\"--awb-bg-blend:overlay;--awb-bg-size:cover;--awb-width-large:100%;--awb-margin-top-large:0px;--awb-spacing-right-large:1.92%;--awb-margin-bottom-large:0px;--awb-spacing-left-large:1.92%;--awb-width-medium:100%;--awb-spacing-right-medium:1.92%;--awb-spacing-left-medium:1.92%;--awb-width-small:100%;--awb-spacing-right-small:1.92%;--awb-spacing-left-small:1.92%;\"><div class=\"fusion-column-wrapper fusion-flex-justify-content-flex-start fusion-content-layout-column\"><div class=\"fusion-text fusion-text-1\"><h1><span style=\"font-family: BellMTPro; font-size: 32px;\">COMPOSITEUR ET LIBRETTISTE<\/span><\/h1>\n<p><span style=\"font-family: BellMTPro; font-size: 32px;\"><span style=\"font-size: 24px;\">NIKOLAUS MATTHES<\/span><\/span><\/p>\n<p><a href=\"https:\/\/www.markuspassion.org\/wp-content\/uploads\/2024\/06\/untouched_64847702a63ac.jpg\" target=\"_blank\" rel=\"noopener\"><img decoding=\"async\" class=\"alignnone wp-image-1833 size-medium\" src=\"https:\/\/www.markuspassion.org\/wp-content\/uploads\/2024\/06\/untouched_64847702a63ac-200x300.jpg\" alt=\"\" width=\"200\" height=\"300\" srcset=\"https:\/\/markuspassion.org\/wp-content\/uploads\/2024\/06\/untouched_64847702a63ac-66x99.jpg 66w, https:\/\/markuspassion.org\/wp-content\/uploads\/2024\/06\/untouched_64847702a63ac-177x266.jpg 177w, https:\/\/markuspassion.org\/wp-content\/uploads\/2024\/06\/untouched_64847702a63ac-200x301.jpg 200w, https:\/\/markuspassion.org\/wp-content\/uploads\/2024\/06\/untouched_64847702a63ac-300x451.jpg 300w, https:\/\/markuspassion.org\/wp-content\/uploads\/2024\/06\/untouched_64847702a63ac-320x481.jpg 320w, https:\/\/markuspassion.org\/wp-content\/uploads\/2024\/06\/untouched_64847702a63ac-400x601.jpg 400w, https:\/\/markuspassion.org\/wp-content\/uploads\/2024\/06\/untouched_64847702a63ac-460x692.jpg 460w, https:\/\/markuspassion.org\/wp-content\/uploads\/2024\/06\/untouched_64847702a63ac-540x812.jpg 540w, https:\/\/markuspassion.org\/wp-content\/uploads\/2024\/06\/untouched_64847702a63ac-600x902.jpg 600w, https:\/\/markuspassion.org\/wp-content\/uploads\/2024\/06\/untouched_64847702a63ac-669x1006.jpg 669w, https:\/\/markuspassion.org\/wp-content\/uploads\/2024\/06\/untouched_64847702a63ac-681x1024.jpg 681w, https:\/\/markuspassion.org\/wp-content\/uploads\/2024\/06\/untouched_64847702a63ac-700x1052.jpg 700w, https:\/\/markuspassion.org\/wp-content\/uploads\/2024\/06\/untouched_64847702a63ac-768x1155.jpg 768w, https:\/\/markuspassion.org\/wp-content\/uploads\/2024\/06\/untouched_64847702a63ac-800x1203.jpg 800w, https:\/\/markuspassion.org\/wp-content\/uploads\/2024\/06\/untouched_64847702a63ac-940x1413.jpg 940w, https:\/\/markuspassion.org\/wp-content\/uploads\/2024\/06\/untouched_64847702a63ac-1022x1536.jpg 1022w, https:\/\/markuspassion.org\/wp-content\/uploads\/2024\/06\/untouched_64847702a63ac-1200x1804.jpg 1200w, https:\/\/markuspassion.org\/wp-content\/uploads\/2024\/06\/untouched_64847702a63ac-1362x2048.jpg 1362w, https:\/\/markuspassion.org\/wp-content\/uploads\/2024\/06\/untouched_64847702a63ac.jpg 1663w\" sizes=\"(max-width: 200px) 100vw, 200px\" \/><\/a>\u00a0 \u00a0 <a href=\"https:\/\/www.markuspassion.org\/wp-content\/uploads\/2024\/06\/untouched_6484772f67e62.jpg\" target=\"_blank\" rel=\"noopener\"><img decoding=\"async\" class=\"alignnone wp-image-1794 size-medium\" src=\"https:\/\/www.markuspassion.org\/wp-content\/uploads\/2024\/06\/untouched_6484772f67e62-200x300.jpg\" alt=\"\" width=\"200\" height=\"300\" srcset=\"https:\/\/markuspassion.org\/wp-content\/uploads\/2024\/06\/untouched_6484772f67e62-66x99.jpg 66w, https:\/\/markuspassion.org\/wp-content\/uploads\/2024\/06\/untouched_6484772f67e62-177x266.jpg 177w, https:\/\/markuspassion.org\/wp-content\/uploads\/2024\/06\/untouched_6484772f67e62-200x301.jpg 200w, https:\/\/markuspassion.org\/wp-content\/uploads\/2024\/06\/untouched_6484772f67e62-300x451.jpg 300w, https:\/\/markuspassion.org\/wp-content\/uploads\/2024\/06\/untouched_6484772f67e62-320x481.jpg 320w, https:\/\/markuspassion.org\/wp-content\/uploads\/2024\/06\/untouched_6484772f67e62-400x601.jpg 400w, https:\/\/markuspassion.org\/wp-content\/uploads\/2024\/06\/untouched_6484772f67e62-460x692.jpg 460w, https:\/\/markuspassion.org\/wp-content\/uploads\/2024\/06\/untouched_6484772f67e62-540x812.jpg 540w, https:\/\/markuspassion.org\/wp-content\/uploads\/2024\/06\/untouched_6484772f67e62-600x902.jpg 600w, https:\/\/markuspassion.org\/wp-content\/uploads\/2024\/06\/untouched_6484772f67e62-669x1006.jpg 669w, https:\/\/markuspassion.org\/wp-content\/uploads\/2024\/06\/untouched_6484772f67e62-681x1024.jpg 681w, https:\/\/markuspassion.org\/wp-content\/uploads\/2024\/06\/untouched_6484772f67e62-700x1052.jpg 700w, https:\/\/markuspassion.org\/wp-content\/uploads\/2024\/06\/untouched_6484772f67e62-768x1155.jpg 768w, https:\/\/markuspassion.org\/wp-content\/uploads\/2024\/06\/untouched_6484772f67e62-800x1203.jpg 800w, https:\/\/markuspassion.org\/wp-content\/uploads\/2024\/06\/untouched_6484772f67e62-940x1413.jpg 940w, https:\/\/markuspassion.org\/wp-content\/uploads\/2024\/06\/untouched_6484772f67e62-1022x1536.jpg 1022w, https:\/\/markuspassion.org\/wp-content\/uploads\/2024\/06\/untouched_6484772f67e62-1200x1804.jpg 1200w, https:\/\/markuspassion.org\/wp-content\/uploads\/2024\/06\/untouched_6484772f67e62-1362x2048.jpg 1362w, https:\/\/markuspassion.org\/wp-content\/uploads\/2024\/06\/untouched_6484772f67e62.jpg 1663w\" sizes=\"(max-width: 200px) 100vw, 200px\" \/><\/a>\u00a0 \u00a0 <a href=\"https:\/\/www.markuspassion.org\/wp-content\/uploads\/2024\/06\/untouched_648477946fdd5.jpg\" target=\"_blank\" rel=\"noopener\"><img decoding=\"async\" class=\"alignnone wp-image-1869 size-medium\" src=\"https:\/\/www.markuspassion.org\/wp-content\/uploads\/2024\/06\/untouched_648477946fdd5-200x300.jpg\" alt=\"\" width=\"200\" height=\"300\" srcset=\"https:\/\/markuspassion.org\/wp-content\/uploads\/2024\/06\/untouched_648477946fdd5-66x99.jpg 66w, https:\/\/markuspassion.org\/wp-content\/uploads\/2024\/06\/untouched_648477946fdd5-177x266.jpg 177w, https:\/\/markuspassion.org\/wp-content\/uploads\/2024\/06\/untouched_648477946fdd5-200x301.jpg 200w, https:\/\/markuspassion.org\/wp-content\/uploads\/2024\/06\/untouched_648477946fdd5-300x451.jpg 300w, https:\/\/markuspassion.org\/wp-content\/uploads\/2024\/06\/untouched_648477946fdd5-320x481.jpg 320w, https:\/\/markuspassion.org\/wp-content\/uploads\/2024\/06\/untouched_648477946fdd5-400x601.jpg 400w, https:\/\/markuspassion.org\/wp-content\/uploads\/2024\/06\/untouched_648477946fdd5-460x692.jpg 460w, https:\/\/markuspassion.org\/wp-content\/uploads\/2024\/06\/untouched_648477946fdd5-540x812.jpg 540w, https:\/\/markuspassion.org\/wp-content\/uploads\/2024\/06\/untouched_648477946fdd5-600x902.jpg 600w, https:\/\/markuspassion.org\/wp-content\/uploads\/2024\/06\/untouched_648477946fdd5-669x1006.jpg 669w, https:\/\/markuspassion.org\/wp-content\/uploads\/2024\/06\/untouched_648477946fdd5-681x1024.jpg 681w, https:\/\/markuspassion.org\/wp-content\/uploads\/2024\/06\/untouched_648477946fdd5-700x1052.jpg 700w, https:\/\/markuspassion.org\/wp-content\/uploads\/2024\/06\/untouched_648477946fdd5-768x1155.jpg 768w, https:\/\/markuspassion.org\/wp-content\/uploads\/2024\/06\/untouched_648477946fdd5-800x1203.jpg 800w, https:\/\/markuspassion.org\/wp-content\/uploads\/2024\/06\/untouched_648477946fdd5-940x1413.jpg 940w, https:\/\/markuspassion.org\/wp-content\/uploads\/2024\/06\/untouched_648477946fdd5-1022x1536.jpg 1022w, https:\/\/markuspassion.org\/wp-content\/uploads\/2024\/06\/untouched_648477946fdd5-1200x1804.jpg 1200w, https:\/\/markuspassion.org\/wp-content\/uploads\/2024\/06\/untouched_648477946fdd5-1362x2048.jpg 1362w, https:\/\/markuspassion.org\/wp-content\/uploads\/2024\/06\/untouched_648477946fdd5.jpg 1663w\" sizes=\"(max-width: 200px) 100vw, 200px\" \/><\/a><\/p>\n<p>N\u00e9 en 1981 \u00e0 Berlin, il grandit \u00e0 L\u00fcneburg et B\u00e2le. Apr\u00e8s l\u2019obtentation de son bac, Nikolaus Matthes se consacre intiallement \u00e0 la p\u00e9dagogie, surtout l\u2019enseignement des arts du spectacle vivant aux jeunes. De 2001-2016, il est \u00e0 l\u2019initiation de plusieurs mises-en-sc\u00e8ne d\u2019oevures classique et moderne dans ce m\u00eame mileu.<\/p>\n<p>De 2004-2007, Nikolaus Matthes \u00e9tudie le cin\u00e9ma \u00e0 Londres ( Film Making Diploma ) , et de 2013-2018 la composition avec Michel Roth et l\u2019\u00e9criture et la th\u00e9orie musicale avec Johannes Menke \u00e0 la Musik-Akademie der Stadt Basel ( MA of Arts ) .<\/p>\n<p>Nikolaus Matthes \u00e9tait l\u2019assistant de l\u2019ing\u00e9nieur du son Stefan Ritzenthaler \u00e0 Gallus Media SA de 2016-2019.<\/p>\n<p>Un engagement profond aupr\u00e8s des aspects pratiques de la musique de Johann Sebastian Bach, et une enquete compositionelle contemporaine sur la musique de l\u2019\u00e9poque de Bach sont depuis des ann\u00e9es au centre de son travail.<\/p>\n<p><a href=\"http:\/\/www.nikolausmatthes.org\/fr\" target=\"_blank\" rel=\"noopener\"><strong>www.nikolausmatthes.org<\/strong><\/a><\/p>\n<p><span style=\"font-size: 24px;\"><br \/>\nCHRISTIAN FRIEDRICH HENRICI, <\/span><span style=\"font-size: 24px;\">dit PICANDER<\/span><\/p>\n<p><a href=\"https:\/\/www.markuspassion.org\/wp-content\/uploads\/2025\/01\/Picander-Leipzig-scaled.jpg\" target=\"_blank\" rel=\"noopener\"><img decoding=\"async\" class=\"alignnone wp-image-3291 size-medium\" src=\"https:\/\/www.markuspassion.org\/wp-content\/uploads\/2025\/01\/Picander-Leipzig-225x300.jpg\" alt=\"\" width=\"225\" height=\"300\" srcset=\"https:\/\/markuspassion.org\/wp-content\/uploads\/2025\/01\/Picander-Leipzig-200x267.jpg 200w, https:\/\/markuspassion.org\/wp-content\/uploads\/2025\/01\/Picander-Leipzig-225x300.jpg 225w, https:\/\/markuspassion.org\/wp-content\/uploads\/2025\/01\/Picander-Leipzig-400x533.jpg 400w, https:\/\/markuspassion.org\/wp-content\/uploads\/2025\/01\/Picander-Leipzig-600x800.jpg 600w, https:\/\/markuspassion.org\/wp-content\/uploads\/2025\/01\/Picander-Leipzig-768x1024.jpg 768w, https:\/\/markuspassion.org\/wp-content\/uploads\/2025\/01\/Picander-Leipzig-800x1067.jpg 800w, https:\/\/markuspassion.org\/wp-content\/uploads\/2025\/01\/Picander-Leipzig-1152x1536.jpg 1152w, https:\/\/markuspassion.org\/wp-content\/uploads\/2025\/01\/Picander-Leipzig-1200x1600.jpg 1200w, https:\/\/markuspassion.org\/wp-content\/uploads\/2025\/01\/Picander-Leipzig-1536x2048.jpg 1536w, https:\/\/markuspassion.org\/wp-content\/uploads\/2025\/01\/Picander-Leipzig-scaled.jpg 1920w\" sizes=\"(max-width: 225px) 100vw, 225px\" \/><\/a><\/p>\n<p>Christian Friedrich Henrici, n\u00e9 le 14 janvier 1700 \u00e0 Stolpen, pr\u00e8s de Dresden, \u00e9tudie le droit \u00e0 Wittenberg et \u00e0 Leipzig \u00e0 partir de 1709. Apr\u00e8s 1721, il est actif comme po\u00e8te \u00e0 Leipzig et a probablement rencontr\u00e9 Johann Sebastian Bach pendant cette p\u00e9riode. En 1727 il pr\u00e9sente au Prince de Saxonie et le roi polonais Auguste le Fort un po\u00e8me avec une p\u00e9tition pour un poste en tant que fonctionnaire, et a \u00e9t\u00e9 nomm\u00e9 comme actuaire \u00e0 au bureau de poste principal \u00e0 Leipzig, o\u00f9 il devient peu apr\u00e8s secr\u00e9taire. En 1734 il devient le commissaire de la Poste, et se hisse jusqu\u2019au rang de percepteur d\u2019imp\u00f4ts pour le march\u00e9 de vin \u00e0 Leipzig. Il y vit jusqu\u2019\u00e0 sa mort en 1764 ; sa derni\u00e8re demeure soit une maison pr\u00e8s de Pleissenburg, qui n\u2019existe plus.<\/p>\n<p>En tant que po\u00e8te, Christian Friedrich Henrici prend comme nom de plume \u00ab\u00a0Picander\u00a0\u00bb &#8211; l\u2019anecdote raconte que pendant la chasse en 1722 il aurait point\u00e9 une pie, et aurait tir\u00e9 plut\u00f4t sur un fermier. Il \u00e9crit les textes pour la Passion selon St Mathieu ainsi que plusieurs des cantates. Les deux deviennent amis et travaillent ensemble jusqu\u2019\u00e0 la mort de Bach.<\/p>\n<\/div><\/div><\/div><\/div><\/div>\n","protected":false},"excerpt":{"rendered":"","protected":false},"author":1,"featured_media":0,"parent":0,"menu_order":0,"comment_status":"closed","ping_status":"closed","template":"100-width.php","meta":{"footnotes":""},"class_list":["post-3189","page","type-page","status-publish","hentry"],"_links":{"self":[{"href":"https:\/\/markuspassion.org\/fr\/wp-json\/wp\/v2\/pages\/3189","targetHints":{"allow":["GET"]}}],"collection":[{"href":"https:\/\/markuspassion.org\/fr\/wp-json\/wp\/v2\/pages"}],"about":[{"href":"https:\/\/markuspassion.org\/fr\/wp-json\/wp\/v2\/types\/page"}],"author":[{"embeddable":true,"href":"https:\/\/markuspassion.org\/fr\/wp-json\/wp\/v2\/users\/1"}],"replies":[{"embeddable":true,"href":"https:\/\/markuspassion.org\/fr\/wp-json\/wp\/v2\/comments?post=3189"}],"version-history":[{"count":9,"href":"https:\/\/markuspassion.org\/fr\/wp-json\/wp\/v2\/pages\/3189\/revisions"}],"predecessor-version":[{"id":5081,"href":"https:\/\/markuspassion.org\/fr\/wp-json\/wp\/v2\/pages\/3189\/revisions\/5081"}],"wp:attachment":[{"href":"https:\/\/markuspassion.org\/fr\/wp-json\/wp\/v2\/media?parent=3189"}],"curies":[{"name":"wp","href":"https:\/\/api.w.org\/{rel}","templated":true}]}}