{"id":2770,"date":"2024-06-24T16:54:16","date_gmt":"2024-06-24T14:54:16","guid":{"rendered":"https:\/\/www.markuspassion.org\/video\/"},"modified":"2026-03-14T18:07:42","modified_gmt":"2026-03-14T16:07:42","slug":"video","status":"publish","type":"page","link":"https:\/\/markuspassion.org\/fr\/video\/","title":{"rendered":"Vid\u00e9o"},"content":{"rendered":"<div class=\"fusion-fullwidth fullwidth-box fusion-builder-row-1 fusion-flex-container has-pattern-background has-mask-background nonhundred-percent-fullwidth non-hundred-percent-height-scrolling\" style=\"--awb-border-radius-top-left:0px;--awb-border-radius-top-right:0px;--awb-border-radius-bottom-right:0px;--awb-border-radius-bottom-left:0px;--awb-padding-top:10%;--awb-padding-right:30%;--awb-padding-left:30%;--awb-padding-top-medium:20%;--awb-padding-right-medium:7%;--awb-padding-left-medium:7%;--awb-padding-top-small:22%;--awb-padding-right-small:7%;--awb-padding-left-small:7%;--awb-flex-wrap:wrap;\" ><div class=\"fusion-builder-row fusion-row fusion-flex-align-items-flex-start fusion-flex-content-wrap\" style=\"max-width:1248px;margin-left: calc(-4% \/ 2 );margin-right: calc(-4% \/ 2 );\"><div class=\"fusion-layout-column fusion_builder_column fusion-builder-column-0 fusion_builder_column_1_1 1_1 fusion-flex-column\" style=\"--awb-bg-blend:overlay;--awb-bg-size:cover;--awb-width-large:100%;--awb-margin-top-large:0px;--awb-spacing-right-large:1.92%;--awb-margin-bottom-large:0px;--awb-spacing-left-large:1.92%;--awb-width-medium:100%;--awb-spacing-right-medium:1.92%;--awb-spacing-left-medium:1.92%;--awb-width-small:100%;--awb-spacing-right-small:1.92%;--awb-spacing-left-small:1.92%;\"><div class=\"fusion-column-wrapper fusion-flex-justify-content-flex-start fusion-content-layout-column\"><div class=\"fusion-text fusion-text-1\"><h1>VID\u00c9O<\/h1>\n<p><strong>Le concert de la Passion selon St-Marc du 26 mars 2023, ainsi que:<br \/>\nLa Passion selon St-Marc en 12 \u00e9pisodes de concert<br \/>\nDe mars 2025 \u00e0 f\u00e9vrier 2026<br \/>\n<\/strong>Extraits du concert de la Passion selon St-Marc \u00e0 Lucerne du 26 mars 2023<br \/>\nAvec des commentaires de <a href=\"http:\/\/www.nikolausmatthes.org\/fr\" target=\"_blank\" rel=\"noopener\"><strong>Nikolaus Matthes<\/strong><\/a> et des prises de vue de Venise, la ville de St-Marc<\/p>\n<p><a href=\"https:\/\/www.youtube.com\/playlist?list=PL3Cmz98FRLQ3d3bu94I-_Lf55GIModyp5\" target=\"_blank\" rel=\"noopener\"><strong>Ici, vous pouvez acc\u00e9der directement \u00e0 la playlist YouTube avec tous les \u00e9pisodes !<\/strong><\/a><\/p>\n<p><strong>Ing\u00e9nieurs du son<\/strong>\u00a0 \u00a0Stefan Ritzenthaler, Johannes Wallbrecher<br \/>\n<strong>Producteur ex\u00e9cutif<\/strong>\u00a0 \u00a0 Johannes Wallbrecher<br \/>\n<strong>Op\u00e9rateurs de cam\u00e9ra<\/strong>\u00a0 \u00a0 Johannes Wallbrecher, Nikolaus Matthes, Stefan Toth<br \/>\n<strong>Entretien<\/strong>\u00a0 \u00a0 Johannes Keller<\/p>\n<p><a href=\"https:\/\/www.resonando.de\/en\/products\/rn-10018-markuspassion\" target=\"_blank\" rel=\"noopener\"><strong>www.resonando.de<\/strong><\/a><\/p>\n<p>.-.-.-.-.-.-.-.-.-.-.-.-.-.-.-.-.-.-.-.-.-.-.-.-.-.-.-.-.-.-.-.<\/p>\n<p><strong><a href=\"https:\/\/www.youtube.com\/watch?v=psOq9OabzE0\" target=\"_blank\" rel=\"noopener\"><span style=\"font-size: 22px;\">Film d\u2019entreprise sur la Passion selon St-Marc<\/span><\/a><\/strong><br \/>\n<strong>Aper\u00e7u des douze \u00e9pisodes de concerts<\/strong><\/p>\n<p><iframe title=\"Imagefilm zur Markuspassion von Nikolaus Matthes\" src=\"https:\/\/www.youtube.com\/embed\/psOq9OabzE0\" width=\"330\" height=\"186\" frameborder=\"0\" allowfullscreen=\"allowfullscreen\" data-mce-fragment=\"1\"><\/iframe><\/p>\n<p>.-.-.-.-.-.-.-.-.-.-.-.-.-.-.-.-.-.-.-.-.-.-.-.-.-.-.-.-.-.-.-.<\/p>\n<p><a href=\"https:\/\/www.youtube.com\/watch?v=2FmetvFhzmE\" target=\"_blank\" rel=\"noopener\"><strong><span style=\"font-size: 22px;\">Passion selon St-Marc &#8211; Concert int\u00e9gral<\/span><\/strong><\/a><br \/>\n<strong>\u00c9glise de St-Matthieu, Lucerne<br \/>\nDimanche, 26 mars <\/strong><strong>2023<\/strong><\/p>\n<p><iframe title=\"YouTube video player\" src=\"https:\/\/www.youtube.com\/embed\/2FmetvFhzmE?si=yJ4olDKOTW4D6bSV\" width=\"330\" height=\"186\" frameborder=\"0\" allowfullscreen=\"allowfullscreen\" data-mce-fragment=\"1\"><\/iframe><\/p>\n<p>.-.-.-.-.-.-.-.-.-.-.-.-.-.-.-.-.-.-.-.-.-.-.-.-.-.-.-.-.-.-.-.<\/p>\n<p><a href=\"https:\/\/www.youtube.com\/watch?v=lAD9Ll5JXCw\" target=\"_blank\" rel=\"noopener\"><strong><span style=\"font-size: 22px;\">\u00c9pisode I &#8211; Sestieri San Polo e Santa Crose<\/span><\/strong><\/a><br \/>\n<strong>Mars 2025<br \/>\n<\/strong>Num\u00e9ros de musique 1 \u00e0 3<strong><br \/>\n<\/strong><\/p>\n<p><iframe title=\"Markuspassion \u2013 Episode I \u2013 Sestieri San Polo e Santa Crose\" src=\"https:\/\/www.youtube.com\/embed\/lAD9Ll5JXCw\" width=\"330\" height=\"186\" frameborder=\"0\" allowfullscreen=\"allowfullscreen\" data-mce-fragment=\"1\"><\/iframe><\/p>\n<p>.-.-.-.-.-.-.-.-.-.-.-.-.-.-.-.-.-.-.-.-.-.-.-.-.-.-.-.-.-.-.-.<\/p>\n<p><a href=\"https:\/\/www.youtube.com\/watch?v=8_zPkj41Jk4\" target=\"_blank\" rel=\"noopener\"><strong><span style=\"font-size: 22px;\">\u00c9pisode II &#8211; Chiesa del Santissimo Redentore<\/span><\/strong><\/a><br \/>\n<strong>Avril 2025<br \/>\n<\/strong>Num\u00e9ros de musique 6 \u00e0 9<\/p>\n<p><iframe title=\"YouTube video player\" src=\"https:\/\/www.youtube.com\/embed\/8_zPkj41Jk4?si=xoovZ4hLG2FJp5e9\" width=\"330\" height=\"186\" frameborder=\"0\" allowfullscreen=\"allowfullscreen\" data-mce-fragment=\"1\"><\/iframe><\/p>\n<p>.-.-.-.-.-.-.-.-.-.-.-.-.-.-.-.-.-.-.-.-.-.-.-.-.-.-.-.-.-.-.-.<\/p>\n<p><a href=\"https:\/\/youtu.be\/nrG2yX2ps-w\" target=\"_blank\" rel=\"noopener\"><strong><span style=\"font-size: 22px;\">\u00c9pisode III &#8211; San Pietro di Castello<\/span><\/strong><\/a><br \/>\n<strong>Mai 2025<br \/>\n<\/strong>Num\u00e9ros de musique 12 \u00e0 15<\/p>\n<p><iframe title=\"YouTube video player\" src=\"https:\/\/www.youtube.com\/embed\/nrG2yX2ps-w?si=Lgxn1qo5x0MQ4ttC\" width=\"330\" height=\"186\" frameborder=\"0\" allowfullscreen=\"allowfullscreen\" data-mce-fragment=\"1\"><\/iframe><\/p>\n<p>.-.-.-.-.-.-.-.-.-.-.-.-.-.-.-.-.-.-.-.-.-.-.-.-.-.-.-.-.-.-.-.<\/p>\n<p><a href=\"https:\/\/youtu.be\/j-WuQkM9Ylo\" target=\"_blank\" rel=\"noopener\"><strong><span style=\"font-size: 22px;\">\u00c9pisode IV &#8211; Santa Maria Gloriosa dei Frari<\/span><\/strong><\/a><br \/>\n<strong>Juin 2025<br \/>\n<\/strong>Num\u00e9ros de musique 16 et 17<\/p>\n<p><iframe title=\"YouTube video player\" src=\"https:\/\/www.youtube.com\/embed\/j-WuQkM9Ylo?si=f0_DP8LcgWv-z58M\" width=\"330\" height=\"186\" frameborder=\"0\" allowfullscreen=\"allowfullscreen\" data-mce-fragment=\"1\"><\/iframe><\/p>\n<p>.-.-.-.-.-.-.-.-.-.-.-.-.-.-.-.-.-.-.-.-.-.-.-.-.-.-.-.-.-.-.-.<\/p>\n<p><a href=\"https:\/\/www.youtube.com\/watch?v=0lUxQqz2kl8\" target=\"_blank\" rel=\"noopener\"><strong><span style=\"font-size: 22px;\">\u00c9pisode V &#8211; Giardini Reali<\/span><\/strong><\/a><br \/>\n<strong>Juillet 2025<br \/>\n<\/strong>Num\u00e9ros de musique 20 et 21<\/p>\n<p><iframe title=\"YouTube video player\" src=\"https:\/\/www.youtube.com\/embed\/0lUxQqz2kl8?si=vkRpuThAC9WVUWvD\" width=\"330\" height=\"186\" frameborder=\"0\" allowfullscreen=\"allowfullscreen\" data-mce-fragment=\"1\"><\/iframe><\/p>\n<p>.-.-.-.-.-.-.-.-.-.-.-.-.-.-.-.-.-.-.-.-.-.-.-.-.-.-.-.-.-.-.-.<\/p>\n<p><a href=\"https:\/\/youtu.be\/UslO-wZd5aU\" target=\"_blank\" rel=\"noopener\"><strong><span style=\"font-size: 22px;\">\u00c9pisode VI &#8211; San Giorgio Maggiore<\/span><\/strong><\/a><br \/>\n<strong>Ao\u00fbt 2025<br \/>\n<\/strong>Num\u00e9ros de musique 24 et 25<\/p>\n<p><iframe title=\"YouTube video player\" src=\"https:\/\/www.youtube.com\/embed\/UslO-wZd5aU?si=yuap4-CGIaxqVZJl\" width=\"330\" height=\"186\" frameborder=\"0\" allowfullscreen=\"allowfullscreen\" data-mce-fragment=\"1\"><\/iframe><\/p>\n<p>.-.-.-.-.-.-.-.-.-.-.-.-.-.-.-.-.-.-.-.-.-.-.-.-.-.-.-.-.-.-.-.<\/p>\n<p><span style=\"font-size: 22px;\"><a href=\"https:\/\/youtu.be\/TBPuQs2JSlE\" target=\"_blank\" rel=\"noopener\"><strong>\u00c9pisode VII &#8211; Ponte dei Sospiri<\/strong><\/a><\/span><br \/>\n<strong>Septembre 2025<br \/>\n<\/strong>Num\u00e9ros de musique 27 et 28<\/p>\n<p><iframe title=\"YouTube video player\" src=\"https:\/\/www.youtube.com\/embed\/TBPuQs2JSlE?si=SybjXvBFl4Opy4xW\" width=\"330\" height=\"186\" frameborder=\"0\" allowfullscreen=\"allowfullscreen\" data-mce-fragment=\"1\"><\/iframe><\/p>\n<p>.-.-.-.-.-.-.-.-.-.-.-.-.-.-.-.-.-.-.-.-.-.-.-.-.-.-.-.-.-.-.-.<\/p>\n<p><a href=\"https:\/\/youtu.be\/dhvSvpfH6jY\" target=\"_blank\" rel=\"noopener\"><strong><span style=\"font-size: 22px;\">\u00c9pisode VIII &#8211; Santa Maria dei Miracoli<\/span><\/strong><\/a><br \/>\n<strong>Octobre 2025<br \/>\n<\/strong>Num\u00e9ros de musique 31 \u00e0 34<\/p>\n<p><iframe title=\"YouTube video player\" src=\"https:\/\/www.youtube.com\/embed\/dhvSvpfH6jY?si=6aM0WI4fJ321guT7\" width=\"330\" height=\"186\" frameborder=\"0\" allowfullscreen=\"allowfullscreen\" data-mce-fragment=\"1\"><\/iframe><\/p>\n<p>.-.-.-.-.-.-.-.-.-.-.-.-.-.-.-.-.-.-.-.-.-.-.-.-.-.-.-.-.-.-.-.<\/p>\n<p><a href=\"https:\/\/youtu.be\/Bj-IuNK7xzQ\" target=\"_blank\" rel=\"noopener\"><strong><span style=\"font-size: 22px;\">\u00c9pisode IX &#8211; Santa Maria della Salute<\/span><\/strong><\/a><br \/>\n<strong>Novembre 2025<br \/>\n<\/strong>Num\u00e9ros de musique 37 et 38<\/p>\n<p><iframe title=\"YouTube video player\" src=\"https:\/\/www.youtube.com\/embed\/Bj-IuNK7xzQ?si=TLGxUxa3E-WhIVlr\" width=\"330\" height=\"186\" frameborder=\"0\" allowfullscreen=\"allowfullscreen\" data-mce-fragment=\"1\"><\/iframe><\/p>\n<p>.-.-.-.-.-.-.-.-.-.-.-.-.-.-.-.-.-.-.-.-.-.-.-.-.-.-.-.-.-.-.-.<\/p>\n<p><a href=\"https:\/\/youtu.be\/f2z7-yvoCOM\" target=\"_blank\" rel=\"noopener\"><strong><span style=\"font-size: 22px;\">\u00c9pisode X &#8211; Ponte di Rialto<\/span><\/strong><\/a><br \/>\n<strong>D\u00e9cembre 2025<br \/>\n<\/strong>Num\u00e9ros de musique 43 \u00e0 46<\/p>\n<p><iframe title=\"YouTube video player\" src=\"https:\/\/www.youtube.com\/embed\/f2z7-yvoCOM?si=A-9xBDYCSRQpaZzB\" width=\"330\" height=\"186\" frameborder=\"0\" allowfullscreen=\"allowfullscreen\" data-mce-fragment=\"1\"><\/iframe><\/p>\n<p>.-.-.-.-.-.-.-.-.-.-.-.-.-.-.-.-.-.-.-.-.-.-.-.-.-.-.-.-.-.-.-.<\/p>\n<p><a href=\"https:\/\/youtu.be\/2cirPDTSJik\" target=\"_blank\" rel=\"noopener\"><strong><span style=\"font-size: 22px;\">\u00c9pisode XI &#8211; Isola di San Michele<\/span><\/strong><\/a><br \/>\n<strong>Janvier 2026<br \/>\n<\/strong>Num\u00e9ros de musiqe 47 et 48<\/p>\n<p><iframe title=\"YouTube video player\" src=\"https:\/\/www.youtube.com\/embed\/2cirPDTSJik?si=uNpgxcVExQ8aVMmu\" width=\"330\" height=\"186\" frameborder=\"0\" allowfullscreen=\"allowfullscreen\" data-mce-fragment=\"1\"><\/iframe><\/p>\n<p>.-.-.-.-.-.-.-.-.-.-.-.-.-.-.-.-.-.-.-.-.-.-.-.-.-.-.-.-.-.-.-.<\/p>\n<p><span style=\"font-size: 22px;\"><a href=\"https:\/\/www.youtube.com\/watch?v=WU2gRCXGm4M\" target=\"_blank\" rel=\"noopener\"><strong>\u00c9pisode XII &#8211; San Marco<\/strong><\/a><\/span><br \/>\n<strong>F\u00e9vrier 2026<br \/>\n<\/strong>Num\u00e9ros de musique 49 et 50<\/p>\n<p><iframe title=\"YouTube video player\" src=\"https:\/\/www.youtube.com\/embed\/WU2gRCXGm4M?si=CM5zyp3wV6-Jr6tg\" width=\"330\" height=\"186\" frameborder=\"0\" allowfullscreen=\"allowfullscreen\"><\/iframe><\/p>\n<\/div><\/div><\/div><\/div><\/div>\n","protected":false},"excerpt":{"rendered":"","protected":false},"author":1,"featured_media":0,"parent":0,"menu_order":0,"comment_status":"closed","ping_status":"closed","template":"100-width.php","meta":{"footnotes":""},"class_list":["post-2770","page","type-page","status-publish","hentry"],"_links":{"self":[{"href":"https:\/\/markuspassion.org\/fr\/wp-json\/wp\/v2\/pages\/2770","targetHints":{"allow":["GET"]}}],"collection":[{"href":"https:\/\/markuspassion.org\/fr\/wp-json\/wp\/v2\/pages"}],"about":[{"href":"https:\/\/markuspassion.org\/fr\/wp-json\/wp\/v2\/types\/page"}],"author":[{"embeddable":true,"href":"https:\/\/markuspassion.org\/fr\/wp-json\/wp\/v2\/users\/1"}],"replies":[{"embeddable":true,"href":"https:\/\/markuspassion.org\/fr\/wp-json\/wp\/v2\/comments?post=2770"}],"version-history":[{"count":39,"href":"https:\/\/markuspassion.org\/fr\/wp-json\/wp\/v2\/pages\/2770\/revisions"}],"predecessor-version":[{"id":5066,"href":"https:\/\/markuspassion.org\/fr\/wp-json\/wp\/v2\/pages\/2770\/revisions\/5066"}],"wp:attachment":[{"href":"https:\/\/markuspassion.org\/fr\/wp-json\/wp\/v2\/media?parent=2770"}],"curies":[{"name":"wp","href":"https:\/\/api.w.org\/{rel}","templated":true}]}}