{"id":2766,"date":"2024-06-16T14:29:20","date_gmt":"2024-06-16T12:29:20","guid":{"rendered":"https:\/\/www.markuspassion.org\/upcoming_performances\/"},"modified":"2026-03-13T17:10:28","modified_gmt":"2026-03-13T15:10:28","slug":"prochaines_representations","status":"publish","type":"page","link":"https:\/\/markuspassion.org\/fr\/prochaines_representations\/","title":{"rendered":"Prochaines repr\u00e9sentations"},"content":{"rendered":"<div class=\"fusion-fullwidth fullwidth-box fusion-builder-row-1 fusion-flex-container has-pattern-background has-mask-background nonhundred-percent-fullwidth non-hundred-percent-height-scrolling\" style=\"--awb-border-radius-top-left:0px;--awb-border-radius-top-right:0px;--awb-border-radius-bottom-right:0px;--awb-border-radius-bottom-left:0px;--awb-padding-top:10%;--awb-padding-right:30%;--awb-padding-left:30%;--awb-padding-top-medium:20%;--awb-padding-right-medium:7%;--awb-padding-left-medium:7%;--awb-padding-top-small:22%;--awb-padding-right-small:7%;--awb-padding-left-small:7%;--awb-flex-wrap:wrap;\" ><div class=\"fusion-builder-row fusion-row fusion-flex-align-items-flex-start fusion-flex-content-wrap\" style=\"max-width:1248px;margin-left: calc(-4% \/ 2 );margin-right: calc(-4% \/ 2 );\"><div class=\"fusion-layout-column fusion_builder_column fusion-builder-column-0 fusion_builder_column_1_1 1_1 fusion-flex-column\" style=\"--awb-bg-blend:overlay;--awb-bg-size:cover;--awb-width-large:100%;--awb-margin-top-large:0px;--awb-spacing-right-large:1.92%;--awb-margin-bottom-large:0px;--awb-spacing-left-large:1.92%;--awb-width-medium:100%;--awb-spacing-right-medium:1.92%;--awb-spacing-left-medium:1.92%;--awb-width-small:100%;--awb-spacing-right-small:1.92%;--awb-spacing-left-small:1.92%;\"><div class=\"fusion-column-wrapper fusion-flex-justify-content-flex-start fusion-content-layout-column\"><div class=\"fusion-text fusion-text-1\"><h1><span style=\"font-size: 32px; font-family: BellMTPro;\">PROCHAINES REPR\u00c9SENTATIONS<\/span><\/h1>\n<p>Nous sommes ravis que la Passion selon St Marc soit redonn\u00e9e. Nous remercions tous ceux qui s\u2019engagent aupr\u00e8s des futures repr\u00e9sentations pour leur int\u00e9r\u00eat et leurs efforts.<\/p>\n<\/div><div class=\"fusion-text fusion-text-2\"><p><img decoding=\"async\" class=\"alignnone wp-image-3128\" src=\"https:\/\/www.markuspassion.org\/wp-content\/uploads\/2025\/01\/01_Visual-Markuspassions-Bachfest-rgb_MIT_AM-1-300x223.jpg\" alt=\"\" width=\"531\" height=\"395\" srcset=\"https:\/\/markuspassion.org\/wp-content\/uploads\/2025\/01\/01_Visual-Markuspassions-Bachfest-rgb_MIT_AM-1-200x149.jpg 200w, https:\/\/markuspassion.org\/wp-content\/uploads\/2025\/01\/01_Visual-Markuspassions-Bachfest-rgb_MIT_AM-1-300x223.jpg 300w, https:\/\/markuspassion.org\/wp-content\/uploads\/2025\/01\/01_Visual-Markuspassions-Bachfest-rgb_MIT_AM-1-400x298.jpg 400w, https:\/\/markuspassion.org\/wp-content\/uploads\/2025\/01\/01_Visual-Markuspassions-Bachfest-rgb_MIT_AM-1-600x447.jpg 600w, https:\/\/markuspassion.org\/wp-content\/uploads\/2025\/01\/01_Visual-Markuspassions-Bachfest-rgb_MIT_AM-1-768x572.jpg 768w, https:\/\/markuspassion.org\/wp-content\/uploads\/2025\/01\/01_Visual-Markuspassions-Bachfest-rgb_MIT_AM-1-800x596.jpg 800w, https:\/\/markuspassion.org\/wp-content\/uploads\/2025\/01\/01_Visual-Markuspassions-Bachfest-rgb_MIT_AM-1.jpg 822w\" sizes=\"(max-width: 531px) 100vw, 531px\" \/><\/p>\n<p><span style=\"font-size: 24px;\"><a href=\"https:\/\/www.markuspassion.org\/fr\/2027-bachfest-leipzig\/\" target=\"_blank\" rel=\"noopener\"><span style=\"font-family: BellMTPro;\"><span lang=\"fr-CH\">INVITATION AU BACHFEST DE LEIPZIG 2027<\/span><\/span><\/a><\/span><\/p>\n<p><span style=\"font-family: BellMTPro;\"><span lang=\"fr-CH\">Nous nous r\u00e9jouissons tout particuli\u00e8rement de cette annonce : Nous avons \u00e9t\u00e9 invit\u00e9s \u00e0 redonner la Passion selon Saint-Marc au Bachfest Leipzig en juin 2027 !<\/span><\/span><\/p>\n<p>L&rsquo;invitation \u00e0 Leipzig est un grand honneur pour nous, et nous tenons \u00e0 remercier sinc\u00e8rement le festival. <span style=\"font-family: BellMTPro;\"><span lang=\"fr-CH\"><span style=\"font-family: BellMTPro;\">Nous communiquerons ici prochainement des informations plus pr\u00e9cises sur la date et le lieu du concert ains<\/span>i que sur la vente des billets. Les billets seront disponibles \u00e0 partir de novembre 2026.<\/span><\/span><\/p>\n<p><span style=\"font-family: BellMTPro;\"><span lang=\"fr-CH\">Nous serions tr\u00e8s heureux de pouvoir vous compter parmi nos spectateurs \u00e0 Leipzig !<\/span><\/span><\/p>\n<p>.-.-.-.-.-.-.-.-.-.-.-.-.-.-.-.-.-.-.-.-.-.-.-.<\/p>\n<\/div><div class=\"fusion-text fusion-text-3\"><p><a href=\"https:\/\/jacobikantorei.de\/\" target=\"_blank\" rel=\"noopener\"><img decoding=\"async\" class=\"alignnone wp-image-3363 \" src=\"https:\/\/www.markuspassion.org\/wp-content\/uploads\/2025\/01\/Visual-Markuspassions-Goettingen-rgb_klein-300x223.jpg\" alt=\"\" width=\"531\" height=\"395\" srcset=\"https:\/\/markuspassion.org\/wp-content\/uploads\/2025\/01\/Visual-Markuspassions-Goettingen-rgb_klein-200x149.jpg 200w, https:\/\/markuspassion.org\/wp-content\/uploads\/2025\/01\/Visual-Markuspassions-Goettingen-rgb_klein-300x223.jpg 300w, https:\/\/markuspassion.org\/wp-content\/uploads\/2025\/01\/Visual-Markuspassions-Goettingen-rgb_klein-400x298.jpg 400w, https:\/\/markuspassion.org\/wp-content\/uploads\/2025\/01\/Visual-Markuspassions-Goettingen-rgb_klein-600x447.jpg 600w, https:\/\/markuspassion.org\/wp-content\/uploads\/2025\/01\/Visual-Markuspassions-Goettingen-rgb_klein-768x572.jpg 768w, https:\/\/markuspassion.org\/wp-content\/uploads\/2025\/01\/Visual-Markuspassions-Goettingen-rgb_klein-800x596.jpg 800w, https:\/\/markuspassion.org\/wp-content\/uploads\/2025\/01\/Visual-Markuspassions-Goettingen-rgb_klein.jpg 822w\" sizes=\"(max-width: 531px) 100vw, 531px\" \/><\/a><\/p>\n<p><a href=\"https:\/\/www.markuspassion.org\/fr\/2026-goettingen\/\" target=\"_blank\" rel=\"noopener\"><span style=\"font-size: 24px;\">PREMI\u00c8RE REPR\u00c9SENTATION EN ALLEMAGNE<\/span><br \/>\n<span style=\"font-size: 24px;\">G\u00d6TTINGEN, MARS 2026<\/span><\/a><\/p>\n<p>Les samedi et dimanche 7 et 8 mars 2026, la premi\u00e8re repr\u00e9sentation de la Passion selon St-Marc en Allemagne a eu lieu le week-end dernier \u00e0 G\u00f6ttingen. Lors de deux concerts donn\u00e9s \u00e0 la Jacobikirche de G\u00f6ttingen, la Jacobikantorei, le ch\u0153ur de chambre St. Jacobi, l\u2019orchestre baroque de G\u00f6ttingen et cinq solistes vocaux ont interpr\u00e9t\u00e9 la Passion selon St-Marc sous la direction du Cantor Stefan Kordes. Nous remercions chaleureusement Stefan Kordes et toutes les personnes impliqu\u00e9es pour leur engagement et leurs interpr\u00e9tations \u00e9mouvantes.<\/p>\n<p>.-.-.-.-.-.-.-.-.-.-.-.-.-.-.-.-.-.-.-.-.-.-.-.<\/p>\n<\/div><\/div><\/div><\/div><\/div>\n","protected":false},"excerpt":{"rendered":"","protected":false},"author":2,"featured_media":0,"parent":0,"menu_order":0,"comment_status":"closed","ping_status":"closed","template":"100-width.php","meta":{"footnotes":""},"class_list":["post-2766","page","type-page","status-publish","hentry"],"_links":{"self":[{"href":"https:\/\/markuspassion.org\/fr\/wp-json\/wp\/v2\/pages\/2766","targetHints":{"allow":["GET"]}}],"collection":[{"href":"https:\/\/markuspassion.org\/fr\/wp-json\/wp\/v2\/pages"}],"about":[{"href":"https:\/\/markuspassion.org\/fr\/wp-json\/wp\/v2\/types\/page"}],"author":[{"embeddable":true,"href":"https:\/\/markuspassion.org\/fr\/wp-json\/wp\/v2\/users\/2"}],"replies":[{"embeddable":true,"href":"https:\/\/markuspassion.org\/fr\/wp-json\/wp\/v2\/comments?post=2766"}],"version-history":[{"count":34,"href":"https:\/\/markuspassion.org\/fr\/wp-json\/wp\/v2\/pages\/2766\/revisions"}],"predecessor-version":[{"id":5062,"href":"https:\/\/markuspassion.org\/fr\/wp-json\/wp\/v2\/pages\/2766\/revisions\/5062"}],"wp:attachment":[{"href":"https:\/\/markuspassion.org\/fr\/wp-json\/wp\/v2\/media?parent=2766"}],"curies":[{"name":"wp","href":"https:\/\/api.w.org\/{rel}","templated":true}]}}