{"id":2758,"date":"2024-06-16T11:17:47","date_gmt":"2024-06-16T09:17:47","guid":{"rendered":"https:\/\/www.markuspassion.org\/work\/"},"modified":"2025-01-07T21:01:47","modified_gmt":"2025-01-07T19:01:47","slug":"oeuvre","status":"publish","type":"page","link":"https:\/\/markuspassion.org\/fr\/oeuvre\/","title":{"rendered":"L&rsquo;\u0153uvre"},"content":{"rendered":"<div class=\"fusion-fullwidth fullwidth-box fusion-builder-row-1 fusion-flex-container has-pattern-background has-mask-background nonhundred-percent-fullwidth non-hundred-percent-height-scrolling\" style=\"--awb-border-radius-top-left:0px;--awb-border-radius-top-right:0px;--awb-border-radius-bottom-right:0px;--awb-border-radius-bottom-left:0px;--awb-padding-top:10%;--awb-padding-right:30%;--awb-padding-left:30%;--awb-padding-top-medium:20%;--awb-padding-right-medium:7%;--awb-padding-left-medium:7%;--awb-padding-top-small:22%;--awb-padding-right-small:7%;--awb-padding-left-small:7%;--awb-flex-wrap:wrap;\" ><div class=\"fusion-builder-row fusion-row fusion-flex-align-items-flex-start fusion-flex-content-wrap\" style=\"max-width:1248px;margin-left: calc(-4% \/ 2 );margin-right: calc(-4% \/ 2 );\"><div class=\"fusion-layout-column fusion_builder_column fusion-builder-column-0 fusion_builder_column_1_1 1_1 fusion-flex-column\" style=\"--awb-bg-blend:overlay;--awb-bg-size:cover;--awb-width-large:100%;--awb-margin-top-large:0px;--awb-spacing-right-large:1.92%;--awb-margin-bottom-large:0px;--awb-spacing-left-large:1.92%;--awb-width-medium:100%;--awb-spacing-right-medium:1.92%;--awb-spacing-left-medium:1.92%;--awb-width-small:100%;--awb-spacing-right-small:1.92%;--awb-spacing-left-small:1.92%;\"><div class=\"fusion-column-wrapper fusion-flex-justify-content-flex-start fusion-content-layout-column\"><div class=\"fusion-text fusion-text-1\"><h1><span style=\"font-family: BellMTPro; font-size: 32px;\">L&rsquo;\u0152UVRE<\/span><\/h1>\n<p><a href=\"https:\/\/www.markuspassion.org\/wp-content\/uploads\/2024\/06\/untouched_6484777d411cc.jpg\" target=\"_blank\" rel=\"noopener\"><img decoding=\"async\" class=\"alignnone wp-image-1806 size-medium\" src=\"https:\/\/www.markuspassion.org\/wp-content\/uploads\/2024\/06\/untouched_6484777d411cc-300x200.jpg\" alt=\"\" width=\"300\" height=\"200\" srcset=\"https:\/\/markuspassion.org\/wp-content\/uploads\/2024\/06\/untouched_6484777d411cc-66x44.jpg 66w, https:\/\/markuspassion.org\/wp-content\/uploads\/2024\/06\/untouched_6484777d411cc-177x118.jpg 177w, https:\/\/markuspassion.org\/wp-content\/uploads\/2024\/06\/untouched_6484777d411cc-200x133.jpg 200w, https:\/\/markuspassion.org\/wp-content\/uploads\/2024\/06\/untouched_6484777d411cc-300x200.jpg 300w, https:\/\/markuspassion.org\/wp-content\/uploads\/2024\/06\/untouched_6484777d411cc-320x213.jpg 320w, https:\/\/markuspassion.org\/wp-content\/uploads\/2024\/06\/untouched_6484777d411cc-400x266.jpg 400w, https:\/\/markuspassion.org\/wp-content\/uploads\/2024\/06\/untouched_6484777d411cc-460x306.jpg 460w, https:\/\/markuspassion.org\/wp-content\/uploads\/2024\/06\/untouched_6484777d411cc-540x359.jpg 540w, https:\/\/markuspassion.org\/wp-content\/uploads\/2024\/06\/untouched_6484777d411cc-600x399.jpg 600w, https:\/\/markuspassion.org\/wp-content\/uploads\/2024\/06\/untouched_6484777d411cc-669x445.jpg 669w, https:\/\/markuspassion.org\/wp-content\/uploads\/2024\/06\/untouched_6484777d411cc-700x466.jpg 700w, https:\/\/markuspassion.org\/wp-content\/uploads\/2024\/06\/untouched_6484777d411cc-768x511.jpg 768w, https:\/\/markuspassion.org\/wp-content\/uploads\/2024\/06\/untouched_6484777d411cc-800x532.jpg 800w, https:\/\/markuspassion.org\/wp-content\/uploads\/2024\/06\/untouched_6484777d411cc-940x625.jpg 940w, https:\/\/markuspassion.org\/wp-content\/uploads\/2024\/06\/untouched_6484777d411cc-1024x681.jpg 1024w, https:\/\/markuspassion.org\/wp-content\/uploads\/2024\/06\/untouched_6484777d411cc-1200x798.jpg 1200w, https:\/\/markuspassion.org\/wp-content\/uploads\/2024\/06\/untouched_6484777d411cc-1536x1022.jpg 1536w, https:\/\/markuspassion.org\/wp-content\/uploads\/2024\/06\/untouched_6484777d411cc.jpg 2500w\" sizes=\"(max-width: 300px) 100vw, 300px\" \/><\/a>\u00a0 \u00a0 <a href=\"https:\/\/www.markuspassion.org\/wp-content\/uploads\/2024\/06\/untouched_64847782a6da3.jpg\" target=\"_blank\" rel=\"noopener\"><img decoding=\"async\" class=\"alignnone wp-image-1843 size-medium\" src=\"https:\/\/www.markuspassion.org\/wp-content\/uploads\/2024\/06\/untouched_64847782a6da3-300x200.jpg\" alt=\"\" width=\"300\" height=\"200\" srcset=\"https:\/\/markuspassion.org\/wp-content\/uploads\/2024\/06\/untouched_64847782a6da3-66x44.jpg 66w, https:\/\/markuspassion.org\/wp-content\/uploads\/2024\/06\/untouched_64847782a6da3-177x118.jpg 177w, https:\/\/markuspassion.org\/wp-content\/uploads\/2024\/06\/untouched_64847782a6da3-200x133.jpg 200w, https:\/\/markuspassion.org\/wp-content\/uploads\/2024\/06\/untouched_64847782a6da3-300x200.jpg 300w, https:\/\/markuspassion.org\/wp-content\/uploads\/2024\/06\/untouched_64847782a6da3-320x213.jpg 320w, https:\/\/markuspassion.org\/wp-content\/uploads\/2024\/06\/untouched_64847782a6da3-400x266.jpg 400w, https:\/\/markuspassion.org\/wp-content\/uploads\/2024\/06\/untouched_64847782a6da3-460x306.jpg 460w, https:\/\/markuspassion.org\/wp-content\/uploads\/2024\/06\/untouched_64847782a6da3-540x359.jpg 540w, https:\/\/markuspassion.org\/wp-content\/uploads\/2024\/06\/untouched_64847782a6da3-600x399.jpg 600w, https:\/\/markuspassion.org\/wp-content\/uploads\/2024\/06\/untouched_64847782a6da3-669x445.jpg 669w, https:\/\/markuspassion.org\/wp-content\/uploads\/2024\/06\/untouched_64847782a6da3-700x466.jpg 700w, https:\/\/markuspassion.org\/wp-content\/uploads\/2024\/06\/untouched_64847782a6da3-768x511.jpg 768w, https:\/\/markuspassion.org\/wp-content\/uploads\/2024\/06\/untouched_64847782a6da3-800x532.jpg 800w, https:\/\/markuspassion.org\/wp-content\/uploads\/2024\/06\/untouched_64847782a6da3-940x625.jpg 940w, https:\/\/markuspassion.org\/wp-content\/uploads\/2024\/06\/untouched_64847782a6da3-1024x681.jpg 1024w, https:\/\/markuspassion.org\/wp-content\/uploads\/2024\/06\/untouched_64847782a6da3-1200x798.jpg 1200w, https:\/\/markuspassion.org\/wp-content\/uploads\/2024\/06\/untouched_64847782a6da3-1536x1022.jpg 1536w, https:\/\/markuspassion.org\/wp-content\/uploads\/2024\/06\/untouched_64847782a6da3.jpg 2500w\" sizes=\"(max-width: 300px) 100vw, 300px\" \/><\/a><\/p>\n<p>La premi\u00e8re nouvelle mise-en-musique baroque du texte de Picander de 1731 a \u00e9t\u00e9 entendue \u00e0 la cr\u00e9ation mondiale de la Passion selon st Marc en mars 2023.<\/p>\n<p>Le texte est pr\u00e9sum\u00e9 avoir \u00e9t\u00e9 mis en musique par Johann Sebastian Bach pour le service du Vendredi Saint \u00e0 Leipzig le 23 mars 1731, avec une deuxi\u00e8me repr\u00e9sentation au m\u00eame endroit en 1744, employant deux airs suppl\u00e9mentaires et quelques petits changements. Il semble que cette partition de la Passion selon St Marc soit perdue.<\/p>\n<p>Se basant sur des sources textuelles, Nikolaus Matthes pr\u00e9sente la premi\u00e8re mise-en-musique du texte entier de Picander, et simultan\u00e9ment la premi\u00e8re composition dans le style baroque se servant de ce texte. Les premi\u00e8res esquisses ont \u00e9t\u00e9 con\u00e7ues au printemps et \u00e0 l\u2019\u00e9t\u00e9 2019. Le travail a \u00e9t\u00e9 repris \u00e0 No\u00ebl de la m\u00eame ann\u00e9e et achev\u00e9 \u00e0 P\u00e2ques 2020.<\/p>\n<p>La cr\u00e9ation mondiale de la nouvelle Passion selon St Marc a eu lieu lors de quatre repr\u00e9sentations dans autant de villes suisses diff\u00e9rentes. L\u2019\u00e9criture est r\u00e9alis\u00e9e enti\u00e8rement dans le style de la musique de Johann Sebastian Bach, mais n\u2019est bas\u00e9e sur aucune \u0153uvre existante de Bach ou d\u2019autres compositeurs baroques, \u00e0 l\u2019exception de plusieurs citations directes. Cela permet aux auditeurs et aux interpr\u00e8tes de s\u2019approcher le plus possible \u00e0 l\u2019exp\u00e9rience d\u2019une cr\u00e9ation mondiale baroque.<\/p>\n<\/div><\/div><\/div><\/div><\/div>\n","protected":false},"excerpt":{"rendered":"","protected":false},"author":1,"featured_media":0,"parent":0,"menu_order":0,"comment_status":"closed","ping_status":"closed","template":"100-width.php","meta":{"footnotes":""},"class_list":["post-2758","page","type-page","status-publish","hentry"],"_links":{"self":[{"href":"https:\/\/markuspassion.org\/fr\/wp-json\/wp\/v2\/pages\/2758","targetHints":{"allow":["GET"]}}],"collection":[{"href":"https:\/\/markuspassion.org\/fr\/wp-json\/wp\/v2\/pages"}],"about":[{"href":"https:\/\/markuspassion.org\/fr\/wp-json\/wp\/v2\/types\/page"}],"author":[{"embeddable":true,"href":"https:\/\/markuspassion.org\/fr\/wp-json\/wp\/v2\/users\/1"}],"replies":[{"embeddable":true,"href":"https:\/\/markuspassion.org\/fr\/wp-json\/wp\/v2\/comments?post=2758"}],"version-history":[{"count":17,"href":"https:\/\/markuspassion.org\/fr\/wp-json\/wp\/v2\/pages\/2758\/revisions"}],"predecessor-version":[{"id":3255,"href":"https:\/\/markuspassion.org\/fr\/wp-json\/wp\/v2\/pages\/2758\/revisions\/3255"}],"wp:attachment":[{"href":"https:\/\/markuspassion.org\/fr\/wp-json\/wp\/v2\/media?parent=2758"}],"curies":[{"name":"wp","href":"https:\/\/api.w.org\/{rel}","templated":true}]}}