{"id":2744,"date":"2024-06-16T11:17:34","date_gmt":"2024-06-16T09:17:34","guid":{"rendered":"https:\/\/www.markuspassion.org\/start\/"},"modified":"2026-03-26T11:50:35","modified_gmt":"2026-03-26T09:50:35","slug":"start","status":"publish","type":"page","link":"https:\/\/markuspassion.org\/fr\/","title":{"rendered":"PAGE D&rsquo;ACCUEIL"},"content":{"rendered":"<div class=\"fusion-fullwidth fullwidth-box fusion-builder-row-1 fusion-flex-container has-pattern-background has-mask-background nonhundred-percent-fullwidth non-hundred-percent-height-scrolling\" style=\"--awb-border-radius-top-left:0px;--awb-border-radius-top-right:0px;--awb-border-radius-bottom-right:0px;--awb-border-radius-bottom-left:0px;--awb-padding-top:10%;--awb-padding-right:30%;--awb-padding-left:30%;--awb-padding-top-medium:20%;--awb-padding-right-medium:7%;--awb-padding-left-medium:7%;--awb-padding-top-small:22%;--awb-padding-right-small:7%;--awb-padding-bottom-small:0px;--awb-padding-left-small:7%;--awb-flex-wrap:wrap;\" ><div class=\"fusion-builder-row fusion-row fusion-flex-align-items-flex-start fusion-flex-content-wrap\" style=\"max-width:1248px;margin-left: calc(-4% \/ 2 );margin-right: calc(-4% \/ 2 );\"><div class=\"fusion-layout-column fusion_builder_column fusion-builder-column-0 fusion_builder_column_1_1 1_1 fusion-flex-column\" style=\"--awb-bg-size:cover;--awb-width-large:100%;--awb-margin-top-large:0px;--awb-spacing-right-large:1.92%;--awb-margin-bottom-large:20px;--awb-spacing-left-large:1.92%;--awb-width-medium:100%;--awb-order-medium:0;--awb-spacing-right-medium:1.92%;--awb-spacing-left-medium:1.92%;--awb-width-small:100%;--awb-order-small:0;--awb-spacing-right-small:1.92%;--awb-spacing-left-small:1.92%;\"><div class=\"fusion-column-wrapper fusion-column-has-shadow fusion-flex-justify-content-flex-start fusion-content-layout-column\"><div class=\"fusion-text fusion-text-1\"><h1 class=\"fusion-responsive-typography-calculated\" style=\"text-align: center; --fontsize: 32; line-height: 1.4;\" data-fontsize=\"32\" data-lineheight=\"44.8px\"><span style=\"font-size: 32px; font-family: BellMTPro;\"><span style=\"font-size: 42px;\">PASSION SELON SAINT-MARC<\/span><br \/>\n<\/span><\/h1>\n<h1 class=\"fusion-responsive-typography-calculated\" style=\"text-align: center; --fontsize: 32; line-height: 1.4;\" data-fontsize=\"32\" data-lineheight=\"44.8px\"><span style=\"font-size: 32px; font-family: BellMTPro;\">La premi\u00e8re nouvelle mise-en-musique baroque du texte de Picander <\/span><\/h1>\n<h1 class=\"fusion-responsive-typography-calculated\" style=\"text-align: center; --fontsize: 32; line-height: 1.4;\" data-fontsize=\"32\" data-lineheight=\"44.8px\"><span style=\"font-size: 32px; font-family: BellMTPro;\">Musique de Nikolaus Matthes<br \/>\n<\/span><\/h1>\n<p><a href=\"https:\/\/www.markuspassion.org\/wp-content\/uploads\/2024\/06\/untouched_6633b805ee9c1.jpg\" target=\"_blank\" rel=\"noopener\"><img decoding=\"async\" class=\"wp-image-1680 aligncenter\" src=\"https:\/\/www.markuspassion.org\/wp-content\/uploads\/2024\/06\/untouched_6633b805ee9c1-300x200.jpg\" alt=\"\" width=\"793\" height=\"528\" srcset=\"https:\/\/markuspassion.org\/wp-content\/uploads\/2024\/06\/untouched_6633b805ee9c1-66x44.jpg 66w, https:\/\/markuspassion.org\/wp-content\/uploads\/2024\/06\/untouched_6633b805ee9c1-177x118.jpg 177w, https:\/\/markuspassion.org\/wp-content\/uploads\/2024\/06\/untouched_6633b805ee9c1-200x133.jpg 200w, https:\/\/markuspassion.org\/wp-content\/uploads\/2024\/06\/untouched_6633b805ee9c1-300x200.jpg 300w, https:\/\/markuspassion.org\/wp-content\/uploads\/2024\/06\/untouched_6633b805ee9c1-320x213.jpg 320w, https:\/\/markuspassion.org\/wp-content\/uploads\/2024\/06\/untouched_6633b805ee9c1-400x266.jpg 400w, https:\/\/markuspassion.org\/wp-content\/uploads\/2024\/06\/untouched_6633b805ee9c1-460x306.jpg 460w, https:\/\/markuspassion.org\/wp-content\/uploads\/2024\/06\/untouched_6633b805ee9c1-540x359.jpg 540w, https:\/\/markuspassion.org\/wp-content\/uploads\/2024\/06\/untouched_6633b805ee9c1-600x399.jpg 600w, https:\/\/markuspassion.org\/wp-content\/uploads\/2024\/06\/untouched_6633b805ee9c1-669x445.jpg 669w, https:\/\/markuspassion.org\/wp-content\/uploads\/2024\/06\/untouched_6633b805ee9c1-700x466.jpg 700w, https:\/\/markuspassion.org\/wp-content\/uploads\/2024\/06\/untouched_6633b805ee9c1-768x511.jpg 768w, https:\/\/markuspassion.org\/wp-content\/uploads\/2024\/06\/untouched_6633b805ee9c1-800x532.jpg 800w, https:\/\/markuspassion.org\/wp-content\/uploads\/2024\/06\/untouched_6633b805ee9c1-940x625.jpg 940w, https:\/\/markuspassion.org\/wp-content\/uploads\/2024\/06\/untouched_6633b805ee9c1-1024x681.jpg 1024w, https:\/\/markuspassion.org\/wp-content\/uploads\/2024\/06\/untouched_6633b805ee9c1-1200x798.jpg 1200w, https:\/\/markuspassion.org\/wp-content\/uploads\/2024\/06\/untouched_6633b805ee9c1-1536x1022.jpg 1536w, https:\/\/markuspassion.org\/wp-content\/uploads\/2024\/06\/untouched_6633b805ee9c1.jpg 2500w\" sizes=\"(max-width: 793px) 100vw, 793px\" \/><\/a><\/p>\n<p style=\"text-align: center;\"><span style=\"font-size: 21px; font-family: BellMTPro;\"><strong>\u00ab\u00a0En accord respectueux avec le langage musical de Bach (&#8230;) une d\u00e9marche dans une gravit\u00e9 profonde, d\u00e9pourvu de tout<em> vanitas <\/em>(&#8230;) constamment consacr\u00e9 \u00e0 l\u2019esprit et la tradition des Passions baroques.\u00a0\u00bb<\/strong><br \/>\nFRANKFURTER ALLGEMEINE<\/span><br \/>\n<span style=\"font-size: 21px; font-family: BellMTPro;\"><em>Werner M. Grimmel, 7 \/ 8 avril 2024<\/em><\/span><\/p>\n<p style=\"text-align: center;\"><span style=\"font-family: BellMTPro; font-size: 22px;\">. &#8211; . &#8211; .<\/span><\/p>\n<p style=\"text-align: center;\"><strong><span style=\"font-size: 22px;\">BIENVENUE SUR NOTRE SITE INTERNET !<\/span><\/strong><br \/>\n<span style=\"font-size: 22px;\">Ici vous trouverez toutes les derni\u00e8res informations. Restez connect\u00e9s !<\/span><\/p>\n<p style=\"text-align: center;\"><span style=\"font-size: 22px;\">. &#8211; . &#8211; .<\/span><\/p>\n<p style=\"text-align: center;\"><span style=\"font-size: 22px;\"><a href=\"https:\/\/jacobikantorei.de\/\" target=\"_blank\" rel=\"noopener\"><b>PREMI\u00c8RE REPR\u00c9SENTATION DE LA PASSION SELON ST-MARC EN ALLEMAGNE<\/b><\/a><br \/>\n<\/span><span style=\"font-size: 22px;\"><strong>St. Jacobi, G\u00f6ttingen &#8211; 7 et 8 mars 2026<br \/>\n<\/strong><\/span><span style=\"font-size: 22px;\"><a href=\"https:\/\/www.markuspassion.org\/fr\/2026-goettingen\/\" target=\"_blank\" rel=\"noopener\"><strong>Communiqu\u00e9s de presse<\/strong><\/a><\/span><\/p>\n<p style=\"text-align: center;\"><strong><a href=\"https:\/\/www.markuspassion.org\/wp-content\/uploads\/2026\/03\/Markuspassion-Goettingen-mit-Soli-scaled.jpg\" target=\"_blank\" rel=\"noopener\"><img decoding=\"async\" class=\"alignnone wp-image-5091 size-medium\" src=\"https:\/\/www.markuspassion.org\/wp-content\/uploads\/2026\/03\/Markuspassion-Goettingen-mit-Soli-300x187.jpg\" alt=\"\" width=\"300\" height=\"187\" srcset=\"https:\/\/markuspassion.org\/wp-content\/uploads\/2026\/03\/Markuspassion-Goettingen-mit-Soli-200x124.jpg 200w, https:\/\/markuspassion.org\/wp-content\/uploads\/2026\/03\/Markuspassion-Goettingen-mit-Soli-300x187.jpg 300w, https:\/\/markuspassion.org\/wp-content\/uploads\/2026\/03\/Markuspassion-Goettingen-mit-Soli-400x249.jpg 400w, https:\/\/markuspassion.org\/wp-content\/uploads\/2026\/03\/Markuspassion-Goettingen-mit-Soli-600x373.jpg 600w, https:\/\/markuspassion.org\/wp-content\/uploads\/2026\/03\/Markuspassion-Goettingen-mit-Soli-768x478.jpg 768w, https:\/\/markuspassion.org\/wp-content\/uploads\/2026\/03\/Markuspassion-Goettingen-mit-Soli-800x498.jpg 800w, https:\/\/markuspassion.org\/wp-content\/uploads\/2026\/03\/Markuspassion-Goettingen-mit-Soli-1024x637.jpg 1024w, https:\/\/markuspassion.org\/wp-content\/uploads\/2026\/03\/Markuspassion-Goettingen-mit-Soli-1200x746.jpg 1200w, https:\/\/markuspassion.org\/wp-content\/uploads\/2026\/03\/Markuspassion-Goettingen-mit-Soli-1536x955.jpg 1536w, https:\/\/markuspassion.org\/wp-content\/uploads\/2026\/03\/Markuspassion-Goettingen-mit-Soli-scaled.jpg 2560w\" sizes=\"(max-width: 300px) 100vw, 300px\" \/><\/a><br \/>\nConcert du 7 mars 2026<br \/>\nCh\u0153ur final<\/strong><br \/>\n<strong>Photo <\/strong><strong>\u00a9 Katrin Benary 2026<\/strong><\/p>\n<p style=\"text-align: center;\"><span style=\"font-size: 22px;\">. &#8211; . &#8211; .<\/span><\/p>\n<p style=\"text-align: center;\"><span style=\"font-size: 22px;\"><a href=\"https:\/\/www.ndr.de\/kultur\/sendungen\/ndr_kultur_a_la_carte\/markuspassion-in-der-goettinger-st-jakobikirche,sendung-56876.html\" target=\"_blank\" rel=\"noopener\"><strong>\u00c9COUTEZ NDR KULTUR \u00c0 LA CARTE !<\/strong><\/a><\/span><br \/>\n<span style=\"font-size: 22px;\"><strong>Nikolaus Matthes en conversation avec Franziska von Busse<\/strong><\/span><br \/>\n<span style=\"font-size: 22px;\">Lundi 2 mars 2026, 13h00<\/span><\/p>\n<p style=\"text-align: center;\"><strong><a href=\"https:\/\/www.ndr.de\/kultur\/sendungen\/ndr_kultur_a_la_carte\/markuspassion-in-der-goettinger-st-jakobikirche,sendung-56876.html\" target=\"_blank\" rel=\"noopener\"><img decoding=\"async\" class=\"wp-image-4804 size-medium aligncenter\" src=\"https:\/\/www.markuspassion.org\/wp-content\/uploads\/2026\/02\/Nikolaus-Matthes_Portrait_2024-02-29_1183_LANDING_PAGE-300x200.jpg\" alt=\"\" width=\"300\" height=\"200\" srcset=\"https:\/\/markuspassion.org\/wp-content\/uploads\/2026\/02\/Nikolaus-Matthes_Portrait_2024-02-29_1183_LANDING_PAGE-200x133.jpg 200w, https:\/\/markuspassion.org\/wp-content\/uploads\/2026\/02\/Nikolaus-Matthes_Portrait_2024-02-29_1183_LANDING_PAGE-300x200.jpg 300w, https:\/\/markuspassion.org\/wp-content\/uploads\/2026\/02\/Nikolaus-Matthes_Portrait_2024-02-29_1183_LANDING_PAGE-400x267.jpg 400w, https:\/\/markuspassion.org\/wp-content\/uploads\/2026\/02\/Nikolaus-Matthes_Portrait_2024-02-29_1183_LANDING_PAGE-600x400.jpg 600w, https:\/\/markuspassion.org\/wp-content\/uploads\/2026\/02\/Nikolaus-Matthes_Portrait_2024-02-29_1183_LANDING_PAGE-768x512.jpg 768w, https:\/\/markuspassion.org\/wp-content\/uploads\/2026\/02\/Nikolaus-Matthes_Portrait_2024-02-29_1183_LANDING_PAGE-800x533.jpg 800w, https:\/\/markuspassion.org\/wp-content\/uploads\/2026\/02\/Nikolaus-Matthes_Portrait_2024-02-29_1183_LANDING_PAGE-1024x683.jpg 1024w, https:\/\/markuspassion.org\/wp-content\/uploads\/2026\/02\/Nikolaus-Matthes_Portrait_2024-02-29_1183_LANDING_PAGE-1200x800.jpg 1200w, https:\/\/markuspassion.org\/wp-content\/uploads\/2026\/02\/Nikolaus-Matthes_Portrait_2024-02-29_1183_LANDING_PAGE-1536x1024.jpg 1536w, https:\/\/markuspassion.org\/wp-content\/uploads\/2026\/02\/Nikolaus-Matthes_Portrait_2024-02-29_1183_LANDING_PAGE.jpg 2500w\" sizes=\"(max-width: 300px) 100vw, 300px\" \/><\/a><\/strong><\/p>\n<p style=\"text-align: center;\"><span style=\"font-size: 22px;\">. &#8211; . &#8211; .<\/span><\/p>\n<p style=\"text-align: center;\"><a href=\"https:\/\/www.markuspassion.org\/fr\/2027-bachfest-leipzig\/\" target=\"_blank\" rel=\"noopener\"><span style=\"font-family: BellMTPro; font-size: 22px;\"><strong>INVITATION AU BACHFEST DE LEIPZIG 2027<\/strong><\/span><\/a><br \/>\n<span style=\"font-family: BellMTPro; font-size: 22px;\">Nous nous r\u00e9jouissons tout particuli\u00e8rement de cette annonce :<br \/>\nNous avons \u00e9t\u00e9 invit\u00e9s \u00e0 redonner la Passion selon Saint-Marc avec le notre ensemble au Bachfest de Leipzig en juin 2027 !<\/span><\/p>\n<p style=\"text-align: center;\"><span style=\"font-size: 22px;\"><a href=\"https:\/\/www.markuspassion.org\/fr\/2027-bachfest-leipzig\/\" target=\"_blank\" rel=\"noopener\"><strong>Plusieurs informations vous trouvez ici.<\/strong><\/a><\/span><\/p>\n<p style=\"text-align: center;\"><span style=\"font-size: 22px;\">. &#8211; . &#8211; .<\/span><\/p>\n<p style=\"text-align: center;\"><span style=\"font-size: 22px;\"><a href=\"https:\/\/www.youtube.com\/playlist?list=PL3Cmz98FRLQ3d3bu94I-_Lf55GIModyp5\" target=\"_blank\" rel=\"noopener\"><strong>S\u00c9RIE DE VID\u00c9OS SUR LA PASSION SELON ST-MARC ET CONCERT INT\u00c9GRAL DU 26 MARS 2023 SUR YOUTUBE<\/strong><\/a><\/span><\/p>\n<p style=\"text-align: center;\"><iframe title=\"YouTube video player\" src=\"https:\/\/www.youtube.com\/embed\/videoseries?si=j5XFl7-y_FhEnz_V&amp;list=PL3Cmz98FRLQ3d3bu94I-_Lf55GIModyp5\" width=\"330\" height=\"186\" frameborder=\"0\" allowfullscreen=\"allowfullscreen\" data-mce-fragment=\"1\"><\/iframe><\/p>\n<p style=\"text-align: center;\"><span style=\"font-size: 22px;\">. &#8211; . &#8211; .<\/span><\/p>\n<p style=\"text-align: center;\"><strong><span style=\"font-size: 22px;\">LA PREMI\u00c8RE REPR\u00c9SENTATION DE LA PASSION SELON ST-MARC EN AM\u00c9RIQUE DU NORD AU FESTIVAL DE BERKELEY 2026 \u00c0 \u00c9T\u00c9 ANNUL\u00c9E<\/span><\/strong><br \/>\n<a href=\"https:\/\/www.markuspassion.org\/fr\/2026-usa\/\" target=\"_blank\" rel=\"noopener\"><strong><span style=\"font-size: 22px;\">Voici la d\u00e9claration<\/span><\/strong><\/a><\/p>\n<p style=\"text-align: center;\"><span style=\"font-family: BellMTPro; font-size: 22px;\">. &#8211; . &#8211; .<\/span><\/p>\n<p style=\"text-align: center;\"><span style=\"font-family: BellMTPro; font-size: 22px;\"><a href=\"https:\/\/www.resonando.de\/en\/products\/rn-10018-markuspassion\" target=\"_blank\" rel=\"noopener\"><strong>NOUVELLE SORTIE DE DISQUE<\/strong><\/a><\/span><\/p>\n<p style=\"text-align: center;\"><span style=\"font-family: BellMTPro; font-size: 22px;\">Enregistrement de la cr\u00e9ation de l\u2019\u0153uvre en 2023, <a href=\"https:\/\/www.resonando.de\/en\/products\/rn-10018-markuspassion\" target=\"_blank\" rel=\"noopener\"><strong>sortie mars 2024 ; resonando<\/strong><\/a><\/span><\/p>\n<p style=\"text-align: center;\"><span style=\"font-size: 22px;\"><a href=\"https:\/\/www.markuspassion.org\/fr\/streaming\/\" target=\"_blank\" rel=\"noopener\"><strong>Cliquez ici pour acc\u00e9der directement au streaming.<\/strong><\/a><\/span><\/p>\n<p style=\"text-align: center;\"><span style=\"font-family: BellMTPro; font-size: 22px;\">. &#8211; . &#8211; .<\/span><\/p>\n<p><iframe src=\"https:\/\/t0f78c10e.emailsys1a.net\/229\/376\/fd5fc85caf\/subscribe\/form.html?_g=1739381387\" width=\"100%\" height=\"800\" frameborder=\"0\"><\/iframe><\/p>\n<\/div><\/div><\/div><\/div><\/div>\n","protected":false},"excerpt":{"rendered":"","protected":false},"author":1,"featured_media":0,"parent":0,"menu_order":0,"comment_status":"closed","ping_status":"closed","template":"100-width.php","meta":{"footnotes":""},"class_list":["post-2744","page","type-page","status-publish","hentry"],"_links":{"self":[{"href":"https:\/\/markuspassion.org\/fr\/wp-json\/wp\/v2\/pages\/2744","targetHints":{"allow":["GET"]}}],"collection":[{"href":"https:\/\/markuspassion.org\/fr\/wp-json\/wp\/v2\/pages"}],"about":[{"href":"https:\/\/markuspassion.org\/fr\/wp-json\/wp\/v2\/types\/page"}],"author":[{"embeddable":true,"href":"https:\/\/markuspassion.org\/fr\/wp-json\/wp\/v2\/users\/1"}],"replies":[{"embeddable":true,"href":"https:\/\/markuspassion.org\/fr\/wp-json\/wp\/v2\/comments?post=2744"}],"version-history":[{"count":111,"href":"https:\/\/markuspassion.org\/fr\/wp-json\/wp\/v2\/pages\/2744\/revisions"}],"predecessor-version":[{"id":5101,"href":"https:\/\/markuspassion.org\/fr\/wp-json\/wp\/v2\/pages\/2744\/revisions\/5101"}],"wp:attachment":[{"href":"https:\/\/markuspassion.org\/fr\/wp-json\/wp\/v2\/media?parent=2744"}],"curies":[{"name":"wp","href":"https:\/\/api.w.org\/{rel}","templated":true}]}}