{"id":2740,"date":"2024-06-19T15:57:07","date_gmt":"2024-06-19T13:57:07","guid":{"rendered":"https:\/\/www.markuspassion.org\/contact\/"},"modified":"2024-11-29T16:13:32","modified_gmt":"2024-11-29T14:13:32","slug":"contactez-nous","status":"publish","type":"page","link":"https:\/\/markuspassion.org\/fr\/contactez-nous\/","title":{"rendered":"Contactez-nous"},"content":{"rendered":"<div class=\"fusion-fullwidth fullwidth-box fusion-builder-row-1 fusion-flex-container has-pattern-background has-mask-background nonhundred-percent-fullwidth non-hundred-percent-height-scrolling\" style=\"--awb-border-radius-top-left:0px;--awb-border-radius-top-right:0px;--awb-border-radius-bottom-right:0px;--awb-border-radius-bottom-left:0px;--awb-padding-top:10%;--awb-padding-right:30%;--awb-padding-left:30%;--awb-padding-top-medium:20%;--awb-padding-right-medium:7%;--awb-padding-left-medium:7%;--awb-padding-top-small:22%;--awb-padding-right-small:7%;--awb-padding-left-small:7%;--awb-flex-wrap:wrap;\" ><div class=\"fusion-builder-row fusion-row fusion-flex-align-items-flex-start fusion-flex-content-wrap\" style=\"max-width:1248px;margin-left: calc(-4% \/ 2 );margin-right: calc(-4% \/ 2 );\"><div class=\"fusion-layout-column fusion_builder_column fusion-builder-column-0 fusion_builder_column_1_1 1_1 fusion-flex-column\" style=\"--awb-bg-blend:overlay;--awb-bg-size:cover;--awb-width-large:100%;--awb-margin-top-large:0px;--awb-spacing-right-large:1.92%;--awb-margin-bottom-large:0px;--awb-spacing-left-large:1.92%;--awb-width-medium:100%;--awb-spacing-right-medium:1.92%;--awb-spacing-left-medium:1.92%;--awb-width-small:100%;--awb-spacing-right-small:1.92%;--awb-spacing-left-small:1.92%;\"><div class=\"fusion-column-wrapper fusion-flex-justify-content-flex-start fusion-content-layout-column\"><div class=\"fusion-text fusion-text-1\"><h1><span style=\"font-size: 32px; font-family: BellMTPro;\">CONTACTEZ-NOUS<\/span><\/h1>\n<p><a href=\"https:\/\/www.markuspassion.org\/wp-content\/uploads\/2024\/06\/untouched_647f04d7a9580.jpg\" target=\"_blank\" rel=\"noopener\"><img decoding=\"async\" class=\"alignnone wp-image-1563\" src=\"https:\/\/www.markuspassion.org\/wp-content\/uploads\/2024\/06\/untouched_647f04d7a9580-300x200.jpg\" alt=\"\" width=\"756\" height=\"503\" srcset=\"https:\/\/markuspassion.org\/wp-content\/uploads\/2024\/06\/untouched_647f04d7a9580-66x44.jpg 66w, https:\/\/markuspassion.org\/wp-content\/uploads\/2024\/06\/untouched_647f04d7a9580-177x118.jpg 177w, https:\/\/markuspassion.org\/wp-content\/uploads\/2024\/06\/untouched_647f04d7a9580-200x133.jpg 200w, https:\/\/markuspassion.org\/wp-content\/uploads\/2024\/06\/untouched_647f04d7a9580-300x200.jpg 300w, https:\/\/markuspassion.org\/wp-content\/uploads\/2024\/06\/untouched_647f04d7a9580-320x213.jpg 320w, https:\/\/markuspassion.org\/wp-content\/uploads\/2024\/06\/untouched_647f04d7a9580-400x266.jpg 400w, https:\/\/markuspassion.org\/wp-content\/uploads\/2024\/06\/untouched_647f04d7a9580-460x306.jpg 460w, https:\/\/markuspassion.org\/wp-content\/uploads\/2024\/06\/untouched_647f04d7a9580-540x359.jpg 540w, https:\/\/markuspassion.org\/wp-content\/uploads\/2024\/06\/untouched_647f04d7a9580-600x399.jpg 600w, https:\/\/markuspassion.org\/wp-content\/uploads\/2024\/06\/untouched_647f04d7a9580-669x445.jpg 669w, https:\/\/markuspassion.org\/wp-content\/uploads\/2024\/06\/untouched_647f04d7a9580-700x466.jpg 700w, https:\/\/markuspassion.org\/wp-content\/uploads\/2024\/06\/untouched_647f04d7a9580-768x511.jpg 768w, https:\/\/markuspassion.org\/wp-content\/uploads\/2024\/06\/untouched_647f04d7a9580-800x532.jpg 800w, https:\/\/markuspassion.org\/wp-content\/uploads\/2024\/06\/untouched_647f04d7a9580-940x625.jpg 940w, https:\/\/markuspassion.org\/wp-content\/uploads\/2024\/06\/untouched_647f04d7a9580-1024x681.jpg 1024w, https:\/\/markuspassion.org\/wp-content\/uploads\/2024\/06\/untouched_647f04d7a9580-1200x798.jpg 1200w, https:\/\/markuspassion.org\/wp-content\/uploads\/2024\/06\/untouched_647f04d7a9580-1536x1022.jpg 1536w, https:\/\/markuspassion.org\/wp-content\/uploads\/2024\/06\/untouched_647f04d7a9580.jpg 2500w\" sizes=\"(max-width: 756px) 100vw, 756px\" \/><\/a><\/p>\n<p>N&rsquo;h\u00e9sitez pas \u00e0 nous contacter si vous avez des questions. Nous nous r\u00e9jouissons de votre message.<\/p>\n<p>Nous ne pouvons pas traiter les demandes par t\u00e9l\u00e9phone ou par courrier postal ; nous vous remercions de votre compr\u00e9hension.<\/p>\n<p>Pour nous contacter, veuillez envoyer un courriel \u00e0 : <strong><a href=\"mailto:info@markuspassion.org\">info@markuspassion.org<\/a><\/strong><\/p>\n<p>&#8230; ou utilisez le formulaire de contact ci-dessous.<\/p>\n<p class=\"wpcf7-contact-form-not-found\"><strong>Erreur\u00a0:<\/strong> Formulaire de contact non trouv\u00e9\u00a0!<\/p>\n<\/div><\/div><\/div><\/div><\/div>\n","protected":false},"excerpt":{"rendered":"","protected":false},"author":1,"featured_media":0,"parent":0,"menu_order":0,"comment_status":"closed","ping_status":"closed","template":"100-width.php","meta":{"footnotes":""},"class_list":["post-2740","page","type-page","status-publish","hentry"],"_links":{"self":[{"href":"https:\/\/markuspassion.org\/fr\/wp-json\/wp\/v2\/pages\/2740","targetHints":{"allow":["GET"]}}],"collection":[{"href":"https:\/\/markuspassion.org\/fr\/wp-json\/wp\/v2\/pages"}],"about":[{"href":"https:\/\/markuspassion.org\/fr\/wp-json\/wp\/v2\/types\/page"}],"author":[{"embeddable":true,"href":"https:\/\/markuspassion.org\/fr\/wp-json\/wp\/v2\/users\/1"}],"replies":[{"embeddable":true,"href":"https:\/\/markuspassion.org\/fr\/wp-json\/wp\/v2\/comments?post=2740"}],"version-history":[{"count":9,"href":"https:\/\/markuspassion.org\/fr\/wp-json\/wp\/v2\/pages\/2740\/revisions"}],"predecessor-version":[{"id":3098,"href":"https:\/\/markuspassion.org\/fr\/wp-json\/wp\/v2\/pages\/2740\/revisions\/3098"}],"wp:attachment":[{"href":"https:\/\/markuspassion.org\/fr\/wp-json\/wp\/v2\/media?parent=2740"}],"curies":[{"name":"wp","href":"https:\/\/api.w.org\/{rel}","templated":true}]}}