{"id":2732,"date":"2024-06-17T18:51:21","date_gmt":"2024-06-17T16:51:21","guid":{"rendered":"https:\/\/www.markuspassion.org\/aufnahmen\/"},"modified":"2026-02-28T12:32:45","modified_gmt":"2026-02-28T10:32:45","slug":"enregistrements","status":"publish","type":"page","link":"https:\/\/markuspassion.org\/fr\/enregistrements\/","title":{"rendered":"Enregistrements"},"content":{"rendered":"<div class=\"fusion-fullwidth fullwidth-box fusion-builder-row-1 fusion-flex-container has-pattern-background has-mask-background nonhundred-percent-fullwidth non-hundred-percent-height-scrolling\" style=\"--awb-border-radius-top-left:0px;--awb-border-radius-top-right:0px;--awb-border-radius-bottom-right:0px;--awb-border-radius-bottom-left:0px;--awb-padding-top:10%;--awb-padding-right:30%;--awb-padding-left:30%;--awb-padding-top-medium:20%;--awb-padding-right-medium:7%;--awb-padding-left-medium:7%;--awb-padding-top-small:22%;--awb-padding-right-small:7%;--awb-padding-left-small:7%;--awb-flex-wrap:wrap;\" ><div class=\"fusion-builder-row fusion-row fusion-flex-align-items-flex-start fusion-flex-content-wrap\" style=\"max-width:1248px;margin-left: calc(-4% \/ 2 );margin-right: calc(-4% \/ 2 );\"><div class=\"fusion-layout-column fusion_builder_column fusion-builder-column-0 fusion_builder_column_1_1 1_1 fusion-flex-column\" style=\"--awb-bg-blend:overlay;--awb-bg-size:cover;--awb-width-large:100%;--awb-margin-top-large:0px;--awb-spacing-right-large:1.92%;--awb-margin-bottom-large:0px;--awb-spacing-left-large:1.92%;--awb-width-medium:100%;--awb-spacing-right-medium:1.92%;--awb-spacing-left-medium:1.92%;--awb-width-small:100%;--awb-spacing-right-small:1.92%;--awb-spacing-left-small:1.92%;\"><div class=\"fusion-column-wrapper fusion-flex-justify-content-flex-start fusion-content-layout-column\"><div class=\"fusion-text fusion-text-1\"><h1><span style=\"font-family: BellMTPro;\">ENREGISTREMENTS<\/span><\/h1>\n<p><span style=\"font-size: 24px;\">CD<\/span><\/p>\n<p>L\u2019enregistrement de la Passion selon St Marc accompagn\u00e9 de son livre est sorti en coffret (3 CDs) chez <strong><a href=\"https:\/\/www.resonando.de\/en\" target=\"_blank\" rel=\"noopener\">resonando<\/a><\/strong>. Il est disponible depuis le 8 mars 2024 chez les disquaires. Le disque peut \u00eatre command\u00e9 directement ici :<\/p>\n<p><a href=\"https:\/\/www.resonando.de\/en\/products\/rn-10018-markuspassion\" target=\"_blank\" rel=\"noopener\"><strong>Placez votre commande<\/strong><\/a><\/p>\n<p>Marco Tr\u00fceb, <a href=\"https:\/\/tsign.ch\/en\/\" target=\"_blank\" rel=\"noopener\"><strong>T&rsquo;SIGN<\/strong><\/a>, est graphiste de ce projet. <a href=\"https:\/\/tsign.ch\/en\/projektportfolio\/cd-und-buch\" target=\"_blank\" rel=\"noopener\"><strong>Des photos du CD et du coffret sont visibles ici<\/strong><\/a>.<\/p>\n<p><span style=\"font-size: 32px;\"><a href=\"https:\/\/www.markuspassion.org\/wp-content\/uploads\/2024\/06\/untouched_66057cba754de-scaled.jpg\" target=\"_blank\" rel=\"noopener\"><img decoding=\"async\" class=\"alignnone wp-image-1695\" src=\"https:\/\/www.markuspassion.org\/wp-content\/uploads\/2024\/06\/untouched_66057cba754de-scaled.jpg\" alt=\"\" width=\"756\" height=\"504\" srcset=\"https:\/\/markuspassion.org\/wp-content\/uploads\/2024\/06\/untouched_66057cba754de-66x44.jpg 66w, https:\/\/markuspassion.org\/wp-content\/uploads\/2024\/06\/untouched_66057cba754de-177x118.jpg 177w, https:\/\/markuspassion.org\/wp-content\/uploads\/2024\/06\/untouched_66057cba754de-200x133.jpg 200w, https:\/\/markuspassion.org\/wp-content\/uploads\/2024\/06\/untouched_66057cba754de-300x200.jpg 300w, https:\/\/markuspassion.org\/wp-content\/uploads\/2024\/06\/untouched_66057cba754de-320x213.jpg 320w, https:\/\/markuspassion.org\/wp-content\/uploads\/2024\/06\/untouched_66057cba754de-400x267.jpg 400w, https:\/\/markuspassion.org\/wp-content\/uploads\/2024\/06\/untouched_66057cba754de-460x307.jpg 460w, https:\/\/markuspassion.org\/wp-content\/uploads\/2024\/06\/untouched_66057cba754de-540x360.jpg 540w, https:\/\/markuspassion.org\/wp-content\/uploads\/2024\/06\/untouched_66057cba754de-600x400.jpg 600w, https:\/\/markuspassion.org\/wp-content\/uploads\/2024\/06\/untouched_66057cba754de-669x446.jpg 669w, https:\/\/markuspassion.org\/wp-content\/uploads\/2024\/06\/untouched_66057cba754de-700x467.jpg 700w, https:\/\/markuspassion.org\/wp-content\/uploads\/2024\/06\/untouched_66057cba754de-768x512.jpg 768w, https:\/\/markuspassion.org\/wp-content\/uploads\/2024\/06\/untouched_66057cba754de-800x533.jpg 800w, https:\/\/markuspassion.org\/wp-content\/uploads\/2024\/06\/untouched_66057cba754de-940x627.jpg 940w, https:\/\/markuspassion.org\/wp-content\/uploads\/2024\/06\/untouched_66057cba754de-1024x683.jpg 1024w, https:\/\/markuspassion.org\/wp-content\/uploads\/2024\/06\/untouched_66057cba754de-1200x800.jpg 1200w, https:\/\/markuspassion.org\/wp-content\/uploads\/2024\/06\/untouched_66057cba754de-1536x1024.jpg 1536w, https:\/\/markuspassion.org\/wp-content\/uploads\/2024\/06\/untouched_66057cba754de-scaled.jpg 2560w\" sizes=\"(max-width: 756px) 100vw, 756px\" \/><\/a><a href=\"https:\/\/www.markuspassion.org\/wp-content\/uploads\/2024\/06\/untouched_66057cba754de-scaled.jpg\" target=\"_blank\" rel=\"noopener\">\u00a0<\/a><\/span><\/p>\n<p><span style=\"font-size: 32px;\"><span style=\"font-size: 24px;\">EN MAGASIN<\/span><\/span><\/p>\n<p>Le CD peut \u00e9galement \u00eatre achet\u00e9 chez certains disquaires. Pour l\u2019instant, le CD est disponible aux adresses suivantes, parmi d\u2019autres\u00a0:<\/p>\n<p><span style=\"font-size: 20px;\">B\u00c2LE<\/span><\/p>\n<p><strong>KULTURHAUS BIDER &amp; TANNER<\/strong><br \/>\nAeschenvorstadt 2, CH-4051 Basel<br \/>\n<strong><a href=\"tel: +41612069999\">+41 61 206 99 99<\/a><\/strong>\u00a0 \u00a0 \u00a0 \u00a0<strong><a href=\"http:\/\/www.biderundtanner.ch\/\" target=\"_blank\" rel=\"noopener\">www.biderundtanner.ch<\/a><\/strong><\/p>\n<p><span style=\"font-size: 20px;\">VIENNE<\/span><\/p>\n<p><strong>GRAMOLA &#8211; DAS KLASSIK-SPEZIALHAUS<\/strong><br \/>\nGraben 16, A-1010 Wien<br \/>\n<a href=\"tel:+43 1 533 50 34\"><strong>+43 1 533 50 34<\/strong><\/a>\u00a0 \u00a0 \u00a0 \u00a0<strong><a href=\"http:\/\/www.gramola.at\/\" target=\"_blank\" rel=\"noopener\">www.gramola.at<\/a><\/strong><\/p>\n<p><strong>TEUCHTLER SCHALLPLATTENHANDEL &amp; ANTIQUARIAT<\/strong><br \/>\nWindm\u00fchlgasse 10, A-1060 Wien<br \/>\n<strong><a href=\"tel:+43 1 586 21 33\">+43 1 586 21 33<\/a><\/strong>\u00a0 \u00a0 \u00a0 \u00a0<strong><a href=\"http:\/\/www.alt-neu.shop\/\" target=\"_blank\" rel=\"noopener\">www.alt-neu.shop<\/a><\/strong><\/p>\n<p><span style=\"font-size: 20px;\">BERLIN<\/span><\/p>\n<p><strong>DUSSMANN<\/strong> <strong>KULTUR-KAUFHAUS<\/strong><br \/>\n<span class=\"value\">Friedrichstra\u00dfe 90, D-10117 Berlin<\/span><br \/>\n<strong><a href=\"tel:+41 61 206 99 99\">+49 <span class=\"value\">30 20 25 11 11<\/span><\/a><\/strong>\u00a0 \u00a0 \u00a0 \u00a0<a href=\"https:\/\/www.kulturkaufhaus.de\/de\/detail\/ISBN-4032324100186\/Nikolaus-Matthes-Markuspassion-Poplutz-Johannsen-Perez-Boog-Laabs-Helm-Gli-Aspetti-Matthes\" target=\"_blank\" rel=\"noopener\"><strong>www.kulturkaufhaus.de<\/strong><\/a><\/p>\n<p><span style=\"font-size: 20px;\">BINNINGEN<\/span><\/p>\n<p><strong>BIRSIG-BUCHHANDLUNG<\/strong><br \/>\nHauptstrasse 104, CH-4102 Binningen<br \/>\n<strong><a href=\"tel:+41 61 206 99 99\">+41 61 421 48 00<\/a><\/strong>\u00a0 \u00a0 \u00a0 \u00a0<a href=\"http:\/\/www.birsigbuchhandlung.ch\/\" target=\"_blank\" rel=\"noopener\"><strong>www.birsigbuchhandlung.ch<\/strong><\/a><\/p>\n<p><span style=\"font-size: 32px;\"><br \/>\n<span style=\"font-size: 24px;\">STREAMING<\/span><\/span><\/p>\n<p>La Passion selon St Marc est \u00e9galement disponible sur les plateformes num\u00e9riques streaming\u00a0:<\/p>\n<p><strong><a href=\"https:\/\/resonando.bandcamp.com\/album\/markuspassion?from=search&amp;search_item_id=63576686&amp;search_item_type=a&amp;search_match_part=%3F&amp;search_page_id=3293912129&amp;search_page_no=1&amp;search_rank=1&amp;search_sig=20c8e077ca3cf86a056ba32987d0a781\" target=\"_blank\" rel=\"noopener\">Bandcamp<\/a><\/strong><\/p>\n<p><strong><a href=\"https:\/\/music.apple.com\/ca\/album\/markuspassion\/1731424556\" target=\"_blank\" rel=\"noopener\">Apple Music<\/a><\/strong><\/p>\n<p><strong><a href=\"https:\/\/open.spotify.com\/intl-de\/album\/1Tr5IpVtCHAxchCjtsFZqD\" target=\"_blank\" rel=\"noopener\">Spotify<\/a><\/strong><\/p>\n<p><strong><a href=\"https:\/\/www.youtube.com\/playlist?list=OLAK5uy_kY1_pznwUFblo_WwNaal5aQptGwK5pz6Y\" target=\"_blank\" rel=\"noopener\">YouTube Music<\/a><\/strong><\/p>\n<p><strong><a href=\"https:\/\/www.amazon.de\/dp\/B0CTQVVNXT\/ref=sr_1_1?crid=24185PFOEK15L&amp;dib=eyJ2IjoiMSJ9.tmML8SZgE-YeW6x_CVeAFYFEmIZzNwZ3WmPJLtIBbJi6_MFQvsbsg6PwzYLXvl8ZOGk4Hve7xX6gXSgs4vQ21XmQ4hnGll2DQHxwdt7nb-GdG1abw8cGBQo5w3YmaGSxXauzBsdJFHPL4nbpanYYWHVRZwWXg35kHPvLWAix0SOvuuNDmhzh745XGGlJxXVCA6zNOybzQYPxRPayAMt1-oGFh_r5h33c0EfAza5l4-Y.wA6ynrOYjhuSj0QHpyyD9noDXta1fwThEuvpX3wHUpQ&amp;dib_tag=se&amp;keywords=markuspassion&amp;qid=1708335385&amp;s=dmusic&amp;sprefix=markuspassion,digital-music,91&amp;sr=1-1\" target=\"_blank\" rel=\"noopener\">Amazon Music<\/a><\/strong><\/p>\n<p><span style=\"font-size: 32px;\"><br \/>\n<span style=\"font-size: 24px;\">ENREGISTREMENTS AUDIO<\/span><\/span><\/p>\n<p><strong><a href=\"https:\/\/www.gallusmedia.ch\/\" target=\"_blank\" rel=\"noopener\">GALLUS MEDIA AG<\/a><\/strong>, une entreprise pr\u00e9destin\u00e9e \u00e0 enregistrer musique classique \u2013 et surtout baroque \u2013 a produit les enregistrements de g\u00e9n\u00e9rales et de la cr\u00e9ation mondiale \u00e0 l\u2019\u00e9glise St Pierre \u00e0 Zurich le 22 et 23 mars 2023, ainsi que le concert \u00e0 l\u2019\u00e9glise St Mathieu \u00e0 Lucerne le 26 mars, sous la direction de l\u2019ing\u00e9nieur du son acclam\u00e9 internationalement, Stefan Ritzenthaler. C\u2019est en combinant ces 3 lives qu\u2019on a pu constituer cet enregistrement complet de la Passion selon St Marc, qui veut repr\u00e9senter au plus pr\u00e8s les concerts donn\u00e9s en mars 2023.<\/p>\n<p><strong>Enregistrement<\/strong>\u00a0 <a href=\"https:\/\/gallusmedia.ch\/\" target=\"_blank\" rel=\"noopener\"><strong>GALLUS MEDIA AG<\/strong><\/a><br \/>\n<strong>Ing\u00e9nieur du son<\/strong>\u00a0 <a href=\"https:\/\/gallusmedia.ch\/index.php\/ton\/\" target=\"_blank\" rel=\"noopener\"><strong>Stefan Ritzenthaler<\/strong><\/a><br \/>\n<strong>Assistant \u00e0 l&rsquo;enregistrement<\/strong>\u00a0 <a href=\"https:\/\/gallusmedia.ch\/index.php\/team\/\" target=\"_blank\" rel=\"noopener\"><strong>Jonathan Purchase<\/strong><\/a><br \/>\n<strong>Montage\u00a0 <a href=\"http:\/\/www.nikolausmatthes.org\/fr\">Nikolaus Matthes<\/a><\/strong><\/p>\n<p><strong>Producteur ex\u00e9cutif<\/strong>\u00a0 <a href=\"https:\/\/www.resonando.de\/en\/pages\/label-resonando\" target=\"_blank\" rel=\"noopener\"><strong>Johannes J. Wallbrecher, resonando<\/strong><\/a><\/p>\n<p class=\"western\" lang=\"en-US\"><strong><a href=\"https:\/\/www.markuspassion.org\/fr\/echo\/\" target=\"_blank\" rel=\"noopener\">Veuillez consulter la presse ici (\u00c9cho).<\/a><\/strong><\/p>\n<p><span style=\"font-size: 32px;\"><br \/>\n<span style=\"font-size: 24px;\">VID\u00c9O<\/span><\/span><\/p>\n<p>De mars 2025 \u00e0 f\u00e9vrier 2026, nous pr\u00e9senterons \u00e0 un rythme mensuel <strong>douze \u00e9pisodes vid\u00e9o<\/strong> sur la Passion selon St-Marc. Chaque \u00e9pisode contient un extrait du concert donn\u00e9 dans l&rsquo;\u00e9glise de St-Matthieu de Lucerne le 26 mars 2023, des commentaires de Nikolaus Matthes ainsi que des images de Venise, la ville de St-Marc.<\/p>\n<p><strong><a href=\"https:\/\/www.markuspassion.org\/fr\/video\/\" target=\"_blank\" rel=\"noopener\">Cliquez ici pour acc\u00e9der directement aux \u00e9pisodes vid\u00e9o.<\/a><\/strong><\/p>\n<\/div><\/div><\/div><\/div><\/div>\n","protected":false},"excerpt":{"rendered":"","protected":false},"author":1,"featured_media":0,"parent":0,"menu_order":0,"comment_status":"closed","ping_status":"closed","template":"100-width.php","meta":{"footnotes":""},"class_list":["post-2732","page","type-page","status-publish","hentry"],"_links":{"self":[{"href":"https:\/\/markuspassion.org\/fr\/wp-json\/wp\/v2\/pages\/2732","targetHints":{"allow":["GET"]}}],"collection":[{"href":"https:\/\/markuspassion.org\/fr\/wp-json\/wp\/v2\/pages"}],"about":[{"href":"https:\/\/markuspassion.org\/fr\/wp-json\/wp\/v2\/types\/page"}],"author":[{"embeddable":true,"href":"https:\/\/markuspassion.org\/fr\/wp-json\/wp\/v2\/users\/1"}],"replies":[{"embeddable":true,"href":"https:\/\/markuspassion.org\/fr\/wp-json\/wp\/v2\/comments?post=2732"}],"version-history":[{"count":21,"href":"https:\/\/markuspassion.org\/fr\/wp-json\/wp\/v2\/pages\/2732\/revisions"}],"predecessor-version":[{"id":4863,"href":"https:\/\/markuspassion.org\/fr\/wp-json\/wp\/v2\/pages\/2732\/revisions\/4863"}],"wp:attachment":[{"href":"https:\/\/markuspassion.org\/fr\/wp-json\/wp\/v2\/media?parent=2732"}],"curies":[{"name":"wp","href":"https:\/\/api.w.org\/{rel}","templated":true}]}}